{"id":4423,"date":"2026-01-04T13:14:53","date_gmt":"2026-01-04T11:14:53","guid":{"rendered":"https:\/\/mointellect.com\/?page_id=4423"},"modified":"2026-03-05T09:52:03","modified_gmt":"2026-03-05T07:52:03","slug":"zasady-uzytkowania","status":"publish","type":"page","link":"https:\/\/mointellect.com\/pl\/naudojimosi-taisykles\/","title":{"rendered":"Zasady u\u017cytkowania"},"content":{"rendered":"<div data-elementor-type=\"wp-page\" data-elementor-id=\"4423\" class=\"elementor elementor-4423\" data-elementor-settings=\"{&quot;element_pack_global_tooltip_width&quot;:{&quot;unit&quot;:&quot;px&quot;,&quot;size&quot;:&quot;&quot;,&quot;sizes&quot;:[]},&quot;element_pack_global_tooltip_width_tablet&quot;:{&quot;unit&quot;:&quot;px&quot;,&quot;size&quot;:&quot;&quot;,&quot;sizes&quot;:[]},&quot;element_pack_global_tooltip_width_mobile&quot;:{&quot;unit&quot;:&quot;px&quot;,&quot;size&quot;:&quot;&quot;,&quot;sizes&quot;:[]},&quot;element_pack_global_tooltip_padding&quot;:{&quot;unit&quot;:&quot;px&quot;,&quot;top&quot;:&quot;&quot;,&quot;right&quot;:&quot;&quot;,&quot;bottom&quot;:&quot;&quot;,&quot;left&quot;:&quot;&quot;,&quot;isLinked&quot;:true},&quot;element_pack_global_tooltip_padding_tablet&quot;:{&quot;unit&quot;:&quot;px&quot;,&quot;top&quot;:&quot;&quot;,&quot;right&quot;:&quot;&quot;,&quot;bottom&quot;:&quot;&quot;,&quot;left&quot;:&quot;&quot;,&quot;isLinked&quot;:true},&quot;element_pack_global_tooltip_padding_mobile&quot;:{&quot;unit&quot;:&quot;px&quot;,&quot;top&quot;:&quot;&quot;,&quot;right&quot;:&quot;&quot;,&quot;bottom&quot;:&quot;&quot;,&quot;left&quot;:&quot;&quot;,&quot;isLinked&quot;:true},&quot;element_pack_global_tooltip_border_radius&quot;:{&quot;unit&quot;:&quot;px&quot;,&quot;top&quot;:&quot;&quot;,&quot;right&quot;:&quot;&quot;,&quot;bottom&quot;:&quot;&quot;,&quot;left&quot;:&quot;&quot;,&quot;isLinked&quot;:true},&quot;element_pack_global_tooltip_border_radius_tablet&quot;:{&quot;unit&quot;:&quot;px&quot;,&quot;top&quot;:&quot;&quot;,&quot;right&quot;:&quot;&quot;,&quot;bottom&quot;:&quot;&quot;,&quot;left&quot;:&quot;&quot;,&quot;isLinked&quot;:true},&quot;element_pack_global_tooltip_border_radius_mobile&quot;:{&quot;unit&quot;:&quot;px&quot;,&quot;top&quot;:&quot;&quot;,&quot;right&quot;:&quot;&quot;,&quot;bottom&quot;:&quot;&quot;,&quot;left&quot;:&quot;&quot;,&quot;isLinked&quot;:true}}\" data-elementor-post-type=\"page\">\n\t\t\t\t<div class=\"elementor-element elementor-element-8c18563 e-flex e-con-boxed e-con e-parent\" data-id=\"8c18563\" data-element_type=\"container\" data-e-type=\"container\">\n\t\t\t\t\t<div class=\"e-con-inner\">\n\t\t\t\t<div class=\"elementor-element elementor-element-e2cf779 elementor-widget elementor-widget-text-editor\" data-id=\"e2cf779\" data-element_type=\"widget\" data-e-type=\"widget\" data-widget_type=\"text-editor.default\">\n\t\t\t\t\t\t\t\t\t<h2>ZASADY U\u017bYTKOWANIA<\/h2>\n\n<h3>1. Postanowienia og\u00f3lne<\/h3>\n<p><strong>1.1.<\/strong> Niniejszy Regulamin okre\u015bla zasady korzystania ze stron internetowych www.mointellect.lt i www.mointellect.com (zwanych dalej \"Stron\u0105\").<\/p>\n<p><strong>1.2.<\/strong> Administratorem Serwisu jest MB \"Mohub\", kod firmy 307022080 (dalej jako \"Us\u0142ugodawca\").<\/p>\n<p><strong>1.3.<\/strong> Uzyskuj\u0105c dost\u0119p do Witryny, odwiedzaj\u0105cy potwierdza, \u017ce zapozna\u0142 si\u0119 z niniejszymi Warunkami, Polityk\u0105 prywatno\u015bci i Polityk\u0105 plik\u00f3w cookie i zgadza si\u0119 ich przestrzega\u0107.<\/p>\n\n<h3>2) W\u0142asno\u015b\u0107 intelektualna<\/h3>\n<p><strong>2.1.<\/strong> Ca\u0142a zawarto\u015b\u0107 Witryny (tekst, zdj\u0119cia, logo, elementy projektu, oprogramowanie) stanowi w\u0142asno\u015b\u0107 intelektualn\u0105 Mohub MB lub jej partner\u00f3w.<\/p>\n<p><strong>2.2.<\/strong> Kopiowanie, rozpowszechnianie lub wykorzystywanie w inny spos\u00f3b zawarto\u015bci Serwisu w celach komercyjnych bez pisemnej zgody Us\u0142ugodawcy jest surowo zabronione.<\/p>\n\n<h3>3. Prawa i obowi\u0105zki konsument\u00f3w<\/h3>\n<p><strong>3.1.<\/strong> U\u017cytkownik zobowi\u0105zuje si\u0119 do podania prawid\u0142owych informacji w formularzach rejestracyjnych lub podczas subskrypcji biuletyn\u00f3w.<\/p>\n<p><strong>3.2.<\/strong> U\u017cytkownik nie mo\u017ce korzysta\u0107 z Witryny w celu wykonywania jakichkolwiek czynno\u015bci, kt\u00f3re mog\u0142yby zaszkodzi\u0107 dzia\u0142aniu, bezpiecze\u0144stwu lub innym u\u017cytkownikom Witryny.<\/p>\n\n<h3>4. Ograniczenie odpowiedzialno\u015bci<\/h3>\n<p><strong>4.1.<\/strong> Us\u0142ugodawca nie ponosi odpowiedzialno\u015bci za zak\u0142\u00f3cenia w dzia\u0142aniu Serwisu spowodowane problemami technicznymi, dzia\u0142aniami os\u00f3b trzecich lub si\u0142\u0105 wy\u017csz\u0105 (<em>si\u0142a wy\u017csza<\/em>) okoliczno\u015bci.<\/p>\n<p><strong>4.2.<\/strong> Witryna mo\u017ce zawiera\u0107 \u0142\u0105cza do innych witryn internetowych (np. witryn partnerskich), ale Us\u0142ugodawca nie ponosi odpowiedzialno\u015bci za tre\u015b\u0107 ani polityk\u0119 prywatno\u015bci tych witryn.<\/p>\n\n<h3>5. Postanowienia ko\u0144cowe<\/h3>\n<p><strong>5.1.<\/strong> Niniejszy Regulamin podlega prawu Republiki Litewskiej.<\/p>\n<p><strong>5.2.<\/strong> Wszelkie spory b\u0119d\u0105 rozstrzygane w drodze negocjacji, a w przypadku nieosi\u0105gni\u0119cia porozumienia, przez s\u0105dy Republiki Litewskiej.<\/p>\n<p><strong>5.3.<\/strong> Us\u0142ugodawca zastrzega sobie prawo do zmiany Regulaminu w dowolnym czasie. Zmiany wchodz\u0105 w \u017cycie z chwil\u0105 ich opublikowania na Stronie Internetowej.<\/p>\n\n<p><em>Ostatnia aktualizacja: 4 stycznia 2026 r.<\/em><\/p>\t\t\t\t\t\t\t\t<\/div>\n\t\t\t\t\t<\/div>\n\t\t\t\t<\/div>\n\t\t\t\t<\/div>","protected":false},"excerpt":{"rendered":"<p>NAUDOJIMOSI TAISYKL\u0116S 1. Bendrosios nuostatos 1.1. \u0160ios taisykl\u0117s nustato naudojimosi interneto svetain\u0117mis www.mointellect.lt ir www.mointellect.com (toliau \u2013 \u201eSvetain\u0117\u201c) tvark\u0105. 1.2. Svetain\u0119 administruoja [&hellip;]<\/p>\n","protected":false},"author":9,"featured_media":0,"parent":0,"menu_order":0,"comment_status":"closed","ping_status":"closed","template":"","meta":{"footnotes":""},"class_list":["post-4423","page","type-page","status-publish","hentry"],"_links":{"self":[{"href":"https:\/\/mointellect.com\/pl\/wp-json\/wp\/v2\/pages\/4423","targetHints":{"allow":["GET"]}}],"collection":[{"href":"https:\/\/mointellect.com\/pl\/wp-json\/wp\/v2\/pages"}],"about":[{"href":"https:\/\/mointellect.com\/pl\/wp-json\/wp\/v2\/types\/page"}],"author":[{"embeddable":true,"href":"https:\/\/mointellect.com\/pl\/wp-json\/wp\/v2\/users\/9"}],"replies":[{"embeddable":true,"href":"https:\/\/mointellect.com\/pl\/wp-json\/wp\/v2\/comments?post=4423"}],"version-history":[{"count":0,"href":"https:\/\/mointellect.com\/pl\/wp-json\/wp\/v2\/pages\/4423\/revisions"}],"wp:attachment":[{"href":"https:\/\/mointellect.com\/pl\/wp-json\/wp\/v2\/media?parent=4423"}],"curies":[{"name":"wp","href":"https:\/\/api.w.org\/{rel}","templated":true}]}}