{"id":4412,"date":"2026-01-04T13:01:49","date_gmt":"2026-01-04T11:01:49","guid":{"rendered":"https:\/\/mointellect.com\/?page_id=4412"},"modified":"2026-03-05T09:51:29","modified_gmt":"2026-03-05T07:51:29","slug":"polityka-cookies","status":"publish","type":"page","link":"https:\/\/mointellect.com\/pl\/slapuku-politika\/","title":{"rendered":"Polityka dotycz\u0105ca plik\u00f3w cookie"},"content":{"rendered":"<div data-elementor-type=\"wp-page\" data-elementor-id=\"4412\" class=\"elementor elementor-4412\" data-elementor-settings=\"{&quot;element_pack_global_tooltip_width&quot;:{&quot;unit&quot;:&quot;px&quot;,&quot;size&quot;:&quot;&quot;,&quot;sizes&quot;:[]},&quot;element_pack_global_tooltip_width_tablet&quot;:{&quot;unit&quot;:&quot;px&quot;,&quot;size&quot;:&quot;&quot;,&quot;sizes&quot;:[]},&quot;element_pack_global_tooltip_width_mobile&quot;:{&quot;unit&quot;:&quot;px&quot;,&quot;size&quot;:&quot;&quot;,&quot;sizes&quot;:[]},&quot;element_pack_global_tooltip_padding&quot;:{&quot;unit&quot;:&quot;px&quot;,&quot;top&quot;:&quot;&quot;,&quot;right&quot;:&quot;&quot;,&quot;bottom&quot;:&quot;&quot;,&quot;left&quot;:&quot;&quot;,&quot;isLinked&quot;:true},&quot;element_pack_global_tooltip_padding_tablet&quot;:{&quot;unit&quot;:&quot;px&quot;,&quot;top&quot;:&quot;&quot;,&quot;right&quot;:&quot;&quot;,&quot;bottom&quot;:&quot;&quot;,&quot;left&quot;:&quot;&quot;,&quot;isLinked&quot;:true},&quot;element_pack_global_tooltip_padding_mobile&quot;:{&quot;unit&quot;:&quot;px&quot;,&quot;top&quot;:&quot;&quot;,&quot;right&quot;:&quot;&quot;,&quot;bottom&quot;:&quot;&quot;,&quot;left&quot;:&quot;&quot;,&quot;isLinked&quot;:true},&quot;element_pack_global_tooltip_border_radius&quot;:{&quot;unit&quot;:&quot;px&quot;,&quot;top&quot;:&quot;&quot;,&quot;right&quot;:&quot;&quot;,&quot;bottom&quot;:&quot;&quot;,&quot;left&quot;:&quot;&quot;,&quot;isLinked&quot;:true},&quot;element_pack_global_tooltip_border_radius_tablet&quot;:{&quot;unit&quot;:&quot;px&quot;,&quot;top&quot;:&quot;&quot;,&quot;right&quot;:&quot;&quot;,&quot;bottom&quot;:&quot;&quot;,&quot;left&quot;:&quot;&quot;,&quot;isLinked&quot;:true},&quot;element_pack_global_tooltip_border_radius_mobile&quot;:{&quot;unit&quot;:&quot;px&quot;,&quot;top&quot;:&quot;&quot;,&quot;right&quot;:&quot;&quot;,&quot;bottom&quot;:&quot;&quot;,&quot;left&quot;:&quot;&quot;,&quot;isLinked&quot;:true}}\" data-elementor-post-type=\"page\">\n\t\t\t\t<div class=\"elementor-element elementor-element-cb1c0ce e-flex e-con-boxed e-con e-parent\" data-id=\"cb1c0ce\" data-element_type=\"container\" data-e-type=\"container\">\n\t\t\t\t\t<div class=\"e-con-inner\">\n\t\t\t\t<div class=\"elementor-element elementor-element-73d4df3 elementor-widget elementor-widget-text-editor\" data-id=\"73d4df3\" data-element_type=\"widget\" data-e-type=\"widget\" data-widget_type=\"text-editor.default\">\n\t\t\t\t\t\t\t\t\t<h2>POLITYKA PLIK\u00d3W COOKIE MOINTELLECT<\/h2>\n\n<h3>Czym s\u0105 pliki cookie?<\/h3>\n<p>Cookie. <em>ciasteczko<\/em>) to niewielki plik tekstowy zapisywany przez witryn\u0119 internetow\u0105 na komputerze lub urz\u0105dzeniu mobilnym u\u017cytkownika podczas jej odwiedzania. Pliki cookie umo\u017cliwiaj\u0105 witrynie \"zapami\u0119tanie\" dzia\u0142a\u0144 i preferencji u\u017cytkownika przez okre\u015blony czas.<\/p>\n\n<h3>Jakich plik\u00f3w cookie i technologii \u015bledzenia u\u017cywamy?<\/h3>\n<p>Opr\u00f3cz standardowych plik\u00f3w cookie u\u017cywanych do zapewnienia funkcjonowania strony internetowej, korzystamy r\u00f3wnie\u017c z narz\u0119dzi stron trzecich do cel\u00f3w marketingowych i statystycznych:<\/p>\n\n<ul>\n    <li><strong>Niezb\u0119dne pliki cookie:<\/strong> Wymagane do prawid\u0142owego funkcjonowania strony internetowej (np. obs\u0142uga sesji).<\/li>\n    <li><strong>Analityczne pliki cookie (Google Analytics):<\/strong> Pomaga nam zrozumie\u0107, w jaki spos\u00f3b odwiedzaj\u0105cy korzystaj\u0105 z witryny, kt\u00f3re jej cz\u0119\u015bci s\u0105 najbardziej popularne. Dane s\u0105 gromadzone anonimowo.<\/li>\n    <li><strong>Marketingowe i targetuj\u0105ce pliki cookie (Google Ads, Meta Pixel):<\/strong>\n        <ul>\n            <li><em>Meta Pixel (Facebook):<\/em> To narz\u0119dzie pozwala nam zobaczy\u0107, jakie dzia\u0142ania u\u017cytkownik podj\u0105\u0142 na naszej stronie internetowej po przej\u015bciu z reklamy na Facebooku lub Instagramie. Pomaga nam to wy\u015bwietla\u0107 bardziej trafne reklamy w przysz\u0142o\u015bci.<\/li>\n            <li><em>Reklamy Google:<\/em> S\u0142u\u017cy do dostarczania u\u017cytkownikowi dopasowanych ofert w wyszukiwarce Google i sieciach partnerskich oraz do pomiaru skuteczno\u015bci reklam.<\/li>\n        <\/ul>\n    <\/li>\n<\/ul>\n\n<h3>Lista u\u017cywanych plik\u00f3w cookie<\/h3>\n<table style=\"width: 100%; border-collapse: collapse; margin-top: 20px;\">\n    <thead>\n        <tr style=\"background-color: #f2f2f2; text-align: left;\">\n            <th style=\"padding: 10px; border: 1px solid #ddd;\">Nazwa<\/th>\n            <th style=\"padding: 10px; border: 1px solid #ddd;\">Kategoria<\/th>\n            <th style=\"padding: 10px; border: 1px solid #ddd;\">Cel<\/th>\n            <th style=\"padding: 10px; border: 1px solid #ddd;\">Wa\u017cno\u015b\u0107<\/th>\n        <\/tr>\n    <\/thead>\n    <tbody>\n        <tr>\n            <td style=\"padding: 10px; border: 1px solid #ddd;\">PHPSESSID<\/td>\n            <td style=\"padding: 10px; border: 1px solid #ddd;\">Wymagane<\/td>\n            <td style=\"padding: 10px; border: 1px solid #ddd;\">Zapisuje stan sesji u\u017cytkownika.<\/td>\n            <td style=\"padding: 10px; border: 1px solid #ddd;\">Sesja<\/td>\n        <\/tr>\n        <tr>\n            <td style=\"padding: 10px; border: 1px solid #ddd;\">_ga<\/td>\n            <td style=\"padding: 10px; border: 1px solid #ddd;\">Statystyczny<\/td>\n            <td style=\"padding: 10px; border: 1px solid #ddd;\">Google Analytics: rejestruje unikalny identyfikator do cel\u00f3w statystycznych.<\/td>\n            <td style=\"padding: 10px; border: 1px solid #ddd;\">2 lata<\/td>\n        <\/tr>\n        <tr>\n            <td style=\"padding: 10px; border: 1px solid #ddd;\">_gid<\/td>\n            <td style=\"padding: 10px; border: 1px solid #ddd;\">Statystyczny<\/td>\n            <td style=\"padding: 10px; border: 1px solid #ddd;\">Google Analytics: statystyki dotycz\u0105ce zachowania u\u017cytkownik\u00f3w.<\/td>\n            <td style=\"padding: 10px; border: 1px solid #ddd;\">1 dzie\u0144<\/td>\n        <\/tr>\n        <tr>\n            <td style=\"padding: 10px; border: 1px solid #ddd;\">_fbp<\/td>\n            <td style=\"padding: 10px; border: 1px solid #ddd;\">Marketing<\/td>\n            <td style=\"padding: 10px; border: 1px solid #ddd;\">Meta Pixel: u\u017cywany do optymalizacji reklam na Facebooku.<\/td>\n            <td style=\"padding: 10px; border: 1px solid #ddd;\">3 miesi\u0105ce.<\/td>\n        <\/tr>\n        <tr>\n            <td style=\"padding: 10px; border: 1px solid #ddd;\">ads\/ga-audiences<\/td>\n            <td style=\"padding: 10px; border: 1px solid #ddd;\">Marketing<\/td>\n            <td style=\"padding: 10px; border: 1px solid #ddd;\">Google Ads: u\u017cywane do remarketingu.<\/td>\n            <td style=\"padding: 10px; border: 1px solid #ddd;\">Sesja<\/td>\n        <\/tr>\n    <\/tbody>\n<\/table>\n\n<h3>Jak zarz\u0105dza\u0107 plikami cookie?<\/h3>\n<p>U\u017cytkownik mo\u017ce w ka\u017cdej chwili usun\u0105\u0107 pliki cookie w swojej przegl\u0105darce lub zmieni\u0107 ustawienia tak, aby pliki cookie nie by\u0142y akceptowane. Wi\u0119cej informacji: <a href=\"http:\/\/www.allaboutcookies.org\" target=\"_blank\" rel=\"noopener\">www.allaboutcookies.org<\/a>. U\u017cytkownik mo\u017ce r\u00f3wnie\u017c skorzysta\u0107 z narz\u0119dzia do zarz\u0105dzania plikami cookie na naszej stronie internetowej, aby zmieni\u0107 swoje zgody.<\/p>\t\t\t\t\t\t\t\t<\/div>\n\t\t\t\t\t<\/div>\n\t\t\t\t<\/div>\n\t\t\t\t<\/div>","protected":false},"excerpt":{"rendered":"<p>MOINTELLECT SLAPUK\u0172 POLITIKA Kas yra slapukai? Slapukas (angl. cookie) \u2013 tai nedidel\u0117 teksto rinkmena, kuri\u0105 svetain\u0117 i\u0161saugo J\u016bs\u0173 kompiuteryje arba mobiliajame \u012frenginyje, [&hellip;]<\/p>\n","protected":false},"author":9,"featured_media":0,"parent":0,"menu_order":0,"comment_status":"closed","ping_status":"closed","template":"","meta":{"footnotes":""},"class_list":["post-4412","page","type-page","status-publish","hentry"],"_links":{"self":[{"href":"https:\/\/mointellect.com\/pl\/wp-json\/wp\/v2\/pages\/4412","targetHints":{"allow":["GET"]}}],"collection":[{"href":"https:\/\/mointellect.com\/pl\/wp-json\/wp\/v2\/pages"}],"about":[{"href":"https:\/\/mointellect.com\/pl\/wp-json\/wp\/v2\/types\/page"}],"author":[{"embeddable":true,"href":"https:\/\/mointellect.com\/pl\/wp-json\/wp\/v2\/users\/9"}],"replies":[{"embeddable":true,"href":"https:\/\/mointellect.com\/pl\/wp-json\/wp\/v2\/comments?post=4412"}],"version-history":[{"count":0,"href":"https:\/\/mointellect.com\/pl\/wp-json\/wp\/v2\/pages\/4412\/revisions"}],"wp:attachment":[{"href":"https:\/\/mointellect.com\/pl\/wp-json\/wp\/v2\/media?parent=4412"}],"curies":[{"name":"wp","href":"https:\/\/api.w.org\/{rel}","templated":true}]}}