{"id":4408,"date":"2026-01-04T13:01:08","date_gmt":"2026-01-04T11:01:08","guid":{"rendered":"https:\/\/mointellect.com\/?page_id=4408"},"modified":"2026-03-05T09:52:12","modified_gmt":"2026-03-05T07:52:12","slug":"polityka-prywatnosci","status":"publish","type":"page","link":"https:\/\/mointellect.com\/pl\/privatumo-politika\/","title":{"rendered":"Polityka prywatno\u015bci"},"content":{"rendered":"<div data-elementor-type=\"wp-page\" data-elementor-id=\"4408\" class=\"elementor elementor-4408\" data-elementor-settings=\"{&quot;element_pack_global_tooltip_width&quot;:{&quot;unit&quot;:&quot;px&quot;,&quot;size&quot;:&quot;&quot;,&quot;sizes&quot;:[]},&quot;element_pack_global_tooltip_width_tablet&quot;:{&quot;unit&quot;:&quot;px&quot;,&quot;size&quot;:&quot;&quot;,&quot;sizes&quot;:[]},&quot;element_pack_global_tooltip_width_mobile&quot;:{&quot;unit&quot;:&quot;px&quot;,&quot;size&quot;:&quot;&quot;,&quot;sizes&quot;:[]},&quot;element_pack_global_tooltip_padding&quot;:{&quot;unit&quot;:&quot;px&quot;,&quot;top&quot;:&quot;&quot;,&quot;right&quot;:&quot;&quot;,&quot;bottom&quot;:&quot;&quot;,&quot;left&quot;:&quot;&quot;,&quot;isLinked&quot;:true},&quot;element_pack_global_tooltip_padding_tablet&quot;:{&quot;unit&quot;:&quot;px&quot;,&quot;top&quot;:&quot;&quot;,&quot;right&quot;:&quot;&quot;,&quot;bottom&quot;:&quot;&quot;,&quot;left&quot;:&quot;&quot;,&quot;isLinked&quot;:true},&quot;element_pack_global_tooltip_padding_mobile&quot;:{&quot;unit&quot;:&quot;px&quot;,&quot;top&quot;:&quot;&quot;,&quot;right&quot;:&quot;&quot;,&quot;bottom&quot;:&quot;&quot;,&quot;left&quot;:&quot;&quot;,&quot;isLinked&quot;:true},&quot;element_pack_global_tooltip_border_radius&quot;:{&quot;unit&quot;:&quot;px&quot;,&quot;top&quot;:&quot;&quot;,&quot;right&quot;:&quot;&quot;,&quot;bottom&quot;:&quot;&quot;,&quot;left&quot;:&quot;&quot;,&quot;isLinked&quot;:true},&quot;element_pack_global_tooltip_border_radius_tablet&quot;:{&quot;unit&quot;:&quot;px&quot;,&quot;top&quot;:&quot;&quot;,&quot;right&quot;:&quot;&quot;,&quot;bottom&quot;:&quot;&quot;,&quot;left&quot;:&quot;&quot;,&quot;isLinked&quot;:true},&quot;element_pack_global_tooltip_border_radius_mobile&quot;:{&quot;unit&quot;:&quot;px&quot;,&quot;top&quot;:&quot;&quot;,&quot;right&quot;:&quot;&quot;,&quot;bottom&quot;:&quot;&quot;,&quot;left&quot;:&quot;&quot;,&quot;isLinked&quot;:true}}\" data-elementor-post-type=\"page\">\n\t\t\t\t<div class=\"elementor-element elementor-element-5765dad e-flex e-con-boxed e-con e-parent\" data-id=\"5765dad\" data-element_type=\"container\" data-e-type=\"container\">\n\t\t\t\t\t<div class=\"e-con-inner\">\n\t\t\t\t<div class=\"elementor-element elementor-element-213485f elementor-widget elementor-widget-text-editor\" data-id=\"213485f\" data-element_type=\"widget\" data-e-type=\"widget\" data-widget_type=\"text-editor.default\">\n\t\t\t\t\t\t\t\t\t<h2>POLITYKA PRYWATNO\u015aCI MOINTELLECT<\/h2>\n\n<h3>ROZDZIA\u0141 I. POSTANOWIENIA OG\u00d3LNE<\/h3>\n<p>Niniejsza polityka prywatno\u015bci informuje o tym, w jaki spos\u00f3b przetwarzamy Twoje dane osobowe, kt\u00f3re nam przekazujesz podczas korzystania ze strony internetowej, rejestracji lub wype\u0142niania formularzy zapyta\u0144. Zapewniamy, \u017ce przetwarzamy dane osobowe u\u017cytkownika zgodnie z og\u00f3lnym rozporz\u0105dzeniem o ochronie danych (RODO), ustaw\u0105 o prawnej ochronie danych osobowych Republiki Litewskiej i innymi aktami prawnymi.<\/p>\n\n<p><strong>Administrator danych:<\/strong> MB \"Mohub\", kod firmy 307022080, e-mail: <a href=\"mailto:labas@mointellect.lt\">labas@mointellect.lt<\/a>.<br>\n<strong>Strona internetowa:<\/strong> www.mointellect.lt (i www.mointellect.com).<\/p>\n\n<p>Mamy prawo do zmiany zasad opisanych w niniejszej Polityce prywatno\u015bci w cz\u0119\u015bci lub w ca\u0142o\u015bci. Powiadomimy u\u017cytkownika o wszelkich zmianach wprowadzonych na tej stronie.<\/p>\n\n<h3>ROZDZIA\u0141 II. CELE, PODSTAWY PRZETWARZANIA I GROMADZONE DANE<\/h3>\n<p>Gromadzimy i przetwarzamy dane u\u017cytkownik\u00f3w w nast\u0119puj\u0105cych celach:<\/p>\n\n<h4>1. Marketing bezpo\u015bredni (biuletyny i oferty)<\/h4>\n<ul>\n    <li><strong>Cel:<\/strong> Wysy\u0142anie biuletyn\u00f3w, ofert i informacji o us\u0142ugach.<\/li>\n    <li><strong>Gromadzenie danych:<\/strong> Imi\u0119 i nazwisko, adres e-mail, nazwa firmy.<\/li>\n    <li><strong>\u0179r\u00f3d\u0142o danych:<\/strong> Dane s\u0105 uzyskiwane podczas wype\u0142niania formularza rejestracyjnego, wyskakuj\u0105cego okienka lub subskrypcji biuletynu.<\/li>\n    <li><strong>Podstawa prawna:<\/strong> Zgoda u\u017cytkownika (art. 6 ust. 1 lit. a) RODO).<\/li>\n    <li><strong>Narz\u0119dzia:<\/strong> Do wysy\u0142ania newsletter\u00f3w u\u017cywamy <strong>\"Mailchimp\"<\/strong> platforma.<\/li>\n<\/ul>\n\n<h4>2. Zarz\u0105dzanie zapytaniami<\/h4>\n<ul>\n    <li><strong>Cel:<\/strong> Odpowiadamy na zapytania za po\u015brednictwem formularza kontaktowego lub poczty elektronicznej.<\/li>\n    <li><strong>Gromadzenie danych:<\/strong> Imi\u0119 i nazwisko, adres e-mail, numer telefonu, nazwa firmy, tre\u015b\u0107 wiadomo\u015bci.<\/li>\n    <li><strong>Podstawa prawna:<\/strong> Uzasadniony interes w udzielaniu odpowiedzi na wnioski (art. 6 ust. 1 lit. f) RODO).<\/li>\n<\/ul>\n\n<h4>3. Analiza skuteczno\u015bci marketingu i reklamy (Google Ads, Meta Pixel)<\/h4>\n<ul>\n    <li><strong>Cel:<\/strong> Analiza zachowa\u0144 u\u017cytkownik\u00f3w na stronie internetowej w celu optymalizacji kampanii reklamowych i wy\u015bwietlania odpowiednich reklam na innych platformach (remarketing).<\/li>\n    <li><strong>Dane:<\/strong> Adres IP, historia odwiedzin, aktywno\u015b\u0107 na stronie. Wi\u0119cej informacji mo\u017cna znale\u017a\u0107 w \"Polityce plik\u00f3w cookie\".<\/li>\n<\/ul>\n\n<h3>ROZDZIA\u0141 III. PRZEKAZYWANIE DANYCH DO PA\u0143STW TRZECICH<\/h3>\n<p>Dane u\u017cytkownika mog\u0105 by\u0107 przegl\u0105dane przez strony trzecie, kt\u00f3re \u015bwiadcz\u0105 nam us\u0142ugi (podmioty przetwarzaj\u0105ce dane). Zapewniamy, \u017ce podmioty te przestrzegaj\u0105 wymog\u00f3w ochrony danych:<\/p>\n<ul>\n    <li><strong>Platforma biuletyn\u00f3w:<\/strong> \"The Rocket Science Group LLC d\/b\/a Mailchimp (USA)\".<\/li>\n    <li><strong>Analiza ruchu na stronie i reklama:<\/strong> \"Google Ireland Limited (Google Analytics, Google Ads) i Meta Platforms Ireland Limited (Meta Pixel).<\/li>\n    <li>Organom \u015bcigania, s\u0105dom lub innym organom publicznym, wy\u0142\u0105cznie w zakresie wymaganym przez obowi\u0105zuj\u0105ce prawo.<\/li>\n<\/ul>\n\n<h3>ROZDZIA\u0141 IV. PRAWA OS\u00d3B, KT\u00d3RYCH DANE DOTYCZ\u0104<\/h3>\n<p>Masz prawo do:<\/p>\n<ul>\n    <li>Dost\u0119p do przetwarzanych danych.<\/li>\n    <li>Wymaga\u0107 korekty niedok\u0142adnych danych.<\/li>\n    <li>\u017b\u0105danie usuni\u0119cia danych (\"prawo do bycia zapomnianym\"), na przyk\u0142ad poprzez wycofanie zgody na otrzymywanie newsletter\u00f3w.<\/li>\n    <li>Sprzeciw wobec przetwarzania danych do cel\u00f3w marketingu bezpo\u015bredniego.<\/li>\n<\/ul>\n<p>Aby skorzysta\u0107 ze swoich praw, nale\u017cy skontaktowa\u0107 si\u0119 z nami za po\u015brednictwem poczty elektronicznej: <a href=\"mailto:labas@mointellect.lt\"><strong>labas@mointellect.lt<\/strong><\/a>.<\/p>\n<p><em>Ostatnia aktualizacja: 4 stycznia 2026 r.<\/em><\/p>\t\t\t\t\t\t\t\t<\/div>\n\t\t\t\t\t<\/div>\n\t\t\t\t<\/div>\n\t\t\t\t<\/div>","protected":false},"excerpt":{"rendered":"<p>MOINTELLECT PRIVATUMO POLITIKA I SKYRIUS. BENDROSIOS NUOSTATOS \u0160ia privatumo politika informuojame Jus apie tai, kaip mes tvarkome J\u016bs\u0173 asmens duomenis, kuriuos J\u016bs [&hellip;]<\/p>\n","protected":false},"author":9,"featured_media":0,"parent":0,"menu_order":0,"comment_status":"closed","ping_status":"closed","template":"","meta":{"footnotes":""},"class_list":["post-4408","page","type-page","status-publish","hentry"],"_links":{"self":[{"href":"https:\/\/mointellect.com\/pl\/wp-json\/wp\/v2\/pages\/4408","targetHints":{"allow":["GET"]}}],"collection":[{"href":"https:\/\/mointellect.com\/pl\/wp-json\/wp\/v2\/pages"}],"about":[{"href":"https:\/\/mointellect.com\/pl\/wp-json\/wp\/v2\/types\/page"}],"author":[{"embeddable":true,"href":"https:\/\/mointellect.com\/pl\/wp-json\/wp\/v2\/users\/9"}],"replies":[{"embeddable":true,"href":"https:\/\/mointellect.com\/pl\/wp-json\/wp\/v2\/comments?post=4408"}],"version-history":[{"count":0,"href":"https:\/\/mointellect.com\/pl\/wp-json\/wp\/v2\/pages\/4408\/revisions"}],"wp:attachment":[{"href":"https:\/\/mointellect.com\/pl\/wp-json\/wp\/v2\/media?parent=4408"}],"curies":[{"name":"wp","href":"https:\/\/api.w.org\/{rel}","templated":true}]}}