{"id":1275,"date":"2025-03-04T09:08:41","date_gmt":"2025-03-04T07:08:41","guid":{"rendered":"https:\/\/mointellect.com\/?page_id=1275"},"modified":"2025-04-02T12:07:18","modified_gmt":"2025-04-02T10:07:18","slug":"spotkanie","status":"publish","type":"page","link":"https:\/\/mointellect.com\/pl\/susitikimas\/","title":{"rendered":"Planowanie wirtualnego spotkania"},"content":{"rendered":"<div data-elementor-type=\"wp-page\" data-elementor-id=\"1275\" class=\"elementor elementor-1275\" data-elementor-settings=\"{&quot;element_pack_global_tooltip_width&quot;:{&quot;unit&quot;:&quot;px&quot;,&quot;size&quot;:&quot;&quot;,&quot;sizes&quot;:[]},&quot;element_pack_global_tooltip_width_tablet&quot;:{&quot;unit&quot;:&quot;px&quot;,&quot;size&quot;:&quot;&quot;,&quot;sizes&quot;:[]},&quot;element_pack_global_tooltip_width_mobile&quot;:{&quot;unit&quot;:&quot;px&quot;,&quot;size&quot;:&quot;&quot;,&quot;sizes&quot;:[]},&quot;element_pack_global_tooltip_padding&quot;:{&quot;unit&quot;:&quot;px&quot;,&quot;top&quot;:&quot;&quot;,&quot;right&quot;:&quot;&quot;,&quot;bottom&quot;:&quot;&quot;,&quot;left&quot;:&quot;&quot;,&quot;isLinked&quot;:true},&quot;element_pack_global_tooltip_padding_tablet&quot;:{&quot;unit&quot;:&quot;px&quot;,&quot;top&quot;:&quot;&quot;,&quot;right&quot;:&quot;&quot;,&quot;bottom&quot;:&quot;&quot;,&quot;left&quot;:&quot;&quot;,&quot;isLinked&quot;:true},&quot;element_pack_global_tooltip_padding_mobile&quot;:{&quot;unit&quot;:&quot;px&quot;,&quot;top&quot;:&quot;&quot;,&quot;right&quot;:&quot;&quot;,&quot;bottom&quot;:&quot;&quot;,&quot;left&quot;:&quot;&quot;,&quot;isLinked&quot;:true},&quot;element_pack_global_tooltip_border_radius&quot;:{&quot;unit&quot;:&quot;px&quot;,&quot;top&quot;:&quot;&quot;,&quot;right&quot;:&quot;&quot;,&quot;bottom&quot;:&quot;&quot;,&quot;left&quot;:&quot;&quot;,&quot;isLinked&quot;:true},&quot;element_pack_global_tooltip_border_radius_tablet&quot;:{&quot;unit&quot;:&quot;px&quot;,&quot;top&quot;:&quot;&quot;,&quot;right&quot;:&quot;&quot;,&quot;bottom&quot;:&quot;&quot;,&quot;left&quot;:&quot;&quot;,&quot;isLinked&quot;:true},&quot;element_pack_global_tooltip_border_radius_mobile&quot;:{&quot;unit&quot;:&quot;px&quot;,&quot;top&quot;:&quot;&quot;,&quot;right&quot;:&quot;&quot;,&quot;bottom&quot;:&quot;&quot;,&quot;left&quot;:&quot;&quot;,&quot;isLinked&quot;:true}}\" data-elementor-post-type=\"page\">\n\t\t\t\t<div class=\"elementor-element elementor-element-43d54c7 e-con-full e-flex e-con e-parent\" data-id=\"43d54c7\" data-element_type=\"container\" data-e-type=\"container\">\n\t\t\t\t<div class=\"elementor-element elementor-element-1a55b4a elementor-widget-mobile__width-initial elementor-widget elementor-widget-image\" data-id=\"1a55b4a\" data-element_type=\"widget\" data-e-type=\"widget\" data-widget_type=\"image.default\">\n\t\t\t\t\t\t\t\t\t\t\t\t\t\t\t<img fetchpriority=\"high\" decoding=\"async\" width=\"716\" height=\"224\" src=\"https:\/\/mointellect.com\/wp-content\/uploads\/2025\/02\/mOintellect_black_trans.png\" class=\"attachment-large size-large wp-image-130\" alt=\"\" srcset=\"https:\/\/mointellect.com\/wp-content\/uploads\/2025\/02\/mOintellect_black_trans.png 716w, https:\/\/mointellect.com\/wp-content\/uploads\/2025\/02\/mOintellect_black_trans-300x94.png 300w, https:\/\/mointellect.com\/wp-content\/uploads\/2025\/02\/mOintellect_black_trans-650x203.png 650w\" sizes=\"(max-width: 716px) 100vw, 716px\">\t\t\t\t\t\t\t\t\t\t\t\t\t\t\t<\/div>\n\t\t\t\t<div class=\"elementor-element elementor-element-3fb335c elementor-widget-mobile__width-initial elementor-widget elementor-widget-image\" data-id=\"3fb335c\" data-element_type=\"widget\" data-e-type=\"widget\" data-widget_type=\"image.default\">\n\t\t\t\t\t\t\t\t\t\t\t\t\t\t\t<img decoding=\"async\" width=\"510\" height=\"306\" src=\"https:\/\/mointellect.com\/wp-content\/uploads\/2025\/02\/Flag_of_Lithuania.svg.png\" class=\"attachment-full size-full wp-image-177\" alt=\"\" srcset=\"https:\/\/mointellect.com\/wp-content\/uploads\/2025\/02\/Flag_of_Lithuania.svg.png 510w, https:\/\/mointellect.com\/wp-content\/uploads\/2025\/02\/Flag_of_Lithuania.svg-300x180.png 300w\" sizes=\"(max-width: 510px) 100vw, 510px\">\t\t\t\t\t\t\t\t\t\t\t\t\t\t\t<\/div>\n\t\t\t\t<\/div>\n\t\t<div class=\"elementor-element elementor-element-5fd4b17 e-flex e-con-boxed e-con e-parent\" data-id=\"5fd4b17\" data-element_type=\"container\" data-e-type=\"container\" id=\"top\">\n\t\t\t\t\t<div class=\"e-con-inner\">\n\t\t<div class=\"elementor-element elementor-element-6b93db1 e-con-full e-flex e-con e-child\" data-id=\"6b93db1\" data-element_type=\"container\" data-e-type=\"container\" data-settings=\"{&quot;background_background&quot;:&quot;classic&quot;}\">\n\t\t\t\t<div class=\"elementor-element elementor-element-4762dbc elementor-widget elementor-widget-heading\" data-id=\"4762dbc\" data-element_type=\"widget\" data-e-type=\"widget\" data-settings=\"{&quot;_animation&quot;:&quot;none&quot;,&quot;_animation_delay&quot;:150}\" data-widget_type=\"heading.default\">\n\t\t\t\t\t<h1 class=\"elementor-heading-title elementor-size-default\">Osobista prezentacja systemu <\/h1>\t\t\t\t<\/div>\n\t\t\t\t<div class=\"elementor-element elementor-element-161e2d6 elementor-widget elementor-widget-html\" data-id=\"161e2d6\" data-element_type=\"widget\" data-e-type=\"widget\" data-widget_type=\"html.default\">\n\t\t\t\t\t<!-- Calendly inline widget begin -->\n<div class=\"calendly-inline-widget\" data-url=\"https:\/\/calendly.com\/epic-agency-official\/asmeninis-sistemos-pristatymas?hide_event_type_details=1&hide_gdpr_banner=1\" style=\"min-width:320px;height:700px;\"><\/div>\n<script type=\"text\/javascript\" src=\"https:\/\/assets.calendly.com\/assets\/external\/widget.js\" async><\/script>\n<!-- Calendly inline widget end -->\t\t\t\t<\/div>\n\t\t\t\t<\/div>\n\t\t\t\t\t<\/div>\n\t\t\t\t<\/div>\n\t\t\t\t<section class=\"elementor-section elementor-top-section elementor-element elementor-element-a297435 elementor-section-boxed elementor-section-height-default elementor-section-height-default\" data-id=\"a297435\" data-element_type=\"section\" data-e-type=\"section\">\n\t\t\t\t\t\t<div class=\"elementor-container elementor-column-gap-default\">\n\t\t\t\t\t<div class=\"elementor-column elementor-col-100 elementor-top-column elementor-element elementor-element-a542005\" data-id=\"a542005\" data-element_type=\"column\" data-e-type=\"column\">\n\t\t\t<div class=\"elementor-widget-wrap elementor-element-populated\">\n\t\t\t\t\t\t<div class=\"elementor-element elementor-element-c578af8 elementor-widget elementor-widget-text-editor\" data-id=\"c578af8\" data-element_type=\"widget\" data-e-type=\"widget\" data-widget_type=\"text-editor.default\">\n\t\t\t\t\t\t\t\t\t<p>Nasze rozwi\u0105zania zosta\u0142y ju\u017c przetestowane<\/p>\t\t\t\t\t\t\t\t<\/div>\n\t\t\t\t<div class=\"elementor-element elementor-element-9a8cfbf bdt-lg-col-6 bdt-lg-col--tablet6 bdt-lg-col--mobile3 bdt-logo-grid--box elementor-widget elementor-widget-bdt-logo-grid\" data-id=\"9a8cfbf\" data-element_type=\"widget\" data-e-type=\"widget\" data-settings=\"{&quot;_animation&quot;:&quot;none&quot;}\" data-widget_type=\"bdt-logo-grid.default\">\n\t\t\t\t\t\n\t\t<div class=\"bdt-logo-grid-wrapper\">\n\t\t\t\t\t\t\t<div  \t\t\t\t\tclass=\"bdt-item\" data-tippy-content=\"&lt;span class=&quot;bdt-title&quot;&gt;Brand Name&lt;\/span&gt;Brand Short Description Type Here.\">\n\t\t\t\t\t<figure class=\"bdt-logo-grid-figure\">\n\t\t\t\t\t\t<img decoding=\"async\" width=\"391\" height=\"54\" src=\"https:\/\/mointellect.com\/wp-content\/uploads\/2025\/02\/topocentras.png\" class=\"bdt-logo-grid-img elementor-animation-\" alt=\"Nazwa marki: Marka Kr\u00f3tki opis Wpisz tutaj.\" srcset=\"https:\/\/mointellect.com\/wp-content\/uploads\/2025\/02\/topocentras.png 391w, https:\/\/mointellect.com\/wp-content\/uploads\/2025\/02\/topocentras-300x41.png 300w\" sizes=\"(max-width: 391px) 100vw, 391px\" \/>\n\t\t\t\t\t<\/figure>\n\t\t\t\t<\/div>\n\t\t\t\t\t\t\t<div  \t\t\t\t\tclass=\"bdt-item\" data-tippy-content=\"&lt;span class=&quot;bdt-title&quot;&gt;Brand Name&lt;\/span&gt;Brand Short Description Type Here.\">\n\t\t\t\t\t<figure class=\"bdt-logo-grid-figure bdt-logo-grid-figure\">\n\t\t\t\t\t\t<img loading=\"lazy\" decoding=\"async\" width=\"500\" height=\"200\" src=\"https:\/\/mointellect.com\/wp-content\/uploads\/2025\/02\/fantazijos.png\" class=\"bdt-logo-grid-img elementor-animation-\" alt=\"Nazwa marki: Marka Kr\u00f3tki opis Wpisz tutaj.\" srcset=\"https:\/\/mointellect.com\/wp-content\/uploads\/2025\/02\/fantazijos.png 500w, https:\/\/mointellect.com\/wp-content\/uploads\/2025\/02\/fantazijos-300x120.png 300w\" sizes=\"(max-width: 500px) 100vw, 500px\" \/>\n\t\t\t\t\t<\/figure>\n\t\t\t\t<\/div>\n\t\t\t\t\t\t\t<div  \t\t\t\t\tclass=\"bdt-item\" data-tippy-content=\"&lt;span class=&quot;bdt-title&quot;&gt;Brand Name&lt;\/span&gt;Brand Short Description Type Here.\">\n\t\t\t\t\t<figure class=\"bdt-logo-grid-figure bdt-logo-grid-figure bdt-logo-grid-figure\">\n\t\t\t\t\t\t<img loading=\"lazy\" decoding=\"async\" width=\"1000\" height=\"400\" src=\"https:\/\/mointellect.com\/wp-content\/uploads\/2025\/02\/impuls.png\" class=\"bdt-logo-grid-img elementor-animation-\" alt=\"Nazwa marki: Marka Kr\u00f3tki opis Wpisz tutaj.\" srcset=\"https:\/\/mointellect.com\/wp-content\/uploads\/2025\/02\/impuls.png 1000w, https:\/\/mointellect.com\/wp-content\/uploads\/2025\/02\/impuls-300x120.png 300w, https:\/\/mointellect.com\/wp-content\/uploads\/2025\/02\/impuls-768x307.png 768w, https:\/\/mointellect.com\/wp-content\/uploads\/2025\/02\/impuls-650x260.png 650w\" sizes=\"(max-width: 1000px) 100vw, 1000px\" \/>\n\t\t\t\t\t<\/figure>\n\t\t\t\t<\/div>\n\t\t\t\t\t\t\t<div  \t\t\t\t\tclass=\"bdt-item\" data-tippy-content=\"&lt;span class=&quot;bdt-title&quot;&gt;Brand Name&lt;\/span&gt;Brand Short Description Type Here.\">\n\t\t\t\t\t<figure class=\"bdt-logo-grid-figure bdt-logo-grid-figure bdt-logo-grid-figure bdt-logo-grid-figure\">\n\t\t\t\t\t\t<img loading=\"lazy\" decoding=\"async\" width=\"500\" height=\"200\" src=\"https:\/\/mointellect.com\/wp-content\/uploads\/2025\/02\/audimas.png\" class=\"bdt-logo-grid-img elementor-animation-\" alt=\"Nazwa marki: Marka Kr\u00f3tki opis Wpisz tutaj.\" srcset=\"https:\/\/mointellect.com\/wp-content\/uploads\/2025\/02\/audimas.png 500w, https:\/\/mointellect.com\/wp-content\/uploads\/2025\/02\/audimas-300x120.png 300w\" sizes=\"(max-width: 500px) 100vw, 500px\" \/>\n\t\t\t\t\t<\/figure>\n\t\t\t\t<\/div>\n\t\t\t\t\t\t\t<div  \t\t\t\t\tclass=\"bdt-item\" data-tippy-content=\"&lt;span class=&quot;bdt-title&quot;&gt;Brand Name&lt;\/span&gt;Brand Short Description Type Here.\">\n\t\t\t\t\t<figure class=\"bdt-logo-grid-figure bdt-logo-grid-figure bdt-logo-grid-figure bdt-logo-grid-figure bdt-logo-grid-figure\">\n\t\t\t\t\t\t<img loading=\"lazy\" decoding=\"async\" width=\"500\" height=\"200\" src=\"https:\/\/mointellect.com\/wp-content\/uploads\/2025\/02\/topshop.png\" class=\"bdt-logo-grid-img elementor-animation-\" alt=\"Nazwa marki: Marka Kr\u00f3tki opis Wpisz tutaj.\" srcset=\"https:\/\/mointellect.com\/wp-content\/uploads\/2025\/02\/topshop.png 500w, https:\/\/mointellect.com\/wp-content\/uploads\/2025\/02\/topshop-300x120.png 300w\" sizes=\"(max-width: 500px) 100vw, 500px\" \/>\n\t\t\t\t\t<\/figure>\n\t\t\t\t<\/div>\n\t\t\t\t\t\t\t<div  \t\t\t\t\tclass=\"bdt-item\" data-tippy-content=\"&lt;span class=&quot;bdt-title&quot;&gt;Brand Name&lt;\/span&gt;Brand Short Description Type Here.\">\n\t\t\t\t\t<figure class=\"bdt-logo-grid-figure bdt-logo-grid-figure bdt-logo-grid-figure bdt-logo-grid-figure bdt-logo-grid-figure bdt-logo-grid-figure\">\n\t\t\t\t\t\t<img loading=\"lazy\" decoding=\"async\" width=\"500\" height=\"200\" src=\"https:\/\/mointellect.com\/wp-content\/uploads\/2025\/02\/vaga.png\" class=\"bdt-logo-grid-img elementor-animation-\" alt=\"Nazwa marki: Marka Kr\u00f3tki opis Wpisz tutaj.\" srcset=\"https:\/\/mointellect.com\/wp-content\/uploads\/2025\/02\/vaga.png 500w, https:\/\/mointellect.com\/wp-content\/uploads\/2025\/02\/vaga-300x120.png 300w\" sizes=\"(max-width: 500px) 100vw, 500px\" \/>\n\t\t\t\t\t<\/figure>\n\t\t\t\t<\/div>\n\t\t\t\t\t<\/div>\n\n\t\t\t\t\t\t<\/div>\n\t\t\t\t\t<\/div>\n\t\t<\/div>\n\t\t\t\t\t<\/div>\n\t\t<\/section>\n\t\t\t\t<\/div>","protected":false},"excerpt":{"rendered":"<p>Spersonalizowana prezentacja systemu Nasze rozwi\u0105zania zosta\u0142y ju\u017c przetestowane<\/p>","protected":false},"author":1,"featured_media":0,"parent":0,"menu_order":0,"comment_status":"closed","ping_status":"closed","template":"","meta":{"footnotes":""},"class_list":["post-1275","page","type-page","status-publish","hentry"],"_links":{"self":[{"href":"https:\/\/mointellect.com\/pl\/wp-json\/wp\/v2\/pages\/1275","targetHints":{"allow":["GET"]}}],"collection":[{"href":"https:\/\/mointellect.com\/pl\/wp-json\/wp\/v2\/pages"}],"about":[{"href":"https:\/\/mointellect.com\/pl\/wp-json\/wp\/v2\/types\/page"}],"author":[{"embeddable":true,"href":"https:\/\/mointellect.com\/pl\/wp-json\/wp\/v2\/users\/1"}],"replies":[{"embeddable":true,"href":"https:\/\/mointellect.com\/pl\/wp-json\/wp\/v2\/comments?post=1275"}],"version-history":[{"count":0,"href":"https:\/\/mointellect.com\/pl\/wp-json\/wp\/v2\/pages\/1275\/revisions"}],"wp:attachment":[{"href":"https:\/\/mointellect.com\/pl\/wp-json\/wp\/v2\/media?parent=1275"}],"curies":[{"name":"wp","href":"https:\/\/api.w.org\/{rel}","templated":true}]}}