{"id":4423,"date":"2026-01-04T13:14:53","date_gmt":"2026-01-04T11:14:53","guid":{"rendered":"https:\/\/mointellect.com\/?page_id=4423"},"modified":"2026-03-05T09:52:03","modified_gmt":"2026-03-05T07:52:03","slug":"regler-for-bruk","status":"publish","type":"page","link":"https:\/\/mointellect.com\/no\/naudojimosi-taisykles\/","title":{"rendered":"Regler for bruk"},"content":{"rendered":"<div data-elementor-type=\"wp-page\" data-elementor-id=\"4423\" class=\"elementor elementor-4423\" data-elementor-settings=\"{&quot;element_pack_global_tooltip_width&quot;:{&quot;unit&quot;:&quot;px&quot;,&quot;size&quot;:&quot;&quot;,&quot;sizes&quot;:[]},&quot;element_pack_global_tooltip_width_tablet&quot;:{&quot;unit&quot;:&quot;px&quot;,&quot;size&quot;:&quot;&quot;,&quot;sizes&quot;:[]},&quot;element_pack_global_tooltip_width_mobile&quot;:{&quot;unit&quot;:&quot;px&quot;,&quot;size&quot;:&quot;&quot;,&quot;sizes&quot;:[]},&quot;element_pack_global_tooltip_padding&quot;:{&quot;unit&quot;:&quot;px&quot;,&quot;top&quot;:&quot;&quot;,&quot;right&quot;:&quot;&quot;,&quot;bottom&quot;:&quot;&quot;,&quot;left&quot;:&quot;&quot;,&quot;isLinked&quot;:true},&quot;element_pack_global_tooltip_padding_tablet&quot;:{&quot;unit&quot;:&quot;px&quot;,&quot;top&quot;:&quot;&quot;,&quot;right&quot;:&quot;&quot;,&quot;bottom&quot;:&quot;&quot;,&quot;left&quot;:&quot;&quot;,&quot;isLinked&quot;:true},&quot;element_pack_global_tooltip_padding_mobile&quot;:{&quot;unit&quot;:&quot;px&quot;,&quot;top&quot;:&quot;&quot;,&quot;right&quot;:&quot;&quot;,&quot;bottom&quot;:&quot;&quot;,&quot;left&quot;:&quot;&quot;,&quot;isLinked&quot;:true},&quot;element_pack_global_tooltip_border_radius&quot;:{&quot;unit&quot;:&quot;px&quot;,&quot;top&quot;:&quot;&quot;,&quot;right&quot;:&quot;&quot;,&quot;bottom&quot;:&quot;&quot;,&quot;left&quot;:&quot;&quot;,&quot;isLinked&quot;:true},&quot;element_pack_global_tooltip_border_radius_tablet&quot;:{&quot;unit&quot;:&quot;px&quot;,&quot;top&quot;:&quot;&quot;,&quot;right&quot;:&quot;&quot;,&quot;bottom&quot;:&quot;&quot;,&quot;left&quot;:&quot;&quot;,&quot;isLinked&quot;:true},&quot;element_pack_global_tooltip_border_radius_mobile&quot;:{&quot;unit&quot;:&quot;px&quot;,&quot;top&quot;:&quot;&quot;,&quot;right&quot;:&quot;&quot;,&quot;bottom&quot;:&quot;&quot;,&quot;left&quot;:&quot;&quot;,&quot;isLinked&quot;:true}}\" data-elementor-post-type=\"page\">\n\t\t\t\t<div class=\"elementor-element elementor-element-8c18563 e-flex e-con-boxed e-con e-parent\" data-id=\"8c18563\" data-element_type=\"container\" data-e-type=\"container\">\n\t\t\t\t\t<div class=\"e-con-inner\">\n\t\t\t\t<div class=\"elementor-element elementor-element-e2cf779 elementor-widget elementor-widget-text-editor\" data-id=\"e2cf779\" data-element_type=\"widget\" data-e-type=\"widget\" data-widget_type=\"text-editor.default\">\n\t\t\t\t\t\t\t\t\t<h2>REGLER FOR BRUK<\/h2>\n\n<h3>1. Generelle bestemmelser<\/h3>\n<p><strong>1.1.<\/strong> Disse reglene beskriver fremgangsm\u00e5ten for bruk av nettstedene www.mointellect.lt og www.mointellect.com (heretter kalt \"nettstedet\").<\/p>\n<p><strong>1.2.<\/strong> Nettstedet administreres av MB \"Mohub\", firmakode 307022080 (heretter kalt \"tjenesteleverand\u00f8ren\").<\/p>\n<p><strong>1.3.<\/strong> Ved \u00e5 g\u00e5 inn p\u00e5 nettstedet bekrefter den bes\u00f8kende at han\/hun er kjent med disse vilk\u00e5rene og betingelsene, personvernerkl\u00e6ringen og retningslinjene for informasjonskapsler, og samtykker i \u00e5 overholde dem.<\/p>\n\n<h3>2. Immaterielle rettigheter<\/h3>\n<p><strong>2.1.<\/strong> Alt innhold p\u00e5 nettstedet (tekst, fotografier, logoer, designelementer, programvare) er Mohub MBs eller dets partneres immaterielle rettigheter.<\/p>\n<p><strong>2.2.<\/strong> Det er strengt forbudt \u00e5 kopiere, distribuere eller p\u00e5 annen m\u00e5te bruke innholdet p\u00e5 nettstedet til kommersielle form\u00e5l uten skriftlig samtykke fra tjenesteleverand\u00f8ren.<\/p>\n\n<h3>3. Forbrukernes rettigheter og plikter<\/h3>\n<p><strong>3.1.<\/strong> Brukeren forplikter seg til \u00e5 oppgi korrekte opplysninger i registreringsskjemaer eller ved p\u00e5melding til nyhetsbrev.<\/p>\n<p><strong>3.2.<\/strong> Du kan ikke bruke nettstedet til aktiviteter som kan skade driften, sikkerheten eller andre brukere av nettstedet.<\/p>\n\n<h3>4. Begrensning av ansvar<\/h3>\n<p><strong>4.1.<\/strong> Tjenesteleverand\u00f8ren er ikke ansvarlig for eventuelle avbrudd p\u00e5 nettstedet som skyldes tekniske problemer, handlinger fra tredjeparter eller force majeure (<em>force majeure<\/em>) omstendigheter.<\/p>\n<p><strong>4.2.<\/strong> Nettstedet kan inneholde lenker til andre nettsteder (f.eks. partnernettsteder), men Tjenesteleverand\u00f8ren er ikke ansvarlig for innholdet eller personvernerkl\u00e6ringene p\u00e5 disse nettstedene.<\/p>\n\n<h3>5. Avsluttende bestemmelser<\/h3>\n<p><strong>5.1.<\/strong> Disse reglene skal v\u00e6re underlagt lovgivningen i Republikken Litauen.<\/p>\n<p><strong>5.2.<\/strong> Alle uenigheter skal avgj\u00f8res ved forhandlinger og, dersom det ikke oppn\u00e5s enighet, ved domstolene i Republikken Litauen.<\/p>\n<p><strong>5.3.<\/strong> Tjenesteleverand\u00f8ren forbeholder seg retten til \u00e5 endre vilk\u00e5rene n\u00e5r som helst. Endringer trer i kraft fra det \u00f8yeblikket de publiseres p\u00e5 nettstedet.<\/p>\n\n<p><em>Siste oppdatering: 4. januar 2026<\/em><\/p>\t\t\t\t\t\t\t\t<\/div>\n\t\t\t\t\t<\/div>\n\t\t\t\t<\/div>\n\t\t\t\t<\/div>","protected":false},"excerpt":{"rendered":"<p>NAUDOJIMOSI TAISYKL\u0116S 1. Bendrosios nuostatos 1.1. \u0160ios taisykl\u0117s nustato naudojimosi interneto svetain\u0117mis www.mointellect.lt ir www.mointellect.com (toliau \u2013 \u201eSvetain\u0117\u201c) tvark\u0105. 1.2. Svetain\u0119 administruoja [&hellip;]<\/p>\n","protected":false},"author":9,"featured_media":0,"parent":0,"menu_order":0,"comment_status":"closed","ping_status":"closed","template":"","meta":{"footnotes":""},"class_list":["post-4423","page","type-page","status-publish","hentry"],"_links":{"self":[{"href":"https:\/\/mointellect.com\/no\/wp-json\/wp\/v2\/pages\/4423","targetHints":{"allow":["GET"]}}],"collection":[{"href":"https:\/\/mointellect.com\/no\/wp-json\/wp\/v2\/pages"}],"about":[{"href":"https:\/\/mointellect.com\/no\/wp-json\/wp\/v2\/types\/page"}],"author":[{"embeddable":true,"href":"https:\/\/mointellect.com\/no\/wp-json\/wp\/v2\/users\/9"}],"replies":[{"embeddable":true,"href":"https:\/\/mointellect.com\/no\/wp-json\/wp\/v2\/comments?post=4423"}],"version-history":[{"count":0,"href":"https:\/\/mointellect.com\/no\/wp-json\/wp\/v2\/pages\/4423\/revisions"}],"wp:attachment":[{"href":"https:\/\/mointellect.com\/no\/wp-json\/wp\/v2\/media?parent=4423"}],"curies":[{"name":"wp","href":"https:\/\/api.w.org\/{rel}","templated":true}]}}