{"id":4412,"date":"2026-01-04T13:01:49","date_gmt":"2026-01-04T11:01:49","guid":{"rendered":"https:\/\/mointellect.com\/?page_id=4412"},"modified":"2026-03-05T09:51:29","modified_gmt":"2026-03-05T07:51:29","slug":"retningslinjer-for-informasjonskapsler","status":"publish","type":"page","link":"https:\/\/mointellect.com\/no\/slapuku-politika\/","title":{"rendered":"Retningslinjer for informasjonskapsler"},"content":{"rendered":"<div data-elementor-type=\"wp-page\" data-elementor-id=\"4412\" class=\"elementor elementor-4412\" data-elementor-settings=\"{&quot;element_pack_global_tooltip_width&quot;:{&quot;unit&quot;:&quot;px&quot;,&quot;size&quot;:&quot;&quot;,&quot;sizes&quot;:[]},&quot;element_pack_global_tooltip_width_tablet&quot;:{&quot;unit&quot;:&quot;px&quot;,&quot;size&quot;:&quot;&quot;,&quot;sizes&quot;:[]},&quot;element_pack_global_tooltip_width_mobile&quot;:{&quot;unit&quot;:&quot;px&quot;,&quot;size&quot;:&quot;&quot;,&quot;sizes&quot;:[]},&quot;element_pack_global_tooltip_padding&quot;:{&quot;unit&quot;:&quot;px&quot;,&quot;top&quot;:&quot;&quot;,&quot;right&quot;:&quot;&quot;,&quot;bottom&quot;:&quot;&quot;,&quot;left&quot;:&quot;&quot;,&quot;isLinked&quot;:true},&quot;element_pack_global_tooltip_padding_tablet&quot;:{&quot;unit&quot;:&quot;px&quot;,&quot;top&quot;:&quot;&quot;,&quot;right&quot;:&quot;&quot;,&quot;bottom&quot;:&quot;&quot;,&quot;left&quot;:&quot;&quot;,&quot;isLinked&quot;:true},&quot;element_pack_global_tooltip_padding_mobile&quot;:{&quot;unit&quot;:&quot;px&quot;,&quot;top&quot;:&quot;&quot;,&quot;right&quot;:&quot;&quot;,&quot;bottom&quot;:&quot;&quot;,&quot;left&quot;:&quot;&quot;,&quot;isLinked&quot;:true},&quot;element_pack_global_tooltip_border_radius&quot;:{&quot;unit&quot;:&quot;px&quot;,&quot;top&quot;:&quot;&quot;,&quot;right&quot;:&quot;&quot;,&quot;bottom&quot;:&quot;&quot;,&quot;left&quot;:&quot;&quot;,&quot;isLinked&quot;:true},&quot;element_pack_global_tooltip_border_radius_tablet&quot;:{&quot;unit&quot;:&quot;px&quot;,&quot;top&quot;:&quot;&quot;,&quot;right&quot;:&quot;&quot;,&quot;bottom&quot;:&quot;&quot;,&quot;left&quot;:&quot;&quot;,&quot;isLinked&quot;:true},&quot;element_pack_global_tooltip_border_radius_mobile&quot;:{&quot;unit&quot;:&quot;px&quot;,&quot;top&quot;:&quot;&quot;,&quot;right&quot;:&quot;&quot;,&quot;bottom&quot;:&quot;&quot;,&quot;left&quot;:&quot;&quot;,&quot;isLinked&quot;:true}}\" data-elementor-post-type=\"page\">\n\t\t\t\t<div class=\"elementor-element elementor-element-cb1c0ce e-flex e-con-boxed e-con e-parent\" data-id=\"cb1c0ce\" data-element_type=\"container\" data-e-type=\"container\">\n\t\t\t\t\t<div class=\"e-con-inner\">\n\t\t\t\t<div class=\"elementor-element elementor-element-73d4df3 elementor-widget elementor-widget-text-editor\" data-id=\"73d4df3\" data-element_type=\"widget\" data-e-type=\"widget\" data-widget_type=\"text-editor.default\">\n\t\t\t\t\t\t\t\t\t<h2>MOINTELLECT RETNINGSLINJER FOR INFORMASJONSKAPSLER<\/h2>\n\n<h3>Hva er informasjonskapsler?<\/h3>\n<p>Kjeks. <em>informasjonskapsel<\/em>) er en liten tekstfil som et nettsted lagrer p\u00e5 datamaskinen eller mobilenheten din n\u00e5r du bes\u00f8ker det. Informasjonskapsler gj\u00f8r det mulig for et nettsted \u00e5 \"huske\" dine handlinger og preferanser i en viss tidsperiode.<\/p>\n\n<h3>Hvilke informasjonskapsler og sporingsteknologier bruker vi?<\/h3>\n<p>I tillegg til standard informasjonskapsler som brukes for \u00e5 sikre at nettstedet fungerer, bruker vi ogs\u00e5 tredjepartsverkt\u00f8y for markedsf\u00f8ring og statistikk:<\/p>\n\n<ul>\n    <li><strong>Strengt n\u00f8dvendige informasjonskapsler:<\/strong> N\u00f8dvendig for at nettstedet skal fungere korrekt (f.eks. \u00f8ktst\u00f8tte).<\/li>\n    <li><strong>Analytiske informasjonskapsler (Google Analytics):<\/strong> Hjelper oss med \u00e5 forst\u00e5 hvordan bes\u00f8kende bruker nettstedet, hvilke deler som er mest popul\u00e6re. Opplysningene samles inn anonymt.<\/li>\n    <li><strong>Informasjonskapsler for markedsf\u00f8ring og m\u00e5lretting (Google Ads, Meta Pixel):<\/strong>\n        <ul>\n            <li><em>Meta Pixel (Facebook):<\/em> Dette verkt\u00f8yet lar oss se hvilke handlinger du har utf\u00f8rt p\u00e5 nettstedet v\u00e5rt etter \u00e5 ha kommet fra en Facebook- eller Instagram-annonse. Dette hjelper oss med \u00e5 vise deg mer relevant annonsering i fremtiden.<\/li>\n            <li><em>Google Ads:<\/em> Brukes til \u00e5 gi deg skreddersydde tilbud p\u00e5 Googles s\u00f8ke- og partnernettverk og til \u00e5 m\u00e5le effektiviteten av annonser.<\/li>\n        <\/ul>\n    <\/li>\n<\/ul>\n\n<h3>Liste over informasjonskapsler som brukes<\/h3>\n<table style=\"width: 100%; border-collapse: collapse; margin-top: 20px;\">\n    <thead>\n        <tr style=\"background-color: #f2f2f2; text-align: left;\">\n            <th style=\"padding: 10px; border: 1px solid #ddd;\">Navn<\/th>\n            <th style=\"padding: 10px; border: 1px solid #ddd;\">Kategori<\/th>\n            <th style=\"padding: 10px; border: 1px solid #ddd;\">M\u00e5l<\/th>\n            <th style=\"padding: 10px; border: 1px solid #ddd;\">Gyldighet<\/th>\n        <\/tr>\n    <\/thead>\n    <tbody>\n        <tr>\n            <td style=\"padding: 10px; border: 1px solid #ddd;\">PHPSESSID<\/td>\n            <td style=\"padding: 10px; border: 1px solid #ddd;\">N\u00f8dvendig<\/td>\n            <td style=\"padding: 10px; border: 1px solid #ddd;\">Lagrer statusen til bruker\u00f8kten.<\/td>\n            <td style=\"padding: 10px; border: 1px solid #ddd;\">Sesjon<\/td>\n        <\/tr>\n        <tr>\n            <td style=\"padding: 10px; border: 1px solid #ddd;\">_ga<\/td>\n            <td style=\"padding: 10px; border: 1px solid #ddd;\">Statistisk<\/td>\n            <td style=\"padding: 10px; border: 1px solid #ddd;\">Google Analytics: registrerer en unik ID for statistiske form\u00e5l.<\/td>\n            <td style=\"padding: 10px; border: 1px solid #ddd;\">2 \u00e5r<\/td>\n        <\/tr>\n        <tr>\n            <td style=\"padding: 10px; border: 1px solid #ddd;\">_gid<\/td>\n            <td style=\"padding: 10px; border: 1px solid #ddd;\">Statistisk<\/td>\n            <td style=\"padding: 10px; border: 1px solid #ddd;\">Google Analytics: statistikk over brukeratferd.<\/td>\n            <td style=\"padding: 10px; border: 1px solid #ddd;\">1 dag<\/td>\n        <\/tr>\n        <tr>\n            <td style=\"padding: 10px; border: 1px solid #ddd;\">_fbp<\/td>\n            <td style=\"padding: 10px; border: 1px solid #ddd;\">Markedsf\u00f8ring<\/td>\n            <td style=\"padding: 10px; border: 1px solid #ddd;\">Meta Pixel: brukes til \u00e5 optimalisere Facebook-annonsering.<\/td>\n            <td style=\"padding: 10px; border: 1px solid #ddd;\">3 m\u00e5neder.<\/td>\n        <\/tr>\n        <tr>\n            <td style=\"padding: 10px; border: 1px solid #ddd;\">annonser\/ga-publikum<\/td>\n            <td style=\"padding: 10px; border: 1px solid #ddd;\">Markedsf\u00f8ring<\/td>\n            <td style=\"padding: 10px; border: 1px solid #ddd;\">Google Ads: brukes til remarketing.<\/td>\n            <td style=\"padding: 10px; border: 1px solid #ddd;\">Sesjon<\/td>\n        <\/tr>\n    <\/tbody>\n<\/table>\n\n<h3>Hvordan administrerer jeg informasjonskapsler?<\/h3>\n<p>Du kan n\u00e5r som helst slette informasjonskapsler i nettleseren din, eller endre innstillingene slik at informasjonskapsler ikke godtas. For mer informasjon: <a href=\"http:\/\/www.allaboutcookies.org\" target=\"_blank\" rel=\"noopener\">www.allaboutcookies.org<\/a>. Du kan ogs\u00e5 bruke verkt\u00f8yet for administrasjon av informasjonskapsler p\u00e5 nettstedet v\u00e5rt for \u00e5 endre samtykkene dine.<\/p>\t\t\t\t\t\t\t\t<\/div>\n\t\t\t\t\t<\/div>\n\t\t\t\t<\/div>\n\t\t\t\t<\/div>","protected":false},"excerpt":{"rendered":"<p>MOINTELLECT SLAPUK\u0172 POLITIKA Kas yra slapukai? Slapukas (angl. cookie) \u2013 tai nedidel\u0117 teksto rinkmena, kuri\u0105 svetain\u0117 i\u0161saugo J\u016bs\u0173 kompiuteryje arba mobiliajame \u012frenginyje, [&hellip;]<\/p>\n","protected":false},"author":9,"featured_media":0,"parent":0,"menu_order":0,"comment_status":"closed","ping_status":"closed","template":"","meta":{"footnotes":""},"class_list":["post-4412","page","type-page","status-publish","hentry"],"_links":{"self":[{"href":"https:\/\/mointellect.com\/no\/wp-json\/wp\/v2\/pages\/4412","targetHints":{"allow":["GET"]}}],"collection":[{"href":"https:\/\/mointellect.com\/no\/wp-json\/wp\/v2\/pages"}],"about":[{"href":"https:\/\/mointellect.com\/no\/wp-json\/wp\/v2\/types\/page"}],"author":[{"embeddable":true,"href":"https:\/\/mointellect.com\/no\/wp-json\/wp\/v2\/users\/9"}],"replies":[{"embeddable":true,"href":"https:\/\/mointellect.com\/no\/wp-json\/wp\/v2\/comments?post=4412"}],"version-history":[{"count":0,"href":"https:\/\/mointellect.com\/no\/wp-json\/wp\/v2\/pages\/4412\/revisions"}],"wp:attachment":[{"href":"https:\/\/mointellect.com\/no\/wp-json\/wp\/v2\/media?parent=4412"}],"curies":[{"name":"wp","href":"https:\/\/api.w.org\/{rel}","templated":true}]}}