{"id":4408,"date":"2026-01-04T13:01:08","date_gmt":"2026-01-04T11:01:08","guid":{"rendered":"https:\/\/mointellect.com\/?page_id=4408"},"modified":"2026-03-05T09:52:12","modified_gmt":"2026-03-05T07:52:12","slug":"personvernerklaering","status":"publish","type":"page","link":"https:\/\/mointellect.com\/no\/privatumo-politika\/","title":{"rendered":"Retningslinjer for personvern"},"content":{"rendered":"<div data-elementor-type=\"wp-page\" data-elementor-id=\"4408\" class=\"elementor elementor-4408\" data-elementor-settings=\"{&quot;element_pack_global_tooltip_width&quot;:{&quot;unit&quot;:&quot;px&quot;,&quot;size&quot;:&quot;&quot;,&quot;sizes&quot;:[]},&quot;element_pack_global_tooltip_width_tablet&quot;:{&quot;unit&quot;:&quot;px&quot;,&quot;size&quot;:&quot;&quot;,&quot;sizes&quot;:[]},&quot;element_pack_global_tooltip_width_mobile&quot;:{&quot;unit&quot;:&quot;px&quot;,&quot;size&quot;:&quot;&quot;,&quot;sizes&quot;:[]},&quot;element_pack_global_tooltip_padding&quot;:{&quot;unit&quot;:&quot;px&quot;,&quot;top&quot;:&quot;&quot;,&quot;right&quot;:&quot;&quot;,&quot;bottom&quot;:&quot;&quot;,&quot;left&quot;:&quot;&quot;,&quot;isLinked&quot;:true},&quot;element_pack_global_tooltip_padding_tablet&quot;:{&quot;unit&quot;:&quot;px&quot;,&quot;top&quot;:&quot;&quot;,&quot;right&quot;:&quot;&quot;,&quot;bottom&quot;:&quot;&quot;,&quot;left&quot;:&quot;&quot;,&quot;isLinked&quot;:true},&quot;element_pack_global_tooltip_padding_mobile&quot;:{&quot;unit&quot;:&quot;px&quot;,&quot;top&quot;:&quot;&quot;,&quot;right&quot;:&quot;&quot;,&quot;bottom&quot;:&quot;&quot;,&quot;left&quot;:&quot;&quot;,&quot;isLinked&quot;:true},&quot;element_pack_global_tooltip_border_radius&quot;:{&quot;unit&quot;:&quot;px&quot;,&quot;top&quot;:&quot;&quot;,&quot;right&quot;:&quot;&quot;,&quot;bottom&quot;:&quot;&quot;,&quot;left&quot;:&quot;&quot;,&quot;isLinked&quot;:true},&quot;element_pack_global_tooltip_border_radius_tablet&quot;:{&quot;unit&quot;:&quot;px&quot;,&quot;top&quot;:&quot;&quot;,&quot;right&quot;:&quot;&quot;,&quot;bottom&quot;:&quot;&quot;,&quot;left&quot;:&quot;&quot;,&quot;isLinked&quot;:true},&quot;element_pack_global_tooltip_border_radius_mobile&quot;:{&quot;unit&quot;:&quot;px&quot;,&quot;top&quot;:&quot;&quot;,&quot;right&quot;:&quot;&quot;,&quot;bottom&quot;:&quot;&quot;,&quot;left&quot;:&quot;&quot;,&quot;isLinked&quot;:true}}\" data-elementor-post-type=\"page\">\n\t\t\t\t<div class=\"elementor-element elementor-element-5765dad e-flex e-con-boxed e-con e-parent\" data-id=\"5765dad\" data-element_type=\"container\" data-e-type=\"container\">\n\t\t\t\t\t<div class=\"e-con-inner\">\n\t\t\t\t<div class=\"elementor-element elementor-element-213485f elementor-widget elementor-widget-text-editor\" data-id=\"213485f\" data-element_type=\"widget\" data-e-type=\"widget\" data-widget_type=\"text-editor.default\">\n\t\t\t\t\t\t\t\t\t<h2>MOINTELLECT PERSONVERNERKL\u00c6RING<\/h2>\n\n<h3>KAPITTEL I. GENERELLE BESTEMMELSER<\/h3>\n<p>Denne personvernerkl\u00e6ringen informerer deg om hvordan vi behandler personopplysningene dine som du gir oss n\u00e5r du bruker nettstedet, registrerer deg eller fyller ut foresp\u00f8rselsskjemaer. Vi s\u00f8rger for at vi behandler personopplysningene dine i samsvar med personvernforordningen (GDPR), Republikken Litauens lov om rettslig beskyttelse av personopplysninger og andre rettsakter.<\/p>\n\n<p><strong>Behandlingsansvarlig:<\/strong> MB \"Mohub\", firmakode 307022080, e-post: <a href=\"mailto:labas@mointellect.lt\">labas@mointellect.lt<\/a>.<br>\n<strong>Nettsted:<\/strong> www.mointellect.lt (og www.mointellect.com).<\/p>\n\n<p>Vi har rett til \u00e5 endre reglene som er beskrevet i denne personvernerkl\u00e6ringen helt eller delvis. Vi vil varsle deg om eventuelle endringer p\u00e5 dette nettstedet.<\/p>\n\n<h3>KAPITTEL II. FORM\u00c5L, GRUNNLAG FOR BEHANDLING OG INNSAMLEDE OPPLYSNINGER<\/h3>\n<p>Vi samler inn og behandler opplysningene dine for f\u00f8lgende form\u00e5l:<\/p>\n\n<h4>1. Direkte markedsf\u00f8ring (nyhetsbrev og tilbud)<\/h4>\n<ul>\n    <li><strong>M\u00e5lsetting:<\/strong> For \u00e5 sende deg nyhetsbrev, tilbud og informasjon om tjenester.<\/li>\n    <li><strong>Innsamling av data:<\/strong> Navn, e-postadresse, firmanavn.<\/li>\n    <li><strong>Datakilde:<\/strong> Opplysningene innhentes n\u00e5r du fyller ut et registreringsskjema, et popup-vindu eller abonnerer p\u00e5 et nyhetsbrev.<\/li>\n    <li><strong>Juridisk grunnlag:<\/strong> Ditt samtykke (artikkel 6(1)(a) GDPR).<\/li>\n    <li><strong>Verkt\u00f8y:<\/strong> Vi bruker f\u00f8lgende for \u00e5 sende nyhetsbrev <strong>\"Mailchimp\"<\/strong> plattform.<\/li>\n<\/ul>\n\n<h4>2. H\u00e5ndtering av foresp\u00f8rsler<\/h4>\n<ul>\n    <li><strong>M\u00e5lsetting:<\/strong> Svar p\u00e5 henvendelser via kontaktskjemaet eller e-post.<\/li>\n    <li><strong>Innsamling av data:<\/strong> Navn, e-post, telefonnummer, firmanavn, innhold i meldingen.<\/li>\n    <li><strong>Juridisk grunnlag:<\/strong> Berettiget interesse i \u00e5 svare p\u00e5 foresp\u00f8rsler (artikkel 6 nr. 1 bokstav f i GDPR).<\/li>\n<\/ul>\n\n<h4>3. Analyse av markedsf\u00f8ringseffektivitet og annonsering (Google Ads, Meta Pixel)<\/h4>\n<ul>\n    <li><strong>M\u00e5lsetting:<\/strong> Analysere brukeratferd p\u00e5 nettstedet for \u00e5 optimalisere reklamekampanjer og vise deg relevant reklame p\u00e5 andre plattformer (remarketing).<\/li>\n    <li><strong>Data:<\/strong> IP-adresse, bes\u00f8kshistorikk, nettstedsaktivitet. For mer informasjon, se \"Retningslinjer for informasjonskapsler\".<\/li>\n<\/ul>\n\n<h3>KAPITTEL III. OVERF\u00d8RING AV OPPLYSNINGER TIL TREDJELAND<\/h3>\n<p>Opplysningene dine kan bli sett av tredjeparter som leverer tjenester til oss (databehandlere). Vi s\u00f8rger for at disse databehandlerne overholder kravene til databeskyttelse:<\/p>\n<ul>\n    <li><strong>Plattform for nyhetsbrev:<\/strong> \"The Rocket Science Group LLC d\/b\/a Mailchimp (USA).<\/li>\n    <li><strong>Trafikkanalyse og annonsering p\u00e5 nettstedet:<\/strong> \"Google Ireland Limited (Google Analytics, Google Ads) og Meta Platforms Ireland Limited (Meta Pixel).<\/li>\n    <li>politimyndigheter, domstoler eller andre offentlige myndigheter, bare i den grad det kreves i henhold til gjeldende lov.<\/li>\n<\/ul>\n\n<h3>KAPITTEL IV. DE REGISTRERTES RETTIGHETER<\/h3>\n<p>Det har du rett til:<\/p>\n<ul>\n    <li>Tilgang til dataene du behandler.<\/li>\n    <li>Krev korrigering av un\u00f8yaktige data.<\/li>\n    <li>Be om sletting (\"retten til \u00e5 bli glemt\"), for eksempel ved \u00e5 trekke tilbake samtykke til \u00e5 motta nyhetsbrev.<\/li>\n    <li>\u00c5 protestere mot behandling av opplysninger for direkte markedsf\u00f8ringsform\u00e5l.<\/li>\n<\/ul>\n<p>For \u00e5 ut\u00f8ve dine rettigheter, vennligst kontakt oss via e-post: <a href=\"mailto:labas@mointellect.lt\"><strong>labas@mointellect.lt<\/strong><\/a>.<\/p>\n<p><em>Siste oppdatering: 4. januar 2026<\/em><\/p>\t\t\t\t\t\t\t\t<\/div>\n\t\t\t\t\t<\/div>\n\t\t\t\t<\/div>\n\t\t\t\t<\/div>","protected":false},"excerpt":{"rendered":"<p>MOINTELLECT PRIVATUMO POLITIKA I SKYRIUS. BENDROSIOS NUOSTATOS \u0160ia privatumo politika informuojame Jus apie tai, kaip mes tvarkome J\u016bs\u0173 asmens duomenis, kuriuos J\u016bs [&hellip;]<\/p>\n","protected":false},"author":9,"featured_media":0,"parent":0,"menu_order":0,"comment_status":"closed","ping_status":"closed","template":"","meta":{"footnotes":""},"class_list":["post-4408","page","type-page","status-publish","hentry"],"_links":{"self":[{"href":"https:\/\/mointellect.com\/no\/wp-json\/wp\/v2\/pages\/4408","targetHints":{"allow":["GET"]}}],"collection":[{"href":"https:\/\/mointellect.com\/no\/wp-json\/wp\/v2\/pages"}],"about":[{"href":"https:\/\/mointellect.com\/no\/wp-json\/wp\/v2\/types\/page"}],"author":[{"embeddable":true,"href":"https:\/\/mointellect.com\/no\/wp-json\/wp\/v2\/users\/9"}],"replies":[{"embeddable":true,"href":"https:\/\/mointellect.com\/no\/wp-json\/wp\/v2\/comments?post=4408"}],"version-history":[{"count":0,"href":"https:\/\/mointellect.com\/no\/wp-json\/wp\/v2\/pages\/4408\/revisions"}],"wp:attachment":[{"href":"https:\/\/mointellect.com\/no\/wp-json\/wp\/v2\/media?parent=4408"}],"curies":[{"name":"wp","href":"https:\/\/api.w.org\/{rel}","templated":true}]}}