{"id":1614,"date":"2025-03-14T13:57:50","date_gmt":"2025-03-14T11:57:50","guid":{"rendered":"https:\/\/mointellect.com\/?page_id=1614"},"modified":"2026-03-08T13:44:50","modified_gmt":"2026-03-08T11:44:50","slug":"vilkar-for-bruk","status":"publish","type":"page","link":"https:\/\/mointellect.com\/no\/naudojimosi-salygos\/","title":{"rendered":"Vilk\u00e5r for bruk"},"content":{"rendered":"<div data-elementor-type=\"wp-page\" data-elementor-id=\"1614\" class=\"elementor elementor-1614\" data-elementor-settings=\"{&quot;element_pack_global_tooltip_width&quot;:{&quot;unit&quot;:&quot;px&quot;,&quot;size&quot;:&quot;&quot;,&quot;sizes&quot;:[]},&quot;element_pack_global_tooltip_width_tablet&quot;:{&quot;unit&quot;:&quot;px&quot;,&quot;size&quot;:&quot;&quot;,&quot;sizes&quot;:[]},&quot;element_pack_global_tooltip_width_mobile&quot;:{&quot;unit&quot;:&quot;px&quot;,&quot;size&quot;:&quot;&quot;,&quot;sizes&quot;:[]},&quot;element_pack_global_tooltip_padding&quot;:{&quot;unit&quot;:&quot;px&quot;,&quot;top&quot;:&quot;&quot;,&quot;right&quot;:&quot;&quot;,&quot;bottom&quot;:&quot;&quot;,&quot;left&quot;:&quot;&quot;,&quot;isLinked&quot;:true},&quot;element_pack_global_tooltip_padding_tablet&quot;:{&quot;unit&quot;:&quot;px&quot;,&quot;top&quot;:&quot;&quot;,&quot;right&quot;:&quot;&quot;,&quot;bottom&quot;:&quot;&quot;,&quot;left&quot;:&quot;&quot;,&quot;isLinked&quot;:true},&quot;element_pack_global_tooltip_padding_mobile&quot;:{&quot;unit&quot;:&quot;px&quot;,&quot;top&quot;:&quot;&quot;,&quot;right&quot;:&quot;&quot;,&quot;bottom&quot;:&quot;&quot;,&quot;left&quot;:&quot;&quot;,&quot;isLinked&quot;:true},&quot;element_pack_global_tooltip_border_radius&quot;:{&quot;unit&quot;:&quot;px&quot;,&quot;top&quot;:&quot;&quot;,&quot;right&quot;:&quot;&quot;,&quot;bottom&quot;:&quot;&quot;,&quot;left&quot;:&quot;&quot;,&quot;isLinked&quot;:true},&quot;element_pack_global_tooltip_border_radius_tablet&quot;:{&quot;unit&quot;:&quot;px&quot;,&quot;top&quot;:&quot;&quot;,&quot;right&quot;:&quot;&quot;,&quot;bottom&quot;:&quot;&quot;,&quot;left&quot;:&quot;&quot;,&quot;isLinked&quot;:true},&quot;element_pack_global_tooltip_border_radius_mobile&quot;:{&quot;unit&quot;:&quot;px&quot;,&quot;top&quot;:&quot;&quot;,&quot;right&quot;:&quot;&quot;,&quot;bottom&quot;:&quot;&quot;,&quot;left&quot;:&quot;&quot;,&quot;isLinked&quot;:true}}\" data-elementor-post-type=\"page\">\n\t\t\t\t<div class=\"elementor-element elementor-element-d13f431 e-flex e-con-boxed e-con e-parent\" data-id=\"d13f431\" data-element_type=\"container\" data-e-type=\"container\" id=\"contact\" data-settings=\"{&quot;background_background&quot;:&quot;classic&quot;}\">\n\t\t\t\t\t<div class=\"e-con-inner\">\n\t\t<div class=\"elementor-element elementor-element-f48d78f e-con-full e-flex e-con e-child\" data-id=\"f48d78f\" data-element_type=\"container\" data-e-type=\"container\">\n\t\t\t\t<div class=\"elementor-element elementor-element-ccbfcc5 elementor-widget elementor-widget-text-editor\" data-id=\"ccbfcc5\" data-element_type=\"widget\" data-e-type=\"widget\" data-widget_type=\"text-editor.default\">\n\t\t\t\t\t\t\t\t\t<div class=\"hero-section\" data-type=\"type-1\"><header class=\"entry-header\"><h4 class=\"page-title\" title=\"Vilk\u00e5r for bruk\">Vilk\u00e5r for bruk<\/h4><\/header><\/div><div class=\"entry-content\"><div class=\"elementor elementor-566\" data-elementor-type=\"wp-page\" data-elementor-id=\"566\" data-elementor-post-type=\"page\"><section class=\"elementor-section elementor-top-section elementor-element elementor-element-37ae4af elementor-section-boxed elementor-section-height-default elementor-section-height-default\" data-id=\"37ae4af\" data-element_type=\"section\"><div class=\"elementor-container elementor-column-gap-default\"><div class=\"elementor-column elementor-col-100 elementor-top-column elementor-element elementor-element-68a58325\" data-id=\"68a58325\" data-element_type=\"column\"><div class=\"elementor-widget-wrap elementor-element-populated\"><div class=\"elementor-element elementor-element-57f4a451 elementor-widget elementor-widget-text-editor\" data-id=\"57f4a451\" data-element_type=\"widget\" data-widget_type=\"text-editor.default\"><div class=\"elementor-widget-container\"><p class=\"p1\">Ved \u00e5 bruke www.mointellect.com, www.mointellect.lt eller andre produkter og tjenester p\u00e5 plattformen, samtykker du og enheten du representerer i f\u00f8lgende vilk\u00e5r, betingelser for bruk og retningslinjer<\/p><p align=\"center\"><b><span lang=\"LT\">\u00a0<\/span><\/b><\/p><p align=\"center\"><b><span lang=\"LT\">MOINTELLECT\u00a0<\/span><\/b><b><\/b><b><span lang=\"LT\">RETNINGSLINJER FOR PERSONVERN<\/span><\/b><\/p><p align=\"center\"><b><span lang=\"LT\">KAPITTEL I<\/span><\/b><\/p><p align=\"center\"><b><span lang=\"LT\">GENERELLE BESTEMMELSER<\/span><\/b><\/p><p><span lang=\"LT\">\u00a0<\/span><\/p><p class=\"p1\"><span class=\"s1\">Denne personvernerkl\u00e6ringen informerer deg om hvordan vi behandler personopplysningene du oppgir til oss. Vi forsikrer deg ogs\u00e5 om<\/span>at vi behandler personopplysningene dine i samsvar med forordningen, Republikken Litauens lov om rettslig beskyttelse av personopplysninger og andre rettsakter som regulerer beskyttelse av personopplysninger.<\/p><p class=\"p1\">Vi har rett til \u00e5 endre reglene som er beskrevet i denne personvernerkl\u00e6ringen helt eller delvis. Vi vil varsle deg om eventuelle endringer ved \u00e5 legge ut en oppdatert versjon av denne personvernerkl\u00e6ringen p\u00e5 dette nettstedet.<\/p><p><b><span lang=\"LT\">Behandlingsansvarlig<\/span><\/b><i>\u00a0<\/i><span lang=\"LT\">- <\/span><span class=\"s1\">MB \"Mohub\", firmakode 307022080<\/span>.<\/p><p><b><span lang=\"LT\">Nettsted\u00a0<\/span><\/b><span lang=\"LT\">- <a href=\"https:\/\/web.archive.org\/web\/20240616235648\/http:\/\/www.mointellect.lt\/\" target=\"_blank\" rel=\"noopener\">www.mointellect.lt<\/a>. \u00a0<b><\/b><\/span><\/p><p><strong>Regulering<\/strong>\u00a0<strong><span lang=\"LT\">- <\/span><\/strong>Europaparlaments- og r\u00e5dsforordning (EU) 2016\/679 av 27. april 2016 om vern av fysiske personer i forbindelse med behandling av personopplysninger og om fri utveksling av slike opplysninger, og om oppheving av direktiv 95\/46\/EF (GDPR);<\/p><p class=\"p1\"><b>Personopplysninger\u00a0<\/b>- enhver opplysning om en identifisert eller identifiserbar fysisk person (den registrerte); en identifiserbar fysisk person er en person som kan identifiseres, direkte eller indirekte, s\u00e6rlig ved hjelp av en identifikator, f.eks. et navn, et f\u00f8dselsnummer, lokaliseringsopplysninger eller en nettidentifikator, eller ved hjelp av ett eller flere elementer som er spesifikke for den fysiske personens fysiske, fysiologiske, genetiske, psykiske, \u00f8konomiske, kulturelle eller sosiale identitet;<\/p><p class=\"p1\"><b>Databehandling<\/b><i>\u00a0<\/i>- enhver operasjon eller sekvens av operasjoner som utf\u00f8res p\u00e5 personopplysninger eller sett av personopplysninger, enten automatisert eller ikke, for eksempel innsamling, registrering, sortering, organisering, lagring, tilpasning eller endring, gjenfinning, tilgang, bruk, utlevering ved overf\u00f8ring, spredning eller annen tilgjengeliggj\u00f8ring, sammenstilling eller samkj\u00f8ring med andre opplysninger, begrensning, sletting eller tilintetgj\u00f8ring.<\/p><p><b><span lang=\"LT\">\u00a0<\/span><\/b><\/p><p align=\"center\"><b><span lang=\"LT\">KAPITTEL II<\/span><\/b><\/p><p align=\"center\"><b><span lang=\"LT\">PRINSIPPER FOR BEHANDLING AV PERSONOPPLYSNINGER<\/span><\/b><\/p><p><span lang=\"LT\">\u00a0<\/span><\/p><p class=\"p1\">Personopplysninger skal behandles i samsvar med f\u00f8lgende prinsipper:<\/p><ul><li>Personopplysninger m\u00e5 kun behandles p\u00e5 en slik m\u00e5te og med slike midler at sikkerheten ivaretas. Personopplysningene skal beskyttes mot ulovlig behandling og mot behandling uten samtykke. Dette m\u00e5 gjennomf\u00f8res ved hjelp av egnede tekniske og organisatoriske tiltak for \u00e5 garantere sikkerheten ved behandlingen, herunder beskyttelse mot utilsiktet tap, \u00f8deleggelse eller skade;<\/li><li>Personopplysningene skal bare oppbevares s\u00e5 lenge det er n\u00f8dvendig for \u00e5 oppn\u00e5 de form\u00e5lene de ble samlet inn for. I unntakstilfeller, der personopplysninger behandles for arkivform\u00e5l i allmennhetens interesse, for vitenskapelige eller historiske forskningsform\u00e5l eller for statistiske form\u00e5l, kan opplysningene oppbevares i en lengre periode;<\/li><li>personopplysningene skal v\u00e6re korrekte og oppdaterte i tilfelle un\u00f8yaktigheter. Rimelige tiltak, tekniske eller organisatoriske, m\u00e5 iverksettes for \u00e5 sikre at un\u00f8yaktige opplysninger alltid blir rettet eller slettet;<\/li><li>Personopplysninger skal bare samles inn i den utstrekning det er n\u00f8dvendig for \u00e5 oppn\u00e5 de form\u00e5lene som forf\u00f8lges;<\/li><li>person<b> <\/b>dataene skal<b> <\/b>kun samles inn for legitime, uttrykkelig angitte og spesifiserte form\u00e5l;<\/li><li>Personopplysninger m\u00e5 kun behandles p\u00e5 en rettferdig, lovlig og \u00e5pen m\u00e5te i forhold til den registrerte.<\/li><\/ul><p align=\"center\"><span lang=\"LT\">\u00a0<\/span><\/p><p align=\"center\"><b><span lang=\"LT\">KAPITTEL III<\/span><\/b><\/p><p align=\"center\"><b><span lang=\"LT\">FORM\u00c5L, RETTSGRUNNLAG OG TIDSFRISTER FOR BEHANDLING AV PERSONOPPLYSNINGER<\/span><\/b><\/p><p><span lang=\"LT\">Personopplysningene dine behandles for de form\u00e5lene, rettslige grunnlagene og tidsfristene som er angitt nedenfor:<\/span><\/p><table style=\"height: 1675px;\" border=\"1\" width=\"1075\" cellspacing=\"0\" cellpadding=\"0\"><tbody><tr><td valign=\"top\" width=\"329\"><p align=\"center\"><span lang=\"LT\">Behandling av personopplysninger<br \/>M\u00e5lsetting<\/span><\/p><\/td><td valign=\"top\" width=\"151\"><p align=\"center\"><span lang=\"LT\">Behandling av personopplysninger<br \/>rettslig grunnlag<\/span><\/p><\/td><td valign=\"top\" width=\"140\"><p align=\"center\"><span lang=\"LT\">Lagring av personopplysninger<br \/>tidsfrist<\/span><\/p><\/td><\/tr><tr><td valign=\"top\" width=\"329\"><p align=\"center\"><b><i><span lang=\"LT\">For \u00e5 h\u00e5ndtere henvendelser, foresp\u00f8rsler eller klager<\/span><\/i><\/b><span lang=\"LT\">\u00a0eventuelle personopplysninger i din henvendelse, foresp\u00f8rsel eller klage behandles.<\/span><\/p><\/td><td valign=\"top\" width=\"151\"><p align=\"center\"><span lang=\"LT\">Artikkel 6(1)(f) GDPR<\/span><\/p><\/td><td valign=\"top\" width=\"140\"><p align=\"center\"><span lang=\"LT\">3 \u00e5r<\/span><\/p><\/td><\/tr><tr><td valign=\"top\" width=\"329\"><p align=\"center\"><b><i><span lang=\"LT\">For kommunikasjon og publisering av nyheter p\u00e5 Facebook, samt for kommunikasjon via Messenger\u00a0<\/span><\/i><\/b><span lang=\"LT\">personopplysninger du oppgir til oss i en privat melding behandles, inkludert kommentarer, tilbakemeldinger, delinger, likes og annen informasjon som beholdes p\u00e5 det sosiale nettverket vi administrerer etter at du har utf\u00f8rt den aktuelle handlingen.<\/span><\/p><\/td><td valign=\"top\" width=\"151\"><p align=\"center\"><span lang=\"LT\">Artikkel 6(1)(a) GDPR<\/span><\/p><\/td><td valign=\"top\" width=\"140\"><p align=\"center\"><span lang=\"LT\">10 \u00e5r<\/span><\/p><\/td><\/tr><tr><td valign=\"top\" width=\"329\"><p align=\"center\"><b><i><span lang=\"LT\">I forbindelse med utvelgelse av ansatte\u00a0<\/span><\/i><\/b><span lang=\"LT\">administreres<b><i>\u00a0<\/i><\/b>Din<b><i>\u00a0<\/i><\/b>navn, etternavn, f\u00f8dselsdato, adresse, telefonnummer, e-postadresse, utdanningsbevis, curriculum vitae, andre opplysninger om dine kvalifikasjoner, faglige ferdigheter og faglige egenskaper, samt annen informasjon og dokumentasjon knyttet til dine faglige eller yrkesmessige egenskaper.<b><i><\/i><\/b><\/span><\/p><\/td><td valign=\"top\" width=\"151\"><p align=\"center\"><span lang=\"LT\">GDPR art. 6(1)(b,f)<\/span><\/p><\/td><td valign=\"top\" width=\"140\"><p align=\"center\"><span lang=\"LT\">Ikke mer enn 4 m\u00e5neder<\/span><\/p><\/td><\/tr><tr><td valign=\"top\" width=\"329\"><p align=\"center\"><b><i><span lang=\"LT\">For inng\u00e5else, gjennomf\u00f8ring og oppsigelse av sivile kontrakter (unntatt kontrakter med kunder)<\/span><\/i><\/b>\u00a0<span lang=\"LT\">navn, etternavn, tittel, f\u00f8dselsdato, personnummer, adresse, telefonnummer, e-postadresse, bank, bankkontonummer og andre opplysninger du har oppgitt.<\/span><\/p><\/td><td valign=\"top\" width=\"151\"><p align=\"center\"><span lang=\"LT\">GDPR art. 6(1)(b,f)<\/span><\/p><\/td><td valign=\"top\" width=\"140\"><p align=\"center\"><span lang=\"LT\">10 \u00e5r<\/span><\/p><\/td><\/tr><tr><td valign=\"top\" width=\"329\"><p align=\"center\"><b><i><span lang=\"LT\">For \u00e5 kunne levere tjenestene\u00a0<\/span><\/i><\/b><span lang=\"LT\">navn, etternavn, f\u00f8dselsdato, personnummer, ID-kort- eller passnummer, adresse, telefonnummer, e-postadresse, bank, bankkontonummer, postnummer og andre opplysninger som oppgis, blir behandlet.<b><i><\/i><\/b><\/span><\/p><\/td><td valign=\"top\" width=\"151\"><p align=\"center\"><span lang=\"LT\">GDPR art. 6(1)(b,f)<\/span><\/p><\/td><td valign=\"top\" width=\"140\"><p align=\"center\"><span lang=\"LT\">10 \u00e5r<\/span><\/p><\/td><\/tr><tr><td valign=\"top\" width=\"329\"><p align=\"center\"><b><i><span lang=\"LT\">For beskyttelse av rettigheter og legitime interesser og forsvar av krenkede rettigheter<\/span><\/i><\/b><span lang=\"LT\">\u00a0navn, etternavn, tittel, f\u00f8dselsdato, personnummer, pass- eller ID-kortnummer, adresse, telefonnummer, e-postadresse, bank, bankkontonummer, gjeldsbel\u00f8p, informasjon i tvangsfullbyrdelsesprosessen, samt andre personopplysninger som er n\u00f8dvendige for effektiv beskyttelse av de krenkede rettighetene og legitime interessene dine.<\/span><\/p><\/td><td valign=\"top\" width=\"151\"><p align=\"center\"><span lang=\"LT\">Artikkel 6(1)(f) GDPR<\/span><\/p><\/td><td valign=\"top\" width=\"140\"><p align=\"center\"><span lang=\"LT\">Republikken Litauens lov<br \/>for den perioden som er fastsatt i rettsaktene<\/span><\/p><\/td><\/tr><tr><td valign=\"top\" width=\"329\"><p align=\"center\"><b><i><span lang=\"LT\">For direkte markedsf\u00f8ringsform\u00e5l\u00a0<\/span><\/i><\/b><span lang=\"LT\">ditt navn, etternavn, e-postadresse og telefonnummer behandles.<b><i><\/i><\/b><\/span><\/p><\/td><td valign=\"top\" width=\"151\"><p align=\"center\"><span lang=\"LT\">Artikkel 6(1)(a) GDPR<\/span><\/p><\/td><td valign=\"top\" width=\"140\"><p align=\"center\"><span lang=\"LT\">Ikke mer enn 5 \u00e5r<\/span><\/p><\/td><\/tr><\/tbody><\/table><p><span lang=\"LT\">\u00a0<\/span><\/p><p align=\"center\"><b><span lang=\"LT\">KAPITTEL IV<\/span><\/b><\/p><p align=\"center\"><b><span lang=\"LT\">BRUK AV COOKIES<\/span><\/b><\/p><p><span lang=\"LT\">\u00a0<\/span><\/p><p class=\"p1\">En informasjonskapsel er en liten tekstfil som lagres p\u00e5 datamaskinen din n\u00e5r du bes\u00f8ker nettstedet v\u00e5rt. Informasjonskapslene gj\u00f8r det mulig for oss \u00e5 huske informasjon om dine surfevaner, handlinger og innstillinger, slik at du kan bruke alle funksjonene p\u00e5 nettstedet. Informasjonskapsler gj\u00f8r det ogs\u00e5 mulig for oss \u00e5 samle inn generell statistisk informasjon om deg og \u00e5 gi deg personlig tilpassede annonser basert p\u00e5 dine surfevaner.<\/p><p><span lang=\"LT\">\u00a0<\/span><\/p><p><span lang=\"LT\">For \u00e5 gi deg en bedre forst\u00e5else av informasjonskapslene vi samler inn, samt form\u00e5let, kategorien og utl\u00f8psdatoen for hver av disse informasjonskapslene, gir vi deg nedenfor en beskrivelse av informasjonskapslene og en tabell over de informasjonskapslene vi faktisk bruker.<\/span><\/p><p><span lang=\"LT\">Informasjonskapsler kategoriseres i f\u00f8lgende grupper:<\/span><\/p><ul><li class=\"li1\"><b><i>Strengt n\u00f8dvendige informasjonskapsler<\/i><\/b>\u00a0- Dette er informasjonskapsler som er n\u00f8dvendige for at nettstedet skal fungere p\u00e5 riktig m\u00e5te.<\/li><li class=\"li1\"><b><i>Funksjonelle informasjonskapsler<\/i><\/b>\u00a0- <span class=\"s2\">er informasjonskapsler som er utformet for \u00e5 identifisere en gjentatt bruker av nettstedet. De bidrar til \u00e5 tilpasse innholdet p\u00e5 nettstedet og til \u00e5 lagre innstillingene du velger.<\/span><\/li><li class=\"li1\"><b><i>Statistiske informasjonskapsler<\/i><\/b>\u00a0- er informasjonskapsler som brukes til \u00e5 utarbeide en statistisk analyse av navigasjonsm\u00f8nstrene til bes\u00f8kende p\u00e5 nettstedet. Dataene som samles inn av disse informasjonskapslene, brukes anonymt.<\/li><li class=\"li1\"><b><i>Salgsfremmende informasjonskapsler<\/i><\/b>\u00a0- Dette er informasjonskapsler som brukes til \u00e5 vise deg tilbud eller annen informasjon som kan v\u00e6re av interesse for deg.<\/li><\/ul><p><span lang=\"LT\">\u00a0<\/span><\/p><p><span lang=\"LT\">Informasjonskapsler kategoriseres i f\u00f8lgende grupper etter hvor lenge de er plassert:<\/span><\/p><ul><li><b><i>Sesjon<\/i><\/b> - Dette er midlertidige informasjonskapsler som bare eksisterer mens du er logget inn p\u00e5 nettstedet. \u00d8ktinformasjonskapsler gj\u00f8r det mulig for nettstedet \u00e5 huske hvilke preferanser du valgte da du bes\u00f8kte en tidligere side, slik at du ikke trenger \u00e5 oppgi denne informasjonen p\u00e5 nytt n\u00e5r du g\u00e5r til neste side.<\/li><li class=\"li1\"><b><i>Langsiktig<\/i><\/b> - er informasjonskapsler som blir liggende p\u00e5 enheten din etter at du har bes\u00f8kt nettstedet v\u00e5rt. N\u00e5r du kommer tilbake til nettstedet v\u00e5rt, vil disse informasjonskapslene bidra til \u00e5 identifisere deg som en unik bes\u00f8kende.<\/li><\/ul><p><span lang=\"LT\">\u00a0<\/span><\/p><p><span lang=\"LT\">Vi samler inn f\u00f8lgende informasjonskapsler:<\/span><\/p><p><span lang=\"LT\">\u00a0<\/span><\/p><table class=\"my-cookie-table\"><tbody><tr><td><strong>Nei.<\/strong><\/td><td><strong>Navn p\u00e5 informasjonskapsel<\/strong><\/td><td><strong>Kategori<\/strong><\/td><td><strong>M\u00e5l<\/strong><\/td><td><strong>Lagringens varighet<\/strong><\/td><\/tr><tr><td>1.<\/td><td>PHPSESSID<\/td><td>N\u00f8dvendig<\/td><td><p>Lagrer brukerens \u00f8ktstatus<\/p><p>i alle sideforesp\u00f8rsler<\/p><\/td><td>Sesjon<\/td><\/tr><tr><td>2.<\/td><td>rc::a<\/td><td>N\u00f8dvendig<\/td><td>Denne informasjonskapselen brukes til \u00e5 skille mellom mennesker og roboter. Den er nyttig for at nettstedet skal kunne produsere gyldige rapporter om bruken av nettstedet.<\/td><td>Permanent<\/td><\/tr><tr><td>3.<\/td><td>rc::c<\/td><td>N\u00f8dvendig<\/td><td>Denne informasjonskapselen brukes til \u00e5 skille mellom mennesker og roboter<\/td><td>Sesjon<\/td><\/tr><tr><td>4.<\/td><td>_ga<\/td><td>Statistisk<\/td><td>Registrerer en ID som brukes til \u00e5 generere statistikk om hvordan den bes\u00f8kende bruker nettstedet<\/td><td>2 \u00e5r<\/td><\/tr><tr><td>5.<\/td><td>_gat<\/td><td>Statistisk<\/td><td>Bruker Google Analytics for \u00e5 redusere hyppigheten av sp\u00f8rringer<\/td><td>1 dag<\/td><\/tr><tr><td>6.<\/td><td>_gid<\/td><td>Statistisk<\/td><td>Registrerer en ID som brukes til \u00e5 generere statistikk om hvordan den bes\u00f8kende bruker nettstedet<\/td><td>1 dag<\/td><\/tr><tr><td>7.<\/td><td>samle<\/td><td>Statistisk<\/td><td><p>Brukes til \u00e5 sende data til Google Analytics om den bes\u00f8kendes enhet og<\/p><p>oppf\u00f8rsel. F\u00f8lger den bes\u00f8kende p\u00e5 tvers<\/p><p>fasiliteter og markedsf\u00f8ringskanaler<\/p><\/td><td>Sesjon<\/td><\/tr><tr><td>8.<\/td><td>_ga<\/td><td>Statistisk<\/td><td>Registrerer en unik ID som brukes til \u00e5 gi statistikk over hvordan den bes\u00f8kende bruker nettstedet<\/td><td>2 \u00e5r<\/td><\/tr><tr><td>9.<\/td><td>_gat<\/td><td>Statistisk<\/td><td>Bruker Google Analytics for \u00e5 redusere hyppigheten av sp\u00f8rringer<\/td><td>1 dag<\/td><\/tr><tr><td>10.<\/td><td>_gid<\/td><td>Statistisk<\/td><td>Registrerer en unik ID som brukes til \u00e5 gi statistikk over hvordan den bes\u00f8kende bruker nettstedet<\/td><td>1 dag<\/td><\/tr><tr><td>11.<\/td><td>samle<\/td><td>Statistisk<\/td><td><p>Brukes til \u00e5 sende data til Google Analytics om den bes\u00f8kendes enhet og<\/p><p>oppf\u00f8rsel. F\u00f8lger den bes\u00f8kende p\u00e5 tvers<\/p><p>fasiliteter og markedsf\u00f8ringskanaler<\/p><\/td><td>Sesjon<\/td><\/tr><\/tbody><\/table><p align=\"center\"><span lang=\"LT\">\u00a0<\/span><\/p><p class=\"p1\">I tillegg kan du alltid konfigurere nettleseren din til \u00e5 nekte noen eller alle informasjonskapsler, eller til \u00e5 be om tillatelse f\u00f8r du godtar dem. V\u00e6r oppmerksom p\u00e5 at hvis du sletter informasjonskapsler eller deaktiverer informasjonskapsler i fremtiden, kan det hende at du ikke f\u00e5r tilgang til visse deler av eller funksjoner p\u00e5 nettstedet v\u00e5rt.<\/p><p class=\"p1\">For informasjon om hvordan du kan endre nettleserinnstillingene dine for \u00e5 slutte \u00e5 godta informasjonskapsler, kan du g\u00e5 til\u00a0<a href=\"http:\/\/www.aboutcookies.org\/\" target=\"_blank\" rel=\"noopener\"><span class=\"s1\">www.aboutcookies.org<\/span><\/a>\u00a0eller\u00a0<a href=\"http:\/\/www.allaboutcookies.org\/\" target=\"_blank\" rel=\"noopener\"><span class=\"s1\">www.allaboutcookies.org<\/span><\/a>.<\/p><p align=\"center\"><b><span lang=\"LT\">KAPITTEL V<\/span><\/b><\/p><p align=\"center\"><b><span lang=\"LT\">PROSEDYRER FOR UTLEVERING AV PERSONOPPLYSNINGER TIL TREDJEPARTER<\/span><\/b><\/p><p><span lang=\"LT\">Den behandlingsansvarlige kan overf\u00f8re opplysningene dine til tredjeparter for \u00e5 bist\u00e5 i driften og forvaltningen av tjenesten. I hvert enkelt tilfelle vil den behandlingsansvarlige bare gi databehandleren s\u00e5 mange opplysninger som er n\u00f8dvendig for \u00e5 utf\u00f8re et bestemt oppdrag eller levere en bestemt tjeneste.<\/span><\/p><p><span lang=\"LT\">Opplysningene dine blir ogs\u00e5 gitt videre til administratorer av sosiale nettverk, som behandler dem i henhold til sine egne retningslinjer for personvern.<\/span><\/p><p><span lang=\"LT\">Opplysningene dine kan bli utlevert til kompetente myndigheter eller rettsh\u00e5ndhevende myndigheter, inkludert revisorer, domstoler og namsmenn, p\u00e5 foresp\u00f8rsel i samsvar med loven.<\/span><\/p><p><span lang=\"LT\">Behandlingsansvarlig kan ogs\u00e5 overf\u00f8re opplysningene dine til andre tredjeparter n\u00e5r det er n\u00f8dvendig og i berettiget interesse, inkludert overf\u00f8ringer utenfor EU. Ved slike overf\u00f8ringer forplikter behandlingsansvarlig seg til \u00e5 overholde forpliktelsene som er fastsatt i artikkel 44 til 49 i GDPR.<\/span><\/p><p align=\"center\"><b><span lang=\"LT\">KAPITTEL VI<\/span><\/b><\/p><p align=\"center\"><b><span lang=\"LT\">DE REGISTRERTES RETTIGHETER<\/span><\/b><\/p><p><span lang=\"LT\">Det har du rett til:<\/span><\/p><ul><li><span lang=\"LT\">\u00a0 \u00a0 \u00a0til \u00e5 vite (bli informert) om behandlingen av personopplysningene dine;<\/span><\/li><li><span lang=\"LT\">\u00a0 \u00a0 \u00a0tilgang til personopplysningene dine;<\/span><\/li><li><span lang=\"LT\">\u00a0 \u00a0 \u00a0be om retting av personopplysninger;<\/span><\/li><li><span lang=\"LT\">\u00a0 \u00a0 \u00a0be om sletting av personopplysninger (\"retten til \u00e5 bli glemt\");<\/span><\/li><li><span lang=\"LT\">\u00a0 \u00a0 \u00a0begrense behandlingen av personopplysningene dine;<\/span><\/li><li><span lang=\"LT\">\u00a0 \u00a0 \u00a0motsette deg behandlingen av personopplysningene dine;<\/span><\/li><li><span lang=\"LT\">\u00a0 \u00a0 \u00a0portabilitet av personopplysninger;<\/span><\/li><li><span lang=\"LT\">\u00a0 \u00a0 \u00a0motsette deg at det tas en avgj\u00f8relse om deg utelukkende p\u00e5 grunnlag av automatisert behandling, herunder profilering.<\/span><\/li><\/ul><p><span lang=\"LT\">Foresp\u00f8rsler til behandlingsansvarlig m\u00e5 fremsettes skriftlig til kontaktpersonene som er oppf\u00f8rt i avsnittet \"Kontaktinformasjon\" i denne personvernerkl\u00e6ringen. Behandlingsansvarlig forplikter seg til \u00e5 svare p\u00e5 denne foresp\u00f8rselen innen 1 m\u00e5ned etter mottak av foresp\u00f8rselen. Denne perioden p\u00e5 1 m\u00e5ned kan forlenges med ytterligere 2 m\u00e5neder avhengig av kompleksiteten og antallet foresp\u00f8rsler.<\/span><\/p><p><span lang=\"LT\">I tillegg gj\u00f8r vi oppmerksom p\u00e5 at personvernforordningen, i tillegg til ut\u00f8velsen av visse rettigheter, fastsetter kriterier for i hvilke tilfeller disse rettighetene ikke kan ut\u00f8ves, eller fastsetter vilk\u00e5rene som m\u00e5 oppfylles for behandlingen av opplysningene for at en rettighet skal kunne ut\u00f8ves.<\/span><\/p><p><span lang=\"LT\">Hvis du er uenig i v\u00e5rt svar, har du rett til \u00e5 klage til en kompetent statlig myndighet, for eksempel det statlige datatilsynet eller en domstol.<\/span><\/p><p align=\"center\"><span lang=\"LT\">\u00a0<\/span><\/p><p align=\"center\"><b><span lang=\"LT\">KAPITTEL VII<\/span><\/b><\/p><p align=\"center\"><b><span lang=\"LT\">KONTAKTINFORMASJON<\/span><\/b><\/p><p><span lang=\"LT\">Hvis du har sp\u00f8rsm\u00e5l eller klager p\u00e5 behandlingen av personopplysningene dine, kan du kontakte oss via e-post p\u00e5\u00a0<a href=\"https:\/\/web.archive.org\/web\/20240616235648\/mailto:labas@mointellect.lt\" target=\"_blank\" rel=\"noopener\">labas@mointellect.lt<\/a>. Vennligst signer alle foresp\u00f8rsler som sendes via e-post med en elektronisk signatur, slik at vi kan identifisere deg p\u00e5 riktig m\u00e5te.<\/span><\/p><p><span lang=\"LT\">\u00a0<\/span><\/p><p align=\"right\"><i><span lang=\"LT\">Siste oppdatering: 2. april 2025\u00a0\u00a0<\/span><\/i><\/p><\/div><\/div><\/div><\/div><\/div><\/section><\/div><\/div>\t\t\t\t\t\t\t\t<\/div>\n\t\t\t\t<\/div>\n\t\t\t\t\t<\/div>\n\t\t\t\t<\/div>\n\t\t\t\t<\/div>","protected":false},"excerpt":{"rendered":"<p>Naudojimosi s\u0105lygos Naudodami www.mointellect.com, www.mointellect.lt ar kitais platformos produktais bei paslaugomis J\u016bs ir J\u016bs\u0173 atstovaujamas subjektas sutinka su \u0161iomis s\u0105lygomis, naudojimosi taisykl\u0117mis [&hellip;]<\/p>\n","protected":false},"author":1,"featured_media":0,"parent":0,"menu_order":0,"comment_status":"closed","ping_status":"closed","template":"","meta":{"footnotes":""},"class_list":["post-1614","page","type-page","status-publish","hentry"],"_links":{"self":[{"href":"https:\/\/mointellect.com\/no\/wp-json\/wp\/v2\/pages\/1614","targetHints":{"allow":["GET"]}}],"collection":[{"href":"https:\/\/mointellect.com\/no\/wp-json\/wp\/v2\/pages"}],"about":[{"href":"https:\/\/mointellect.com\/no\/wp-json\/wp\/v2\/types\/page"}],"author":[{"embeddable":true,"href":"https:\/\/mointellect.com\/no\/wp-json\/wp\/v2\/users\/1"}],"replies":[{"embeddable":true,"href":"https:\/\/mointellect.com\/no\/wp-json\/wp\/v2\/comments?post=1614"}],"version-history":[{"count":0,"href":"https:\/\/mointellect.com\/no\/wp-json\/wp\/v2\/pages\/1614\/revisions"}],"wp:attachment":[{"href":"https:\/\/mointellect.com\/no\/wp-json\/wp\/v2\/media?parent=1614"}],"curies":[{"name":"wp","href":"https:\/\/api.w.org\/{rel}","templated":true}]}}