{"id":4423,"date":"2026-01-04T13:14:53","date_gmt":"2026-01-04T11:14:53","guid":{"rendered":"https:\/\/mointellect.com\/?page_id=4423"},"modified":"2026-03-05T09:52:03","modified_gmt":"2026-03-05T07:52:03","slug":"lietosanas-noteikumi","status":"publish","type":"page","link":"https:\/\/mointellect.com\/lv\/naudojimosi-taisykles\/","title":{"rendered":"Lieto\u0161anas noteikumi"},"content":{"rendered":"<div data-elementor-type=\"wp-page\" data-elementor-id=\"4423\" class=\"elementor elementor-4423\" data-elementor-settings=\"{&quot;element_pack_global_tooltip_width&quot;:{&quot;unit&quot;:&quot;px&quot;,&quot;size&quot;:&quot;&quot;,&quot;sizes&quot;:[]},&quot;element_pack_global_tooltip_width_tablet&quot;:{&quot;unit&quot;:&quot;px&quot;,&quot;size&quot;:&quot;&quot;,&quot;sizes&quot;:[]},&quot;element_pack_global_tooltip_width_mobile&quot;:{&quot;unit&quot;:&quot;px&quot;,&quot;size&quot;:&quot;&quot;,&quot;sizes&quot;:[]},&quot;element_pack_global_tooltip_padding&quot;:{&quot;unit&quot;:&quot;px&quot;,&quot;top&quot;:&quot;&quot;,&quot;right&quot;:&quot;&quot;,&quot;bottom&quot;:&quot;&quot;,&quot;left&quot;:&quot;&quot;,&quot;isLinked&quot;:true},&quot;element_pack_global_tooltip_padding_tablet&quot;:{&quot;unit&quot;:&quot;px&quot;,&quot;top&quot;:&quot;&quot;,&quot;right&quot;:&quot;&quot;,&quot;bottom&quot;:&quot;&quot;,&quot;left&quot;:&quot;&quot;,&quot;isLinked&quot;:true},&quot;element_pack_global_tooltip_padding_mobile&quot;:{&quot;unit&quot;:&quot;px&quot;,&quot;top&quot;:&quot;&quot;,&quot;right&quot;:&quot;&quot;,&quot;bottom&quot;:&quot;&quot;,&quot;left&quot;:&quot;&quot;,&quot;isLinked&quot;:true},&quot;element_pack_global_tooltip_border_radius&quot;:{&quot;unit&quot;:&quot;px&quot;,&quot;top&quot;:&quot;&quot;,&quot;right&quot;:&quot;&quot;,&quot;bottom&quot;:&quot;&quot;,&quot;left&quot;:&quot;&quot;,&quot;isLinked&quot;:true},&quot;element_pack_global_tooltip_border_radius_tablet&quot;:{&quot;unit&quot;:&quot;px&quot;,&quot;top&quot;:&quot;&quot;,&quot;right&quot;:&quot;&quot;,&quot;bottom&quot;:&quot;&quot;,&quot;left&quot;:&quot;&quot;,&quot;isLinked&quot;:true},&quot;element_pack_global_tooltip_border_radius_mobile&quot;:{&quot;unit&quot;:&quot;px&quot;,&quot;top&quot;:&quot;&quot;,&quot;right&quot;:&quot;&quot;,&quot;bottom&quot;:&quot;&quot;,&quot;left&quot;:&quot;&quot;,&quot;isLinked&quot;:true}}\" data-elementor-post-type=\"page\">\n\t\t\t\t<div class=\"elementor-element elementor-element-8c18563 e-flex e-con-boxed e-con e-parent\" data-id=\"8c18563\" data-element_type=\"container\" data-e-type=\"container\">\n\t\t\t\t\t<div class=\"e-con-inner\">\n\t\t\t\t<div class=\"elementor-element elementor-element-e2cf779 elementor-widget elementor-widget-text-editor\" data-id=\"e2cf779\" data-element_type=\"widget\" data-e-type=\"widget\" data-widget_type=\"text-editor.default\">\n\t\t\t\t\t\t\t\t\t<h2>IZMANTO\u0160ANAS NOTEIKUMI<\/h2>\n\n<h3>1. Visp\u0101r\u012bgi noteikumi<\/h3>\n<p><strong>1.1.<\/strong> \u0160ie noteikumi nosaka t\u012bmek\u013ca viet\u0146u www.mointellect.lt un www.mointellect.com (turpm\u0101k tekst\u0101 - \"t\u012bmek\u013ca vietne\") lieto\u0161anas k\u0101rt\u012bbu.<\/p>\n<p><strong>1.2.<\/strong> T\u012bmek\u013ca vietni administr\u0113 MB \"Mohub\", uz\u0146\u0113muma kods 307022080 (turpm\u0101k tekst\u0101 - \"Pakalpojumu sniedz\u0113js\").<\/p>\n<p><strong>1.3.<\/strong> Piek\u013c\u016bstot T\u012bmek\u013ca vietnei, apmekl\u0113t\u0101js apliecina, ka ir iepazinies ar \u0161iem Noteikumiem un nosac\u012bjumiem, Priv\u0101tuma politiku un S\u012bkdat\u0146u politiku un piekr\u012bt tos iev\u0113rot.<\/p>\n\n<h3>2. Intelektu\u0101lais \u012bpa\u0161ums<\/h3>\n<p><strong>2.1.<\/strong> Viss t\u012bmek\u013ca vietnes saturs (teksts, fotogr\u0101fijas, logotipi, dizaina elementi, programmat\u016bra) ir Mohub MB vai t\u0101s partneru intelektu\u0101lais \u012bpa\u0161ums.<\/p>\n<p><strong>2.2.<\/strong> Ir stingri aizliegts kop\u0113t, izplat\u012bt vai cit\u0101di izmantot T\u012bmek\u013ca vietnes saturu komerci\u0101los nol\u016bkos bez Pakalpojumu sniedz\u0113ja rakstiskas piekri\u0161anas.<\/p>\n\n<h3>3. Pat\u0113r\u0113t\u0101ju ties\u012bbas un pien\u0101kumi<\/h3>\n<p><strong>3.1.<\/strong> Lietot\u0101js ap\u0146emas sniegt pareizu inform\u0101ciju re\u0123istr\u0101cijas veidlap\u0101s vai abon\u0113jot jaunumus.<\/p>\n<p><strong>3.2.<\/strong> J\u016bs nedr\u012bkstat izmantot Vietni jebk\u0101d\u0101m darb\u012bb\u0101m, kas var\u0113tu kait\u0113t Vietnes darb\u012bbai, dro\u0161\u012bbai vai citiem Vietnes lietot\u0101jiem.<\/p>\n\n<h3>4. Atbild\u012bbas ierobe\u017eo\u0161ana<\/h3>\n<p><strong>4.1.<\/strong> Pakalpojumu sniedz\u0113js nav atbild\u012bgs par jebk\u0101diem T\u012bmek\u013ca vietnes darb\u012bbas trauc\u0113jumiem, ko izrais\u012bju\u0161as tehniskas probl\u0113mas, tre\u0161o personu darb\u012bbas vai nep\u0101rvaramas varas apst\u0101k\u013ci (<em>force majeure<\/em>) apst\u0101k\u013ci.<\/p>\n<p><strong>4.2.<\/strong> Vietn\u0113 var b\u016bt saites uz cit\u0101m vietn\u0113m (piem\u0113ram, partneru vietn\u0113m), ta\u010du Pakalpojumu sniedz\u0113js nav atbild\u012bgs par \u0161o viet\u0146u saturu vai priv\u0101tuma politiku.<\/p>\n\n<h3>5. Nobeiguma noteikumi<\/h3>\n<p><strong>5.1.<\/strong> \u0160os noteikumus reglament\u0113 Lietuvas Republikas ties\u012bbu akti.<\/p>\n<p><strong>5.2.<\/strong> Visas domstarp\u012bbas tiek risin\u0101tas sarunu ce\u013c\u0101 un, ja vieno\u0161an\u0101s netiek pan\u0101kta, Lietuvas Republikas ties\u0101.<\/p>\n<p><strong>5.3.<\/strong> Pakalpojumu sniedz\u0113js patur ties\u012bbas jebkur\u0101 laik\u0101 main\u012bt Noteikumus. Groz\u012bjumi st\u0101jas sp\u0113k\u0101 no to public\u0113\u0161anas br\u012b\u017ea T\u012bmek\u013ca vietn\u0113.<\/p>\n\n<p><em>P\u0113d\u0113jais atjaunin\u0101jums: 2026. gada 4. janv\u0101ris<\/em><\/p>\t\t\t\t\t\t\t\t<\/div>\n\t\t\t\t\t<\/div>\n\t\t\t\t<\/div>\n\t\t\t\t<\/div>","protected":false},"excerpt":{"rendered":"<p>NAUDOJIMOSI TAISYKL\u0116S 1. Bendrosios nuostatos 1.1. \u0160ios taisykl\u0117s nustato naudojimosi interneto svetain\u0117mis www.mointellect.lt ir www.mointellect.com (toliau \u2013 \u201eSvetain\u0117\u201c) tvark\u0105. 1.2. Svetain\u0119 administruoja [&hellip;]<\/p>\n","protected":false},"author":9,"featured_media":0,"parent":0,"menu_order":0,"comment_status":"closed","ping_status":"closed","template":"","meta":{"footnotes":""},"class_list":["post-4423","page","type-page","status-publish","hentry"],"_links":{"self":[{"href":"https:\/\/mointellect.com\/lv\/wp-json\/wp\/v2\/pages\/4423","targetHints":{"allow":["GET"]}}],"collection":[{"href":"https:\/\/mointellect.com\/lv\/wp-json\/wp\/v2\/pages"}],"about":[{"href":"https:\/\/mointellect.com\/lv\/wp-json\/wp\/v2\/types\/page"}],"author":[{"embeddable":true,"href":"https:\/\/mointellect.com\/lv\/wp-json\/wp\/v2\/users\/9"}],"replies":[{"embeddable":true,"href":"https:\/\/mointellect.com\/lv\/wp-json\/wp\/v2\/comments?post=4423"}],"version-history":[{"count":0,"href":"https:\/\/mointellect.com\/lv\/wp-json\/wp\/v2\/pages\/4423\/revisions"}],"wp:attachment":[{"href":"https:\/\/mointellect.com\/lv\/wp-json\/wp\/v2\/media?parent=4423"}],"curies":[{"name":"wp","href":"https:\/\/api.w.org\/{rel}","templated":true}]}}