{"id":4412,"date":"2026-01-04T13:01:49","date_gmt":"2026-01-04T11:01:49","guid":{"rendered":"https:\/\/mointellect.com\/?page_id=4412"},"modified":"2026-03-05T09:51:29","modified_gmt":"2026-03-05T07:51:29","slug":"sikfailu-politika","status":"publish","type":"page","link":"https:\/\/mointellect.com\/lv\/slapuku-politika\/","title":{"rendered":"S\u012bkfailu politika"},"content":{"rendered":"<div data-elementor-type=\"wp-page\" data-elementor-id=\"4412\" class=\"elementor elementor-4412\" data-elementor-settings=\"{&quot;element_pack_global_tooltip_width&quot;:{&quot;unit&quot;:&quot;px&quot;,&quot;size&quot;:&quot;&quot;,&quot;sizes&quot;:[]},&quot;element_pack_global_tooltip_width_tablet&quot;:{&quot;unit&quot;:&quot;px&quot;,&quot;size&quot;:&quot;&quot;,&quot;sizes&quot;:[]},&quot;element_pack_global_tooltip_width_mobile&quot;:{&quot;unit&quot;:&quot;px&quot;,&quot;size&quot;:&quot;&quot;,&quot;sizes&quot;:[]},&quot;element_pack_global_tooltip_padding&quot;:{&quot;unit&quot;:&quot;px&quot;,&quot;top&quot;:&quot;&quot;,&quot;right&quot;:&quot;&quot;,&quot;bottom&quot;:&quot;&quot;,&quot;left&quot;:&quot;&quot;,&quot;isLinked&quot;:true},&quot;element_pack_global_tooltip_padding_tablet&quot;:{&quot;unit&quot;:&quot;px&quot;,&quot;top&quot;:&quot;&quot;,&quot;right&quot;:&quot;&quot;,&quot;bottom&quot;:&quot;&quot;,&quot;left&quot;:&quot;&quot;,&quot;isLinked&quot;:true},&quot;element_pack_global_tooltip_padding_mobile&quot;:{&quot;unit&quot;:&quot;px&quot;,&quot;top&quot;:&quot;&quot;,&quot;right&quot;:&quot;&quot;,&quot;bottom&quot;:&quot;&quot;,&quot;left&quot;:&quot;&quot;,&quot;isLinked&quot;:true},&quot;element_pack_global_tooltip_border_radius&quot;:{&quot;unit&quot;:&quot;px&quot;,&quot;top&quot;:&quot;&quot;,&quot;right&quot;:&quot;&quot;,&quot;bottom&quot;:&quot;&quot;,&quot;left&quot;:&quot;&quot;,&quot;isLinked&quot;:true},&quot;element_pack_global_tooltip_border_radius_tablet&quot;:{&quot;unit&quot;:&quot;px&quot;,&quot;top&quot;:&quot;&quot;,&quot;right&quot;:&quot;&quot;,&quot;bottom&quot;:&quot;&quot;,&quot;left&quot;:&quot;&quot;,&quot;isLinked&quot;:true},&quot;element_pack_global_tooltip_border_radius_mobile&quot;:{&quot;unit&quot;:&quot;px&quot;,&quot;top&quot;:&quot;&quot;,&quot;right&quot;:&quot;&quot;,&quot;bottom&quot;:&quot;&quot;,&quot;left&quot;:&quot;&quot;,&quot;isLinked&quot;:true}}\" data-elementor-post-type=\"page\">\n\t\t\t\t<div class=\"elementor-element elementor-element-cb1c0ce e-flex e-con-boxed e-con e-parent\" data-id=\"cb1c0ce\" data-element_type=\"container\" data-e-type=\"container\">\n\t\t\t\t\t<div class=\"e-con-inner\">\n\t\t\t\t<div class=\"elementor-element elementor-element-73d4df3 elementor-widget elementor-widget-text-editor\" data-id=\"73d4df3\" data-element_type=\"widget\" data-e-type=\"widget\" data-widget_type=\"text-editor.default\">\n\t\t\t\t\t\t\t\t\t<h2>MOINTELLECT S\u012aKFAILU POLITIKA<\/h2>\n\n<h3>Kas ir s\u012bkfaili?<\/h3>\n<p>S\u012bkfails. <em>s\u012bkdatnes<\/em>) ir neliels teksta fails, ko t\u012bmek\u013ca vietne saglab\u0101 j\u016bsu dator\u0101 vai mobilaj\u0101 ier\u012bc\u0113, kad to apmekl\u0113jat. S\u012bkfaili \u013cauj vietnei \"atcer\u0113ties\" j\u016bsu darb\u012bbas un preferences uz noteiktu laiku.<\/p>\n\n<h3>K\u0101das s\u012bkdatnes un izseko\u0161anas tehnolo\u0123ijas m\u0113s izmantojam?<\/h3>\n<p>Papildus standarta s\u012bkfailiem, ko izmanto, lai nodro\u0161in\u0101tu vietnes darb\u012bbu, m\u0113s izmantojam ar\u012b tre\u0161o pu\u0161u r\u012bkus m\u0101rketinga un statistikas vajadz\u012bb\u0101m:<\/p>\n\n<ul>\n    <li><strong>Oblig\u0101ti nepiecie\u0161amie s\u012bkfaili:<\/strong> Nepiecie\u0161ams pareizai t\u012bmek\u013ca vietnes darb\u012bbai (piem\u0113ram, sesijas atbalstam).<\/li>\n    <li><strong>Anal\u012btisk\u0101s s\u012bkdatnes (Google Analytics):<\/strong> Pal\u012bdz mums saprast, k\u0101 apmekl\u0113t\u0101ji izmanto vietni, kuras da\u013cas ir vispopul\u0101r\u0101k\u0101s. Dati tiek v\u0101kti anon\u012bmi.<\/li>\n    <li><strong>M\u0101rketinga un m\u0113r\u0137\u0113\u0161anas s\u012bkfaili (Google Ads, Meta Pixel):<\/strong>\n        <ul>\n            <li><em>Meta pikse\u013ci (Facebook):<\/em> \u0160is r\u012bks \u013cauj mums redz\u0113t, k\u0101das darb\u012bbas esat veicis m\u016bsu vietn\u0113 p\u0113c tam, kad esat n\u0101cis no Facebook vai Instagram rekl\u0101mas. Tas pal\u012bdz mums turpm\u0101k r\u0101d\u012bt jums atbilsto\u0161\u0101kas rekl\u0101mas.<\/li>\n            <li><em>Google rekl\u0101mas:<\/em> Izmanto, lai nodro\u0161in\u0101tu jums piel\u0101gotus pied\u0101v\u0101jumus Google mekl\u0113\u0161anas un partneru t\u012bklos un lai nov\u0113rt\u0113tu rekl\u0101mu efektivit\u0101ti.<\/li>\n        <\/ul>\n    <\/li>\n<\/ul>\n\n<h3>Izmantoto s\u012bkfailu saraksts<\/h3>\n<table style=\"width: 100%; border-collapse: collapse; margin-top: 20px;\">\n    <thead>\n        <tr style=\"background-color: #f2f2f2; text-align: left;\">\n            <th style=\"padding: 10px; border: 1px solid #ddd;\">Nosaukums<\/th>\n            <th style=\"padding: 10px; border: 1px solid #ddd;\">Kategorija<\/th>\n            <th style=\"padding: 10px; border: 1px solid #ddd;\">M\u0113r\u0137is<\/th>\n            <th style=\"padding: 10px; border: 1px solid #ddd;\">Der\u012bgums<\/th>\n        <\/tr>\n    <\/thead>\n    <tbody>\n        <tr>\n            <td style=\"padding: 10px; border: 1px solid #ddd;\">PHPSESSID<\/td>\n            <td style=\"padding: 10px; border: 1px solid #ddd;\">Nepiecie\u0161ams<\/td>\n            <td style=\"padding: 10px; border: 1px solid #ddd;\">Saglab\u0101jiet lietot\u0101ja sesijas st\u0101vokli.<\/td>\n            <td style=\"padding: 10px; border: 1px solid #ddd;\">Sesija<\/td>\n        <\/tr>\n        <tr>\n            <td style=\"padding: 10px; border: 1px solid #ddd;\">_ga<\/td>\n            <td style=\"padding: 10px; border: 1px solid #ddd;\">Statistikas<\/td>\n            <td style=\"padding: 10px; border: 1px solid #ddd;\">Google Analytics: re\u0123istr\u0113 unik\u0101lu ID statistikas vajadz\u012bb\u0101m.<\/td>\n            <td style=\"padding: 10px; border: 1px solid #ddd;\">2 gadi<\/td>\n        <\/tr>\n        <tr>\n            <td style=\"padding: 10px; border: 1px solid #ddd;\">_gid<\/td>\n            <td style=\"padding: 10px; border: 1px solid #ddd;\">Statistikas<\/td>\n            <td style=\"padding: 10px; border: 1px solid #ddd;\">Google Analytics: lietot\u0101ju uzved\u012bbas statistika.<\/td>\n            <td style=\"padding: 10px; border: 1px solid #ddd;\">1 diena<\/td>\n        <\/tr>\n        <tr>\n            <td style=\"padding: 10px; border: 1px solid #ddd;\">_fbp<\/td>\n            <td style=\"padding: 10px; border: 1px solid #ddd;\">M\u0101rketings<\/td>\n            <td style=\"padding: 10px; border: 1px solid #ddd;\">Meta pikse\u013ci: tiek izmantoti, lai optimiz\u0113tu Facebook rekl\u0101mu.<\/td>\n            <td style=\"padding: 10px; border: 1px solid #ddd;\">3 m\u0113ne\u0161i.<\/td>\n        <\/tr>\n        <tr>\n            <td style=\"padding: 10px; border: 1px solid #ddd;\">sludin\u0101jumi\/ga-auditorijas<\/td>\n            <td style=\"padding: 10px; border: 1px solid #ddd;\">M\u0101rketings<\/td>\n            <td style=\"padding: 10px; border: 1px solid #ddd;\">Google Rekl\u0101mas: tiek izmantotas atk\u0101rtotajam m\u0101rketingam.<\/td>\n            <td style=\"padding: 10px; border: 1px solid #ddd;\">Sesija<\/td>\n        <\/tr>\n    <\/tbody>\n<\/table>\n\n<h3>K\u0101 p\u0101rvald\u012bt s\u012bkfailus?<\/h3>\n<p>Jebkur\u0101 laik\u0101 varat dz\u0113st s\u012bkfailus sav\u0101 p\u0101rl\u016bkprogramm\u0101 vai main\u012bt iestat\u012bjumus, lai s\u012bkfaili netiktu pie\u0146emti. S\u012bk\u0101kai inform\u0101cijai: <a href=\"http:\/\/www.allaboutcookies.org\" target=\"_blank\" rel=\"noopener\">www.allaboutcookies.org<\/a>. Lai main\u012btu savu piekri\u0161anu, varat ar\u012b izmantot s\u012bkfailu p\u0101rvald\u012bbas r\u012bku m\u016bsu vietn\u0113.<\/p>\t\t\t\t\t\t\t\t<\/div>\n\t\t\t\t\t<\/div>\n\t\t\t\t<\/div>\n\t\t\t\t<\/div>","protected":false},"excerpt":{"rendered":"<p>MOINTELLECT SLAPUK\u0172 POLITIKA Kas yra slapukai? Slapukas (angl. cookie) \u2013 tai nedidel\u0117 teksto rinkmena, kuri\u0105 svetain\u0117 i\u0161saugo J\u016bs\u0173 kompiuteryje arba mobiliajame \u012frenginyje, [&hellip;]<\/p>\n","protected":false},"author":9,"featured_media":0,"parent":0,"menu_order":0,"comment_status":"closed","ping_status":"closed","template":"","meta":{"footnotes":""},"class_list":["post-4412","page","type-page","status-publish","hentry"],"_links":{"self":[{"href":"https:\/\/mointellect.com\/lv\/wp-json\/wp\/v2\/pages\/4412","targetHints":{"allow":["GET"]}}],"collection":[{"href":"https:\/\/mointellect.com\/lv\/wp-json\/wp\/v2\/pages"}],"about":[{"href":"https:\/\/mointellect.com\/lv\/wp-json\/wp\/v2\/types\/page"}],"author":[{"embeddable":true,"href":"https:\/\/mointellect.com\/lv\/wp-json\/wp\/v2\/users\/9"}],"replies":[{"embeddable":true,"href":"https:\/\/mointellect.com\/lv\/wp-json\/wp\/v2\/comments?post=4412"}],"version-history":[{"count":0,"href":"https:\/\/mointellect.com\/lv\/wp-json\/wp\/v2\/pages\/4412\/revisions"}],"wp:attachment":[{"href":"https:\/\/mointellect.com\/lv\/wp-json\/wp\/v2\/media?parent=4412"}],"curies":[{"name":"wp","href":"https:\/\/api.w.org\/{rel}","templated":true}]}}