{"id":4408,"date":"2026-01-04T13:01:08","date_gmt":"2026-01-04T11:01:08","guid":{"rendered":"https:\/\/mointellect.com\/?page_id=4408"},"modified":"2026-03-05T09:52:12","modified_gmt":"2026-03-05T07:52:12","slug":"privatuma-politika","status":"publish","type":"page","link":"https:\/\/mointellect.com\/lv\/privatumo-politika\/","title":{"rendered":"Konfidencialit\u0101tes politika"},"content":{"rendered":"<div data-elementor-type=\"wp-page\" data-elementor-id=\"4408\" class=\"elementor elementor-4408\" data-elementor-settings=\"{&quot;element_pack_global_tooltip_width&quot;:{&quot;unit&quot;:&quot;px&quot;,&quot;size&quot;:&quot;&quot;,&quot;sizes&quot;:[]},&quot;element_pack_global_tooltip_width_tablet&quot;:{&quot;unit&quot;:&quot;px&quot;,&quot;size&quot;:&quot;&quot;,&quot;sizes&quot;:[]},&quot;element_pack_global_tooltip_width_mobile&quot;:{&quot;unit&quot;:&quot;px&quot;,&quot;size&quot;:&quot;&quot;,&quot;sizes&quot;:[]},&quot;element_pack_global_tooltip_padding&quot;:{&quot;unit&quot;:&quot;px&quot;,&quot;top&quot;:&quot;&quot;,&quot;right&quot;:&quot;&quot;,&quot;bottom&quot;:&quot;&quot;,&quot;left&quot;:&quot;&quot;,&quot;isLinked&quot;:true},&quot;element_pack_global_tooltip_padding_tablet&quot;:{&quot;unit&quot;:&quot;px&quot;,&quot;top&quot;:&quot;&quot;,&quot;right&quot;:&quot;&quot;,&quot;bottom&quot;:&quot;&quot;,&quot;left&quot;:&quot;&quot;,&quot;isLinked&quot;:true},&quot;element_pack_global_tooltip_padding_mobile&quot;:{&quot;unit&quot;:&quot;px&quot;,&quot;top&quot;:&quot;&quot;,&quot;right&quot;:&quot;&quot;,&quot;bottom&quot;:&quot;&quot;,&quot;left&quot;:&quot;&quot;,&quot;isLinked&quot;:true},&quot;element_pack_global_tooltip_border_radius&quot;:{&quot;unit&quot;:&quot;px&quot;,&quot;top&quot;:&quot;&quot;,&quot;right&quot;:&quot;&quot;,&quot;bottom&quot;:&quot;&quot;,&quot;left&quot;:&quot;&quot;,&quot;isLinked&quot;:true},&quot;element_pack_global_tooltip_border_radius_tablet&quot;:{&quot;unit&quot;:&quot;px&quot;,&quot;top&quot;:&quot;&quot;,&quot;right&quot;:&quot;&quot;,&quot;bottom&quot;:&quot;&quot;,&quot;left&quot;:&quot;&quot;,&quot;isLinked&quot;:true},&quot;element_pack_global_tooltip_border_radius_mobile&quot;:{&quot;unit&quot;:&quot;px&quot;,&quot;top&quot;:&quot;&quot;,&quot;right&quot;:&quot;&quot;,&quot;bottom&quot;:&quot;&quot;,&quot;left&quot;:&quot;&quot;,&quot;isLinked&quot;:true}}\" data-elementor-post-type=\"page\">\n\t\t\t\t<div class=\"elementor-element elementor-element-5765dad e-flex e-con-boxed e-con e-parent\" data-id=\"5765dad\" data-element_type=\"container\" data-e-type=\"container\">\n\t\t\t\t\t<div class=\"e-con-inner\">\n\t\t\t\t<div class=\"elementor-element elementor-element-213485f elementor-widget elementor-widget-text-editor\" data-id=\"213485f\" data-element_type=\"widget\" data-e-type=\"widget\" data-widget_type=\"text-editor.default\">\n\t\t\t\t\t\t\t\t\t<h2>MOINTELLECT PRIV\u0100TUMA POLITIKA<\/h2>\n\n<h3>I NODA\u013bA. VISP\u0100R\u012aGI NOTEIKUMI<\/h3>\n<p>\u0160\u012b konfidencialit\u0101tes politika inform\u0113 j\u016bs par to, k\u0101 m\u0113s apstr\u0101d\u0101jam j\u016bsu personas datus, ko sniedzat mums, kad izmantojat vietni, re\u0123istr\u0113jaties vai aizpild\u0101t piepras\u012bjuma veidlapas. M\u0113s nodro\u0161in\u0101m, ka apstr\u0101d\u0101jam j\u016bsu personas datus saska\u0146\u0101 ar Visp\u0101r\u012bgo datu aizsardz\u012bbas regulu (GDPR), Lietuvas Republikas Personas datu tiesisk\u0101s aizsardz\u012bbas likumu un citiem ties\u012bbu aktiem.<\/p>\n\n<p><strong>Datu p\u0101rzinis:<\/strong> MB \"Mohub\", uz\u0146\u0113muma kods 307022080, e-pasts: <a href=\"mailto:labas@mointellect.lt\">labas@mointellect.lt<\/a>.<br>\n<strong>T\u012bmek\u013ca vietne:<\/strong> www.mointellect.lt (un www.mointellect.com).<\/p>\n\n<p>Mums ir ties\u012bbas da\u013c\u0113ji vai piln\u012bb\u0101 main\u012bt \u0161aj\u0101 konfidencialit\u0101tes politik\u0101 aprakst\u012btos noteikumus. M\u0113s inform\u0113sim j\u016bs par jebk\u0101d\u0101m izmai\u0146\u0101m \u0161aj\u0101 t\u012bmek\u013ca vietn\u0113.<\/p>\n\n<h3>II NODA\u013bA. APSTR\u0100DES NOL\u016aKI, APSTR\u0100DES PAMATOJUMS UN SAV\u0100KTIE DATI<\/h3>\n<p>M\u0113s apkopojam un apstr\u0101d\u0101jam j\u016bsu datus \u0161\u0101diem nol\u016bkiem:<\/p>\n\n<h4>1. Tie\u0161ais m\u0101rketings (bi\u013ceteni un pied\u0101v\u0101jumi)<\/h4>\n<ul>\n    <li><strong>M\u0113r\u0137is:<\/strong> Lai nos\u016bt\u012btu jums jaunumus, pied\u0101v\u0101jumus, inform\u0101ciju par pakalpojumiem.<\/li>\n    <li><strong>Datu v\u0101k\u0161ana:<\/strong> V\u0101rds, e-pasta adrese, uz\u0146\u0113muma nosaukums.<\/li>\n    <li><strong>Datu avots:<\/strong> Dati tiek ieg\u016bti, kad aizpild\u0101t re\u0123istr\u0101cijas veidlapu, uznirsto\u0161o logu vai abon\u0113jat bi\u013cetenu.<\/li>\n    <li><strong>Juridiskais pamats:<\/strong> J\u016bsu piekri\u0161ana (VDAR 6. panta 1. punkta a) apak\u0161punkts).<\/li>\n    <li><strong>Instrumenti:<\/strong> Lai nos\u016bt\u012btu jaunumus, m\u0113s izmantojam <strong>\"Mailchimp\"<\/strong> platforma.<\/li>\n<\/ul>\n\n<h4>2. Piepras\u012bjumu p\u0101rvald\u012bba<\/h4>\n<ul>\n    <li><strong>M\u0113r\u0137is:<\/strong> Atbild\u0113sim uz j\u016bsu piepras\u012bjumiem, izmantojot kontaktformu vai e-pastu.<\/li>\n    <li><strong>Datu v\u0101k\u0161ana:<\/strong> V\u0101rds, e-pasta adrese, t\u0101lru\u0146a numurs, uz\u0146\u0113muma nosaukums, zi\u0146ojuma saturs.<\/li>\n    <li><strong>Juridiskais pamats:<\/strong> Likum\u012bg\u0101s intereses atbild\u0113t uz piepras\u012bjumiem (VDAR 6. panta 1. punkta f) apak\u0161punkts).<\/li>\n<\/ul>\n\n<h4>3. M\u0101rketinga efektivit\u0101tes anal\u012bze un rekl\u0101ma (Google Ads, Meta Pixel)<\/h4>\n<ul>\n    <li><strong>M\u0113r\u0137is:<\/strong> analiz\u0113t lietot\u0101ju uzved\u012bbu t\u012bmek\u013ca vietn\u0113, lai optimiz\u0113tu rekl\u0101mas kampa\u0146as un r\u0101d\u012btu jums atbilsto\u0161as rekl\u0101mas cit\u0101s platform\u0101s (remarketings).<\/li>\n    <li><strong>Dati:<\/strong> IP adrese, apmekl\u0113jumu v\u0113sture, t\u012bmek\u013ca vietnes aktivit\u0101te. Lai ieg\u016btu vair\u0101k inform\u0101cijas, l\u016bdzu, skatiet \"S\u012bkfailu politiku\".<\/li>\n<\/ul>\n\n<h3>III NODA\u013bA. DATU NOS\u016aT\u012a\u0160ANA UZ TRE\u0160\u0100M VALST\u012aM<\/h3>\n<p>J\u016bsu datus var apskat\u012bt tre\u0161\u0101s puses, kas mums sniedz pakalpojumus (datu apstr\u0101d\u0101t\u0101ji). M\u0113s nodro\u0161in\u0101m, ka \u0161ie apstr\u0101d\u0101t\u0101ji iev\u0113ro datu aizsardz\u012bbas pras\u012bbas:<\/p>\n<ul>\n    <li><strong>Informat\u012bvo bi\u013cetenu platforma:<\/strong> \"The Rocket Science Group LLC d\/b\/a Mailchimp (ASV).<\/li>\n    <li><strong>T\u012bmek\u013ca vietnes datpl\u016bsmas anal\u012bze un rekl\u0101ma:<\/strong> \"Google Ireland Limited (Google Analytics, Google Ads) un Meta Platforms Ireland Limited (Meta Pixel).<\/li>\n    <li>ties\u012bbaizsardz\u012bbas iest\u0101d\u0113m, ties\u0101m vai cit\u0101m valsts iest\u0101d\u0113m tikai tikt\u0101l, cikt\u0101l to prasa piem\u0113rojamie ties\u012bbu akti.<\/li>\n<\/ul>\n\n<h3>IV NODA\u013bA. DATU SUBJEKTU TIES\u012aBAS<\/h3>\n<p>Jums ir ties\u012bbas:<\/p>\n<ul>\n    <li>Piek\u013cuve j\u016bsu apstr\u0101d\u0101tajiem datiem.<\/li>\n    <li>piepras\u012bt neprec\u012bzu datu labo\u0161anu.<\/li>\n    <li>piepras\u012bt dz\u0113\u0161anu (\"ties\u012bbas tikt aizmirstam\"), piem\u0113ram, atsaucot piekri\u0161anu sa\u0146emt jaunumus.<\/li>\n    <li>iebilst pret datu apstr\u0101di tie\u0161\u0101 m\u0101rketinga nol\u016bkos.<\/li>\n<\/ul>\n<p>Lai izmantotu savas ties\u012bbas, l\u016bdzu, sazinieties ar mums pa e-pastu: <a href=\"mailto:labas@mointellect.lt\"><strong>labas@mointellect.lt<\/strong><\/a>.<\/p>\n<p><em>P\u0113d\u0113jais atjaunin\u0101jums: 2026. gada 4. janv\u0101ris<\/em><\/p>\t\t\t\t\t\t\t\t<\/div>\n\t\t\t\t\t<\/div>\n\t\t\t\t<\/div>\n\t\t\t\t<\/div>","protected":false},"excerpt":{"rendered":"<p>MOINTELLECT PRIVATUMO POLITIKA I SKYRIUS. BENDROSIOS NUOSTATOS \u0160ia privatumo politika informuojame Jus apie tai, kaip mes tvarkome J\u016bs\u0173 asmens duomenis, kuriuos J\u016bs [&hellip;]<\/p>\n","protected":false},"author":9,"featured_media":0,"parent":0,"menu_order":0,"comment_status":"closed","ping_status":"closed","template":"","meta":{"footnotes":""},"class_list":["post-4408","page","type-page","status-publish","hentry"],"_links":{"self":[{"href":"https:\/\/mointellect.com\/lv\/wp-json\/wp\/v2\/pages\/4408","targetHints":{"allow":["GET"]}}],"collection":[{"href":"https:\/\/mointellect.com\/lv\/wp-json\/wp\/v2\/pages"}],"about":[{"href":"https:\/\/mointellect.com\/lv\/wp-json\/wp\/v2\/types\/page"}],"author":[{"embeddable":true,"href":"https:\/\/mointellect.com\/lv\/wp-json\/wp\/v2\/users\/9"}],"replies":[{"embeddable":true,"href":"https:\/\/mointellect.com\/lv\/wp-json\/wp\/v2\/comments?post=4408"}],"version-history":[{"count":0,"href":"https:\/\/mointellect.com\/lv\/wp-json\/wp\/v2\/pages\/4408\/revisions"}],"wp:attachment":[{"href":"https:\/\/mointellect.com\/lv\/wp-json\/wp\/v2\/media?parent=4408"}],"curies":[{"name":"wp","href":"https:\/\/api.w.org\/{rel}","templated":true}]}}