{"id":4423,"date":"2026-01-04T13:14:53","date_gmt":"2026-01-04T11:14:53","guid":{"rendered":"https:\/\/mointellect.com\/?page_id=4423"},"modified":"2026-03-05T09:52:03","modified_gmt":"2026-03-05T07:52:03","slug":"rules-of-use","status":"publish","type":"page","link":"https:\/\/mointellect.com\/en\/naudojimosi-taisykles\/","title":{"rendered":"Rules of use"},"content":{"rendered":"<div data-elementor-type=\"wp-page\" data-elementor-id=\"4423\" class=\"elementor elementor-4423\" data-elementor-settings=\"{&quot;element_pack_global_tooltip_width&quot;:{&quot;unit&quot;:&quot;px&quot;,&quot;size&quot;:&quot;&quot;,&quot;sizes&quot;:[]},&quot;element_pack_global_tooltip_width_tablet&quot;:{&quot;unit&quot;:&quot;px&quot;,&quot;size&quot;:&quot;&quot;,&quot;sizes&quot;:[]},&quot;element_pack_global_tooltip_width_mobile&quot;:{&quot;unit&quot;:&quot;px&quot;,&quot;size&quot;:&quot;&quot;,&quot;sizes&quot;:[]},&quot;element_pack_global_tooltip_padding&quot;:{&quot;unit&quot;:&quot;px&quot;,&quot;top&quot;:&quot;&quot;,&quot;right&quot;:&quot;&quot;,&quot;bottom&quot;:&quot;&quot;,&quot;left&quot;:&quot;&quot;,&quot;isLinked&quot;:true},&quot;element_pack_global_tooltip_padding_tablet&quot;:{&quot;unit&quot;:&quot;px&quot;,&quot;top&quot;:&quot;&quot;,&quot;right&quot;:&quot;&quot;,&quot;bottom&quot;:&quot;&quot;,&quot;left&quot;:&quot;&quot;,&quot;isLinked&quot;:true},&quot;element_pack_global_tooltip_padding_mobile&quot;:{&quot;unit&quot;:&quot;px&quot;,&quot;top&quot;:&quot;&quot;,&quot;right&quot;:&quot;&quot;,&quot;bottom&quot;:&quot;&quot;,&quot;left&quot;:&quot;&quot;,&quot;isLinked&quot;:true},&quot;element_pack_global_tooltip_border_radius&quot;:{&quot;unit&quot;:&quot;px&quot;,&quot;top&quot;:&quot;&quot;,&quot;right&quot;:&quot;&quot;,&quot;bottom&quot;:&quot;&quot;,&quot;left&quot;:&quot;&quot;,&quot;isLinked&quot;:true},&quot;element_pack_global_tooltip_border_radius_tablet&quot;:{&quot;unit&quot;:&quot;px&quot;,&quot;top&quot;:&quot;&quot;,&quot;right&quot;:&quot;&quot;,&quot;bottom&quot;:&quot;&quot;,&quot;left&quot;:&quot;&quot;,&quot;isLinked&quot;:true},&quot;element_pack_global_tooltip_border_radius_mobile&quot;:{&quot;unit&quot;:&quot;px&quot;,&quot;top&quot;:&quot;&quot;,&quot;right&quot;:&quot;&quot;,&quot;bottom&quot;:&quot;&quot;,&quot;left&quot;:&quot;&quot;,&quot;isLinked&quot;:true}}\" data-elementor-post-type=\"page\">\n\t\t\t\t<div class=\"elementor-element elementor-element-8c18563 e-flex e-con-boxed e-con e-parent\" data-id=\"8c18563\" data-element_type=\"container\" data-e-type=\"container\">\n\t\t\t\t\t<div class=\"e-con-inner\">\n\t\t\t\t<div class=\"elementor-element elementor-element-e2cf779 elementor-widget elementor-widget-text-editor\" data-id=\"e2cf779\" data-element_type=\"widget\" data-e-type=\"widget\" data-widget_type=\"text-editor.default\">\n\t\t\t\t\t\t\t\t\t<h2>RULES OF USE<\/h2>\n\n<h3>1. General provisions<\/h3>\n<p><strong>1.1.<\/strong> These Rules set out the procedure for using the websites www.mointellect.lt and www.mointellect.com (hereinafter referred to as the \"Website\").<\/p>\n<p><strong>1.2.<\/strong> The Website is administered by MB \"Mohub\", company code 307022080 (hereinafter referred to as \"Service Provider\").<\/p>\n<p><strong>1.3.<\/strong> By accessing the Website, the visitor confirms that he\/she is aware of these Terms and Conditions, the Privacy Policy and the Cookie Policy and agrees to comply with them.<\/p>\n\n<h3>2. Intellectual property<\/h3>\n<p><strong>2.1.<\/strong> All content on the Website (text, photos, logos, design elements, software) is the intellectual property of Mohub MB or its partners.<\/p>\n<p><strong>2.2.<\/strong> It is strictly prohibited to copy, distribute or otherwise use the content of the Website for commercial purposes without the written consent of the Service Provider.<\/p>\n\n<h3>3. Consumer rights and obligations<\/h3>\n<p><strong>3.1.<\/strong> The User undertakes to provide correct information on registration forms or when subscribing to newsletters.<\/p>\n<p><strong>3.2.<\/strong> You may not use the Site for any activity that could harm the operation, security or other users of the Site.<\/p>\n\n<h3>4. Limitation of liability<\/h3>\n<p><strong>4.1.<\/strong> The Service Provider shall not be liable for any disruption of the Website caused by technical problems, actions of third parties or force majeure (<em>force majeure<\/em>) circumstances.<\/p>\n<p><strong>4.2.<\/strong> The Site may contain links to other websites (e.g., partner websites), but the Service Provider is not responsible for the content or privacy policies of those websites.<\/p>\n\n<h3>5. Final provisions<\/h3>\n<p><strong>5.1.<\/strong> These Rules shall be governed by the law of the Republic of Lithuania.<\/p>\n<p><strong>5.2.<\/strong> All disagreements shall be settled by negotiation and, in the event of failure to reach an agreement, in the courts of the Republic of Lithuania.<\/p>\n<p><strong>5.3.<\/strong> The Service Provider reserves the right to change the Terms at any time. Amendments shall become effective from the moment of their publication on the Website.<\/p>\n\n<p><em>Last update: 4 January 2026<\/em><\/p>\t\t\t\t\t\t\t\t<\/div>\n\t\t\t\t\t<\/div>\n\t\t\t\t<\/div>\n\t\t\t\t<\/div>","protected":false},"excerpt":{"rendered":"<p>NAUDOJIMOSI TAISYKL\u0116S 1. Bendrosios nuostatos 1.1. \u0160ios taisykl\u0117s nustato naudojimosi interneto svetain\u0117mis www.mointellect.lt ir www.mointellect.com (toliau \u2013 \u201eSvetain\u0117\u201c) tvark\u0105. 1.2. Svetain\u0119 administruoja [&hellip;]<\/p>\n","protected":false},"author":9,"featured_media":0,"parent":0,"menu_order":0,"comment_status":"closed","ping_status":"closed","template":"","meta":{"footnotes":""},"class_list":["post-4423","page","type-page","status-publish","hentry"],"_links":{"self":[{"href":"https:\/\/mointellect.com\/en\/wp-json\/wp\/v2\/pages\/4423","targetHints":{"allow":["GET"]}}],"collection":[{"href":"https:\/\/mointellect.com\/en\/wp-json\/wp\/v2\/pages"}],"about":[{"href":"https:\/\/mointellect.com\/en\/wp-json\/wp\/v2\/types\/page"}],"author":[{"embeddable":true,"href":"https:\/\/mointellect.com\/en\/wp-json\/wp\/v2\/users\/9"}],"replies":[{"embeddable":true,"href":"https:\/\/mointellect.com\/en\/wp-json\/wp\/v2\/comments?post=4423"}],"version-history":[{"count":0,"href":"https:\/\/mointellect.com\/en\/wp-json\/wp\/v2\/pages\/4423\/revisions"}],"wp:attachment":[{"href":"https:\/\/mointellect.com\/en\/wp-json\/wp\/v2\/media?parent=4423"}],"curies":[{"name":"wp","href":"https:\/\/api.w.org\/{rel}","templated":true}]}}