{"id":4412,"date":"2026-01-04T13:01:49","date_gmt":"2026-01-04T11:01:49","guid":{"rendered":"https:\/\/mointellect.com\/?page_id=4412"},"modified":"2026-03-05T09:51:29","modified_gmt":"2026-03-05T07:51:29","slug":"cookie-policy","status":"publish","type":"page","link":"https:\/\/mointellect.com\/en\/slapuku-politika\/","title":{"rendered":"Cookie Policy"},"content":{"rendered":"<div data-elementor-type=\"wp-page\" data-elementor-id=\"4412\" class=\"elementor elementor-4412\" data-elementor-settings=\"{&quot;element_pack_global_tooltip_width&quot;:{&quot;unit&quot;:&quot;px&quot;,&quot;size&quot;:&quot;&quot;,&quot;sizes&quot;:[]},&quot;element_pack_global_tooltip_width_tablet&quot;:{&quot;unit&quot;:&quot;px&quot;,&quot;size&quot;:&quot;&quot;,&quot;sizes&quot;:[]},&quot;element_pack_global_tooltip_width_mobile&quot;:{&quot;unit&quot;:&quot;px&quot;,&quot;size&quot;:&quot;&quot;,&quot;sizes&quot;:[]},&quot;element_pack_global_tooltip_padding&quot;:{&quot;unit&quot;:&quot;px&quot;,&quot;top&quot;:&quot;&quot;,&quot;right&quot;:&quot;&quot;,&quot;bottom&quot;:&quot;&quot;,&quot;left&quot;:&quot;&quot;,&quot;isLinked&quot;:true},&quot;element_pack_global_tooltip_padding_tablet&quot;:{&quot;unit&quot;:&quot;px&quot;,&quot;top&quot;:&quot;&quot;,&quot;right&quot;:&quot;&quot;,&quot;bottom&quot;:&quot;&quot;,&quot;left&quot;:&quot;&quot;,&quot;isLinked&quot;:true},&quot;element_pack_global_tooltip_padding_mobile&quot;:{&quot;unit&quot;:&quot;px&quot;,&quot;top&quot;:&quot;&quot;,&quot;right&quot;:&quot;&quot;,&quot;bottom&quot;:&quot;&quot;,&quot;left&quot;:&quot;&quot;,&quot;isLinked&quot;:true},&quot;element_pack_global_tooltip_border_radius&quot;:{&quot;unit&quot;:&quot;px&quot;,&quot;top&quot;:&quot;&quot;,&quot;right&quot;:&quot;&quot;,&quot;bottom&quot;:&quot;&quot;,&quot;left&quot;:&quot;&quot;,&quot;isLinked&quot;:true},&quot;element_pack_global_tooltip_border_radius_tablet&quot;:{&quot;unit&quot;:&quot;px&quot;,&quot;top&quot;:&quot;&quot;,&quot;right&quot;:&quot;&quot;,&quot;bottom&quot;:&quot;&quot;,&quot;left&quot;:&quot;&quot;,&quot;isLinked&quot;:true},&quot;element_pack_global_tooltip_border_radius_mobile&quot;:{&quot;unit&quot;:&quot;px&quot;,&quot;top&quot;:&quot;&quot;,&quot;right&quot;:&quot;&quot;,&quot;bottom&quot;:&quot;&quot;,&quot;left&quot;:&quot;&quot;,&quot;isLinked&quot;:true}}\" data-elementor-post-type=\"page\">\n\t\t\t\t<div class=\"elementor-element elementor-element-cb1c0ce e-flex e-con-boxed e-con e-parent\" data-id=\"cb1c0ce\" data-element_type=\"container\" data-e-type=\"container\">\n\t\t\t\t\t<div class=\"e-con-inner\">\n\t\t\t\t<div class=\"elementor-element elementor-element-73d4df3 elementor-widget elementor-widget-text-editor\" data-id=\"73d4df3\" data-element_type=\"widget\" data-e-type=\"widget\" data-widget_type=\"text-editor.default\">\n\t\t\t\t\t\t\t\t\t<h2>MOINTELLECT COOKIE POLICY<\/h2>\n\n<h3>What are cookies?<\/h3>\n<p>Cookie. <em>cookie<\/em>) is a small text file that a website saves on your computer or mobile device when you visit it. Cookies allow a website to \"remember\" your actions and preferences for a certain period of time.<\/p>\n\n<h3>What cookies and tracking technologies do we use?<\/h3>\n<p>In addition to standard cookies used to ensure the functioning of the website, we also use third-party tools for marketing and statistics:<\/p>\n\n<ul>\n    <li><strong>Strictly necessary cookies:<\/strong> Required for the correct functioning of the website (e.g. session support).<\/li>\n    <li><strong>Analytical cookies (Google Analytics):<\/strong> Helps us understand how visitors use the site, which parts are most popular. The data is collected anonymously.<\/li>\n    <li><strong>Marketing and targeting cookies (Google Ads, Meta Pixel):<\/strong>\n        <ul>\n            <li><em>Meta Pixel (Facebook):<\/em> This tool allows us to see what actions you have taken on our website after coming from a Facebook or Instagram ad. This helps us to show you more relevant advertising in the future.<\/li>\n            <li><em>Google Ads:<\/em> Used to provide you with tailored offers on Google's search and partner networks and to measure the effectiveness of ads.<\/li>\n        <\/ul>\n    <\/li>\n<\/ul>\n\n<h3>List of cookies used<\/h3>\n<table style=\"width: 100%; border-collapse: collapse; margin-top: 20px;\">\n    <thead>\n        <tr style=\"background-color: #f2f2f2; text-align: left;\">\n            <th style=\"padding: 10px; border: 1px solid #ddd;\">Name<\/th>\n            <th style=\"padding: 10px; border: 1px solid #ddd;\">Category<\/th>\n            <th style=\"padding: 10px; border: 1px solid #ddd;\">Goal<\/th>\n            <th style=\"padding: 10px; border: 1px solid #ddd;\">Validity<\/th>\n        <\/tr>\n    <\/thead>\n    <tbody>\n        <tr>\n            <td style=\"padding: 10px; border: 1px solid #ddd;\">PHPSESSID<\/td>\n            <td style=\"padding: 10px; border: 1px solid #ddd;\">Required<\/td>\n            <td style=\"padding: 10px; border: 1px solid #ddd;\">Saves the state of the user session.<\/td>\n            <td style=\"padding: 10px; border: 1px solid #ddd;\">Session<\/td>\n        <\/tr>\n        <tr>\n            <td style=\"padding: 10px; border: 1px solid #ddd;\">_ga<\/td>\n            <td style=\"padding: 10px; border: 1px solid #ddd;\">Statistical<\/td>\n            <td style=\"padding: 10px; border: 1px solid #ddd;\">Google Analytics: records a unique ID for statistical purposes.<\/td>\n            <td style=\"padding: 10px; border: 1px solid #ddd;\">2 years<\/td>\n        <\/tr>\n        <tr>\n            <td style=\"padding: 10px; border: 1px solid #ddd;\">_gid<\/td>\n            <td style=\"padding: 10px; border: 1px solid #ddd;\">Statistical<\/td>\n            <td style=\"padding: 10px; border: 1px solid #ddd;\">Google Analytics: statistics on user behaviour.<\/td>\n            <td style=\"padding: 10px; border: 1px solid #ddd;\">1 day<\/td>\n        <\/tr>\n        <tr>\n            <td style=\"padding: 10px; border: 1px solid #ddd;\">_fbp<\/td>\n            <td style=\"padding: 10px; border: 1px solid #ddd;\">Marketing<\/td>\n            <td style=\"padding: 10px; border: 1px solid #ddd;\">Meta Pixel: used to optimise Facebook advertising.<\/td>\n            <td style=\"padding: 10px; border: 1px solid #ddd;\">3 months.<\/td>\n        <\/tr>\n        <tr>\n            <td style=\"padding: 10px; border: 1px solid #ddd;\">ads\/ga-audiences<\/td>\n            <td style=\"padding: 10px; border: 1px solid #ddd;\">Marketing<\/td>\n            <td style=\"padding: 10px; border: 1px solid #ddd;\">Google Ads: used for remarketing.<\/td>\n            <td style=\"padding: 10px; border: 1px solid #ddd;\">Session<\/td>\n        <\/tr>\n    <\/tbody>\n<\/table>\n\n<h3>How do I manage cookies?<\/h3>\n<p>You can delete cookies in your browser at any time, or change your settings so that cookies are not accepted. For more information: <a href=\"http:\/\/www.allaboutcookies.org\" target=\"_blank\" rel=\"noopener\">www.allaboutcookies.org<\/a>. You can also use the cookie management tool on our website to change your consents.<\/p>\t\t\t\t\t\t\t\t<\/div>\n\t\t\t\t\t<\/div>\n\t\t\t\t<\/div>\n\t\t\t\t<\/div>","protected":false},"excerpt":{"rendered":"<p>MOINTELLECT SLAPUK\u0172 POLITIKA Kas yra slapukai? Slapukas (angl. cookie) \u2013 tai nedidel\u0117 teksto rinkmena, kuri\u0105 svetain\u0117 i\u0161saugo J\u016bs\u0173 kompiuteryje arba mobiliajame \u012frenginyje, [&hellip;]<\/p>\n","protected":false},"author":9,"featured_media":0,"parent":0,"menu_order":0,"comment_status":"closed","ping_status":"closed","template":"","meta":{"footnotes":""},"class_list":["post-4412","page","type-page","status-publish","hentry"],"_links":{"self":[{"href":"https:\/\/mointellect.com\/en\/wp-json\/wp\/v2\/pages\/4412","targetHints":{"allow":["GET"]}}],"collection":[{"href":"https:\/\/mointellect.com\/en\/wp-json\/wp\/v2\/pages"}],"about":[{"href":"https:\/\/mointellect.com\/en\/wp-json\/wp\/v2\/types\/page"}],"author":[{"embeddable":true,"href":"https:\/\/mointellect.com\/en\/wp-json\/wp\/v2\/users\/9"}],"replies":[{"embeddable":true,"href":"https:\/\/mointellect.com\/en\/wp-json\/wp\/v2\/comments?post=4412"}],"version-history":[{"count":0,"href":"https:\/\/mointellect.com\/en\/wp-json\/wp\/v2\/pages\/4412\/revisions"}],"wp:attachment":[{"href":"https:\/\/mointellect.com\/en\/wp-json\/wp\/v2\/media?parent=4412"}],"curies":[{"name":"wp","href":"https:\/\/api.w.org\/{rel}","templated":true}]}}