{"id":1939,"date":"2025-04-03T09:32:35","date_gmt":"2025-04-03T07:32:35","guid":{"rendered":"https:\/\/mointellect.com\/es-projektai\/"},"modified":"2025-04-03T10:23:36","modified_gmt":"2025-04-03T08:23:36","slug":"eu-projects","status":"publish","type":"page","link":"https:\/\/mointellect.com\/en\/es-projektai\/","title":{"rendered":"EU projects"},"content":{"rendered":"<div data-elementor-type=\"wp-page\" data-elementor-id=\"1939\" class=\"elementor elementor-1939\" data-elementor-settings=\"{&quot;element_pack_global_tooltip_width&quot;:{&quot;unit&quot;:&quot;px&quot;,&quot;size&quot;:&quot;&quot;,&quot;sizes&quot;:[]},&quot;element_pack_global_tooltip_width_tablet&quot;:{&quot;unit&quot;:&quot;px&quot;,&quot;size&quot;:&quot;&quot;,&quot;sizes&quot;:[]},&quot;element_pack_global_tooltip_width_mobile&quot;:{&quot;unit&quot;:&quot;px&quot;,&quot;size&quot;:&quot;&quot;,&quot;sizes&quot;:[]},&quot;element_pack_global_tooltip_padding&quot;:{&quot;unit&quot;:&quot;px&quot;,&quot;top&quot;:&quot;&quot;,&quot;right&quot;:&quot;&quot;,&quot;bottom&quot;:&quot;&quot;,&quot;left&quot;:&quot;&quot;,&quot;isLinked&quot;:true},&quot;element_pack_global_tooltip_padding_tablet&quot;:{&quot;unit&quot;:&quot;px&quot;,&quot;top&quot;:&quot;&quot;,&quot;right&quot;:&quot;&quot;,&quot;bottom&quot;:&quot;&quot;,&quot;left&quot;:&quot;&quot;,&quot;isLinked&quot;:true},&quot;element_pack_global_tooltip_padding_mobile&quot;:{&quot;unit&quot;:&quot;px&quot;,&quot;top&quot;:&quot;&quot;,&quot;right&quot;:&quot;&quot;,&quot;bottom&quot;:&quot;&quot;,&quot;left&quot;:&quot;&quot;,&quot;isLinked&quot;:true},&quot;element_pack_global_tooltip_border_radius&quot;:{&quot;unit&quot;:&quot;px&quot;,&quot;top&quot;:&quot;&quot;,&quot;right&quot;:&quot;&quot;,&quot;bottom&quot;:&quot;&quot;,&quot;left&quot;:&quot;&quot;,&quot;isLinked&quot;:true},&quot;element_pack_global_tooltip_border_radius_tablet&quot;:{&quot;unit&quot;:&quot;px&quot;,&quot;top&quot;:&quot;&quot;,&quot;right&quot;:&quot;&quot;,&quot;bottom&quot;:&quot;&quot;,&quot;left&quot;:&quot;&quot;,&quot;isLinked&quot;:true},&quot;element_pack_global_tooltip_border_radius_mobile&quot;:{&quot;unit&quot;:&quot;px&quot;,&quot;top&quot;:&quot;&quot;,&quot;right&quot;:&quot;&quot;,&quot;bottom&quot;:&quot;&quot;,&quot;left&quot;:&quot;&quot;,&quot;isLinked&quot;:true}}\" data-elementor-post-type=\"page\">\n\t\t\t\t<div class=\"elementor-element elementor-element-2ba3f6b7 e-flex e-con-boxed e-con e-parent\" data-id=\"2ba3f6b7\" data-element_type=\"container\" data-e-type=\"container\" id=\"features\" data-settings=\"{&quot;background_background&quot;:&quot;classic&quot;}\">\n\t\t\t\t\t<div class=\"e-con-inner\">\n\t\t\t\t<div class=\"elementor-element elementor-element-13cb4b47 animated-fast elementor-widget__width-initial elementor-widget elementor-widget-heading\" data-id=\"13cb4b47\" data-element_type=\"widget\" data-e-type=\"widget\" data-settings=\"{&quot;_animation&quot;:&quot;none&quot;,&quot;_animation_delay&quot;:500}\" data-widget_type=\"heading.default\">\n\t\t\t\t\t<h2 class=\"elementor-heading-title elementor-size-default\">Development of an innovative EdTech product for MB MoHub<\/h2>\t\t\t\t<\/div>\n\t\t<div class=\"elementor-element elementor-element-99a903a e-con-full e-flex e-con e-child\" data-id=\"99a903a\" data-element_type=\"container\" data-e-type=\"container\">\n\t\t\t\t<div class=\"elementor-element elementor-element-0659b71 elementor-widget-mobile__width-initial elementor-widget elementor-widget-image\" data-id=\"0659b71\" data-element_type=\"widget\" data-e-type=\"widget\" data-widget_type=\"image.default\">\n\t\t\t\t\t\t\t\t\t\t\t\t\t\t\t<img decoding=\"async\" width=\"300\" height=\"83\" src=\"https:\/\/mointellect.com\/wp-content\/uploads\/2025\/04\/Finansuoja-Europos-Sajunga-NextGenerationEU-150x150-1-300x83.png\" class=\"attachment-medium size-medium wp-image-1940\" alt=\"\" srcset=\"https:\/\/mointellect.com\/wp-content\/uploads\/2025\/04\/Finansuoja-Europos-Sajunga-NextGenerationEU-150x150-1-300x83.png 300w, https:\/\/mointellect.com\/wp-content\/uploads\/2025\/04\/Finansuoja-Europos-Sajunga-NextGenerationEU-150x150-1-1024x285.png 1024w, https:\/\/mointellect.com\/wp-content\/uploads\/2025\/04\/Finansuoja-Europos-Sajunga-NextGenerationEU-150x150-1-768x213.png 768w, https:\/\/mointellect.com\/wp-content\/uploads\/2025\/04\/Finansuoja-Europos-Sajunga-NextGenerationEU-150x150-1-650x181.png 650w, https:\/\/mointellect.com\/wp-content\/uploads\/2025\/04\/Finansuoja-Europos-Sajunga-NextGenerationEU-150x150-1.png 1400w\" sizes=\"(max-width: 300px) 100vw, 300px\">\t\t\t\t\t\t\t\t\t\t\t\t\t\t\t<\/div>\n\t\t\t\t<div class=\"elementor-element elementor-element-5d80445 elementor-widget-mobile__width-initial elementor-widget elementor-widget-image\" data-id=\"5d80445\" data-element_type=\"widget\" data-e-type=\"widget\" data-widget_type=\"image.default\">\n\t\t\t\t\t\t\t\t\t\t\t\t\t\t\t<img decoding=\"async\" width=\"300\" height=\"107\" src=\"https:\/\/mointellect.com\/wp-content\/uploads\/2025\/04\/NKL-Logo_Horizontal-RGB-150x150-1-300x107.png\" class=\"attachment-medium size-medium wp-image-1941\" alt=\"\" srcset=\"https:\/\/mointellect.com\/wp-content\/uploads\/2025\/04\/NKL-Logo_Horizontal-RGB-150x150-1-300x107.png 300w, https:\/\/mointellect.com\/wp-content\/uploads\/2025\/04\/NKL-Logo_Horizontal-RGB-150x150-1-1024x364.png 1024w, https:\/\/mointellect.com\/wp-content\/uploads\/2025\/04\/NKL-Logo_Horizontal-RGB-150x150-1-768x273.png 768w, https:\/\/mointellect.com\/wp-content\/uploads\/2025\/04\/NKL-Logo_Horizontal-RGB-150x150-1-1536x546.png 1536w, https:\/\/mointellect.com\/wp-content\/uploads\/2025\/04\/NKL-Logo_Horizontal-RGB-150x150-1-650x231.png 650w, https:\/\/mointellect.com\/wp-content\/uploads\/2025\/04\/NKL-Logo_Horizontal-RGB-150x150-1.png 1832w\" sizes=\"(max-width: 300px) 100vw, 300px\">\t\t\t\t\t\t\t\t\t\t\t\t\t\t\t<\/div>\n\t\t\t\t<\/div>\n\t\t\t\t<div class=\"elementor-element elementor-element-2b641abe elementor-widget__width-initial animated-fast elementor-widget elementor-widget-text-editor\" data-id=\"2b641abe\" data-element_type=\"widget\" data-e-type=\"widget\" data-settings=\"{&quot;_animation&quot;:&quot;none&quot;,&quot;_animation_delay&quot;:750}\" data-widget_type=\"text-editor.default\">\n\t\t\t\t\t\t\t\t\t<p><span style=\"font-size: inherit; color: var(--uicore-typography--p-c,'#070707'); font-family: var(--uicore-typography--p-f,'Inter'); font-style: var(--uicore-typography--p-st,'normal'); font-weight: var(--uicore-typography--p-w,'600'); letter-spacing: var(--uicore-typography--p-ls,'-0.027em'); text-transform: var(--uicore-typography--p-t,'none');\">MB MoHub is implementing a project to design and develop the MoHub platform for customer surveys and staff training. This platform helps companies to improve their services and customer care faster and easier, based on real customer feedback and suggestions.<\/span><\/p><p>The project has developed an innovative product that is already in active use - \"<strong>mOintellect<\/strong>\"<br \/><strong>survey and training platform<\/strong>for:<\/p><p>- Real-time collection of customer feedback using <strong>NFC<\/strong> and <strong>QR<\/strong> technology.<\/p><p>- Employees <strong>for e-learning<\/strong> with the help of artificial intelligence.<\/p><p><strong>Funded by the European Union - NextGenerationEU<\/strong>.<\/p><p><strong>Name of the project<\/strong>: mOintellect - an innovative customer feedback and e-learning solution<\/p>\t\t\t\t\t\t\t\t<\/div>\n\t\t\t\t\t<\/div>\n\t\t\t\t<\/div>\n\t\t\t\t<\/div>","protected":false},"excerpt":{"rendered":"<p>MB MoHub inovatyvaus EdTech produkto vystymas MB MoHub \u012fgyvendina projekt\u0105, kurio tikslas \u2013 sukurti ir pl\u0117toti \u201eMoHub\u201c platform\u0105 klient\u0173 apklausoms ir darbuotoj\u0173 [&hellip;]<\/p>\n","protected":false},"author":1,"featured_media":0,"parent":0,"menu_order":0,"comment_status":"closed","ping_status":"closed","template":"","meta":{"footnotes":""},"class_list":["post-1939","page","type-page","status-publish","hentry"],"_links":{"self":[{"href":"https:\/\/mointellect.com\/en\/wp-json\/wp\/v2\/pages\/1939","targetHints":{"allow":["GET"]}}],"collection":[{"href":"https:\/\/mointellect.com\/en\/wp-json\/wp\/v2\/pages"}],"about":[{"href":"https:\/\/mointellect.com\/en\/wp-json\/wp\/v2\/types\/page"}],"author":[{"embeddable":true,"href":"https:\/\/mointellect.com\/en\/wp-json\/wp\/v2\/users\/1"}],"replies":[{"embeddable":true,"href":"https:\/\/mointellect.com\/en\/wp-json\/wp\/v2\/comments?post=1939"}],"version-history":[{"count":0,"href":"https:\/\/mointellect.com\/en\/wp-json\/wp\/v2\/pages\/1939\/revisions"}],"wp:attachment":[{"href":"https:\/\/mointellect.com\/en\/wp-json\/wp\/v2\/media?parent=1939"}],"curies":[{"name":"wp","href":"https:\/\/api.w.org\/{rel}","templated":true}]}}