{"id":1614,"date":"2025-03-14T13:57:50","date_gmt":"2025-03-14T11:57:50","guid":{"rendered":"https:\/\/mointellect.com\/?page_id=1614"},"modified":"2026-03-08T13:44:50","modified_gmt":"2026-03-08T11:44:50","slug":"conditions-of-use","status":"publish","type":"page","link":"https:\/\/mointellect.com\/en\/naudojimosi-salygos\/","title":{"rendered":"Terms of use"},"content":{"rendered":"<div data-elementor-type=\"wp-page\" data-elementor-id=\"1614\" class=\"elementor elementor-1614\" data-elementor-settings=\"{&quot;element_pack_global_tooltip_width&quot;:{&quot;unit&quot;:&quot;px&quot;,&quot;size&quot;:&quot;&quot;,&quot;sizes&quot;:[]},&quot;element_pack_global_tooltip_width_tablet&quot;:{&quot;unit&quot;:&quot;px&quot;,&quot;size&quot;:&quot;&quot;,&quot;sizes&quot;:[]},&quot;element_pack_global_tooltip_width_mobile&quot;:{&quot;unit&quot;:&quot;px&quot;,&quot;size&quot;:&quot;&quot;,&quot;sizes&quot;:[]},&quot;element_pack_global_tooltip_padding&quot;:{&quot;unit&quot;:&quot;px&quot;,&quot;top&quot;:&quot;&quot;,&quot;right&quot;:&quot;&quot;,&quot;bottom&quot;:&quot;&quot;,&quot;left&quot;:&quot;&quot;,&quot;isLinked&quot;:true},&quot;element_pack_global_tooltip_padding_tablet&quot;:{&quot;unit&quot;:&quot;px&quot;,&quot;top&quot;:&quot;&quot;,&quot;right&quot;:&quot;&quot;,&quot;bottom&quot;:&quot;&quot;,&quot;left&quot;:&quot;&quot;,&quot;isLinked&quot;:true},&quot;element_pack_global_tooltip_padding_mobile&quot;:{&quot;unit&quot;:&quot;px&quot;,&quot;top&quot;:&quot;&quot;,&quot;right&quot;:&quot;&quot;,&quot;bottom&quot;:&quot;&quot;,&quot;left&quot;:&quot;&quot;,&quot;isLinked&quot;:true},&quot;element_pack_global_tooltip_border_radius&quot;:{&quot;unit&quot;:&quot;px&quot;,&quot;top&quot;:&quot;&quot;,&quot;right&quot;:&quot;&quot;,&quot;bottom&quot;:&quot;&quot;,&quot;left&quot;:&quot;&quot;,&quot;isLinked&quot;:true},&quot;element_pack_global_tooltip_border_radius_tablet&quot;:{&quot;unit&quot;:&quot;px&quot;,&quot;top&quot;:&quot;&quot;,&quot;right&quot;:&quot;&quot;,&quot;bottom&quot;:&quot;&quot;,&quot;left&quot;:&quot;&quot;,&quot;isLinked&quot;:true},&quot;element_pack_global_tooltip_border_radius_mobile&quot;:{&quot;unit&quot;:&quot;px&quot;,&quot;top&quot;:&quot;&quot;,&quot;right&quot;:&quot;&quot;,&quot;bottom&quot;:&quot;&quot;,&quot;left&quot;:&quot;&quot;,&quot;isLinked&quot;:true}}\" data-elementor-post-type=\"page\">\n\t\t\t\t<div class=\"elementor-element elementor-element-d13f431 e-flex e-con-boxed e-con e-parent\" data-id=\"d13f431\" data-element_type=\"container\" data-e-type=\"container\" id=\"contact\" data-settings=\"{&quot;background_background&quot;:&quot;classic&quot;}\">\n\t\t\t\t\t<div class=\"e-con-inner\">\n\t\t<div class=\"elementor-element elementor-element-f48d78f e-con-full e-flex e-con e-child\" data-id=\"f48d78f\" data-element_type=\"container\" data-e-type=\"container\">\n\t\t\t\t<div class=\"elementor-element elementor-element-ccbfcc5 elementor-widget elementor-widget-text-editor\" data-id=\"ccbfcc5\" data-element_type=\"widget\" data-e-type=\"widget\" data-widget_type=\"text-editor.default\">\n\t\t\t\t\t\t\t\t\t<div class=\"hero-section\" data-type=\"type-1\"><header class=\"entry-header\"><h4 class=\"page-title\" title=\"Terms of use\">Terms of use<\/h4><\/header><\/div><div class=\"entry-content\"><div class=\"elementor elementor-566\" data-elementor-type=\"wp-page\" data-elementor-id=\"566\" data-elementor-post-type=\"page\"><section class=\"elementor-section elementor-top-section elementor-element elementor-element-37ae4af elementor-section-boxed elementor-section-height-default elementor-section-height-default\" data-id=\"37ae4af\" data-element_type=\"section\"><div class=\"elementor-container elementor-column-gap-default\"><div class=\"elementor-column elementor-col-100 elementor-top-column elementor-element elementor-element-68a58325\" data-id=\"68a58325\" data-element_type=\"column\"><div class=\"elementor-widget-wrap elementor-element-populated\"><div class=\"elementor-element elementor-element-57f4a451 elementor-widget elementor-widget-text-editor\" data-id=\"57f4a451\" data-element_type=\"widget\" data-widget_type=\"text-editor.default\"><div class=\"elementor-widget-container\"><p class=\"p1\">By using www.mointellect.com, www.mointellect.lt or other products and services on the Platform, you and the entity you represent agree to the following terms, conditions of use and policies<\/p><p align=\"center\"><b><span lang=\"LT\">\u00a0<\/span><\/b><\/p><p align=\"center\"><b><span lang=\"LT\">MOINTELLECT\u00a0<\/span><\/b><b><\/b><b><span lang=\"LT\">PRIVACY POLICY<\/span><\/b><\/p><p align=\"center\"><b><span lang=\"LT\">CHAPTER I<\/span><\/b><\/p><p align=\"center\"><b><span lang=\"LT\">GENERAL PROVISIONS<\/span><\/b><\/p><p><span lang=\"LT\">\u00a0<\/span><\/p><p class=\"p1\"><span class=\"s1\">This privacy policy informs you about how we process the personal data you provide to us. We also assure you<\/span>that we process your personal data in accordance with the Regulation, the Law on Legal Protection of Personal Data of the Republic of Lithuania and other legal acts regulating the protection of personal data.<\/p><p class=\"p1\">We have the right to modify the rules described in this Privacy Policy in part or in full. We will notify you of any changes made by posting an updated version of this Privacy Policy on this website.<\/p><p><b><span lang=\"LT\">Data Controller<\/span><\/b><i>\u00a0<\/i><span lang=\"LT\">- <\/span><span class=\"s1\">MB \"Mohub\", company code 307022080<\/span>.<\/p><p><b><span lang=\"LT\">Website\u00a0<\/span><\/b><span lang=\"LT\">- <a href=\"https:\/\/web.archive.org\/web\/20240616235648\/http:\/\/www.mointellect.lt\/\" target=\"_blank\" rel=\"noopener\">www.mointellect.lt<\/a>. \u00a0<b><\/b><\/span><\/p><p><strong>Regulation<\/strong>\u00a0<strong><span lang=\"LT\">- <\/span><\/strong>Regulation (EU) 2016\/679 of the European Parliament and of the Council of 27 April 2016 on the protection of natural persons with regard to the processing of personal data and on the free movement of such data, and repealing Directive 95\/46\/EC (GDPR);<\/p><p class=\"p1\"><b>Personal data\u00a0<\/b>- any information relating to an identified or identifiable natural person (data subject); an identifiable natural person is one who can be identified, directly or indirectly, in particular by reference to an identifier such as a name, a personal identification number, location data and an online identifier, or to one or more factors specific to the natural person's physical, physiological, genetic, mental, economic, cultural or social identity;<\/p><p class=\"p1\"><b>Data processing<\/b><i>\u00a0<\/i>- any operation or sequence of operations which is performed upon personal data or sets of personal data, whether or not by automated means, such as collection, recording, sorting, organisation, storage, adaptation or alteration, retrieval, access, use, disclosure by transmission, dissemination or otherwise making available, alignment or combination with other data, restriction, erasure or destruction.<\/p><p><b><span lang=\"LT\">\u00a0<\/span><\/b><\/p><p align=\"center\"><b><span lang=\"LT\">CHAPTER II<\/span><\/b><\/p><p align=\"center\"><b><span lang=\"LT\">PRINCIPLES FOR PROCESSING PERSONAL DATA<\/span><\/b><\/p><p><span lang=\"LT\">\u00a0<\/span><\/p><p class=\"p1\">Personal data shall be processed in accordance with the following principles:<\/p><ul><li>personal data must be processed only in such a way and by such means as to ensure their security. Personal data must be protected against unlawful processing and against processing without consent. This must be implemented by means of appropriate technical and organisational measures to ensure the security of the processing, including protection against accidental loss, destruction or damage;<\/li><li>personal data shall be kept only for as long as necessary to achieve the purposes for which they were collected. In exceptional cases, where personal data will be processed for archiving purposes in the public interest, for scientific or historical research purposes or for statistical purposes, the data could be kept for a longer period;<\/li><li>personal data must be accurate and kept up to date in the event of inaccuracies. Reasonable measures, technical or organisational, must be taken to ensure that inaccurate data are always rectified or erased;<\/li><li>personal data must be collected only to the extent necessary to achieve the purposes pursued;<\/li><li>person<b> <\/b>the data shall<b> <\/b>be collected only for legitimate, explicit and specified purposes;<\/li><li>personal data must be processed only in a fair, lawful and transparent manner in relation to the data subject.<\/li><\/ul><p align=\"center\"><span lang=\"LT\">\u00a0<\/span><\/p><p align=\"center\"><b><span lang=\"LT\">CHAPTER III<\/span><\/b><\/p><p align=\"center\"><b><span lang=\"LT\">THE PURPOSES, LEGAL BASES AND TIME LIMITS FOR PROCESSING PERSONAL DATA<\/span><\/b><\/p><p><span lang=\"LT\">Your personal data is processed for the purposes, legal grounds and time limits set out below:<\/span><\/p><table style=\"height: 1675px;\" border=\"1\" width=\"1075\" cellspacing=\"0\" cellpadding=\"0\"><tbody><tr><td valign=\"top\" width=\"329\"><p align=\"center\"><span lang=\"LT\">Processing of personal data<br \/>Objective<\/span><\/p><\/td><td valign=\"top\" width=\"151\"><p align=\"center\"><span lang=\"LT\">Processing of personal data<br \/>legal basis<\/span><\/p><\/td><td valign=\"top\" width=\"140\"><p align=\"center\"><span lang=\"LT\">Storage of personal data<br \/>deadline<\/span><\/p><\/td><\/tr><tr><td valign=\"top\" width=\"329\"><p align=\"center\"><b><i><span lang=\"LT\">For the purpose of dealing with enquiries, requests or complaints<\/span><\/i><\/b><span lang=\"LT\">\u00a0any personal data contained in your enquiry, request or complaint is processed.<\/span><\/p><\/td><td valign=\"top\" width=\"151\"><p align=\"center\"><span lang=\"LT\">Article 6(1)(f) GDPR<\/span><\/p><\/td><td valign=\"top\" width=\"140\"><p align=\"center\"><span lang=\"LT\">3 years<\/span><\/p><\/td><\/tr><tr><td valign=\"top\" width=\"329\"><p align=\"center\"><b><i><span lang=\"LT\">For the purpose of communication and posting news on Facebook, as well as for communication via Messenger\u00a0<\/span><\/i><\/b><span lang=\"LT\">personal data you provide to us in a private message is processed, including comments, feedback, shares, likes and other information that is retained on the social network we administer after you have taken the relevant action.<\/span><\/p><\/td><td valign=\"top\" width=\"151\"><p align=\"center\"><span lang=\"LT\">Article 6(1)(a) GDPR<\/span><\/p><\/td><td valign=\"top\" width=\"140\"><p align=\"center\"><span lang=\"LT\">10 years<\/span><\/p><\/td><\/tr><tr><td valign=\"top\" width=\"329\"><p align=\"center\"><b><i><span lang=\"LT\">For the purpose of staff selection\u00a0<\/span><\/i><\/b><span lang=\"LT\">is managed<b><i>\u00a0<\/i><\/b>Your<b><i>\u00a0<\/i><\/b>name, surname, date of birth, address, telephone number, email address, proof of education, curriculum vitae, other data relating to your qualifications, professional skills and professional qualities, and other information and supporting documents relating to your professional or professional qualities.<b><i><\/i><\/b><\/span><\/p><\/td><td valign=\"top\" width=\"151\"><p align=\"center\"><span lang=\"LT\">GDPR Art. 6(1)(b,f)<\/span><\/p><\/td><td valign=\"top\" width=\"140\"><p align=\"center\"><span lang=\"LT\">No more than 4 months<\/span><\/p><\/td><\/tr><tr><td valign=\"top\" width=\"329\"><p align=\"center\"><b><i><span lang=\"LT\">For the purpose of concluding, performing and terminating civil contracts (excluding contracts with clients)<\/span><\/i><\/b>\u00a0<span lang=\"LT\">your name, surname, title, date of birth, personal identification number, address, telephone number, email address, bank, bank account number and other data provided.<\/span><\/p><\/td><td valign=\"top\" width=\"151\"><p align=\"center\"><span lang=\"LT\">GDPR Art. 6(1)(b,f)<\/span><\/p><\/td><td valign=\"top\" width=\"140\"><p align=\"center\"><span lang=\"LT\">10 years<\/span><\/p><\/td><\/tr><tr><td valign=\"top\" width=\"329\"><p align=\"center\"><b><i><span lang=\"LT\">For the purpose of providing the services\u00a0<\/span><\/i><\/b><span lang=\"LT\">name, surname, date of birth, personal identification number, ID card or passport number, address, telephone number, email address, bank, bank account number, postcode and other data provided are processed.<b><i><\/i><\/b><\/span><\/p><\/td><td valign=\"top\" width=\"151\"><p align=\"center\"><span lang=\"LT\">GDPR Art. 6(1)(b,f)<\/span><\/p><\/td><td valign=\"top\" width=\"140\"><p align=\"center\"><span lang=\"LT\">10 years<\/span><\/p><\/td><\/tr><tr><td valign=\"top\" width=\"329\"><p align=\"center\"><b><i><span lang=\"LT\">For the protection of rights and legitimate interests and the defence of infringed rights<\/span><\/i><\/b><span lang=\"LT\">\u00a0your name, surname, title, date of birth, personal identification number, passport or ID card number, address, telephone number, e-mail address, bank, bank account number, amount of debt, information in the enforcement proceedings, as well as other personal data necessary for the effective protection of the violated rights and legitimate interests.<\/span><\/p><\/td><td valign=\"top\" width=\"151\"><p align=\"center\"><span lang=\"LT\">Article 6(1)(f) GDPR<\/span><\/p><\/td><td valign=\"top\" width=\"140\"><p align=\"center\"><span lang=\"LT\">Law of the Republic of Lithuania<br \/>for the period laid down in the acts<\/span><\/p><\/td><\/tr><tr><td valign=\"top\" width=\"329\"><p align=\"center\"><b><i><span lang=\"LT\">For direct marketing purposes\u00a0<\/span><\/i><\/b><span lang=\"LT\">your name, surname, email address and telephone number are processed.<b><i><\/i><\/b><\/span><\/p><\/td><td valign=\"top\" width=\"151\"><p align=\"center\"><span lang=\"LT\">Article 6(1)(a) GDPR<\/span><\/p><\/td><td valign=\"top\" width=\"140\"><p align=\"center\"><span lang=\"LT\">No more than 5 years<\/span><\/p><\/td><\/tr><\/tbody><\/table><p><span lang=\"LT\">\u00a0<\/span><\/p><p align=\"center\"><b><span lang=\"LT\">CHAPTER IV<\/span><\/b><\/p><p align=\"center\"><b><span lang=\"LT\">USE OF COOKIES<\/span><\/b><\/p><p><span lang=\"LT\">\u00a0<\/span><\/p><p class=\"p1\">A cookie is a small text file that is stored on your computer when you visit our website. Cookies allow us to remember information about your browsing habits, actions and settings so that you can use all the features of the website. Cookies also allow us to collect general statistical information about you and to provide you with personalised advertisements based on your browsing habits.<\/p><p><span lang=\"LT\">\u00a0<\/span><\/p><p><span lang=\"LT\">In order to give you a better understanding of the cookies we collect, as well as the purpose, category and expiration date of each of these cookies, we provide below a description of the cookies and a table of the cookies we actually use.<\/span><\/p><p><span lang=\"LT\">Cookies are categorised into the following groups:<\/span><\/p><ul><li class=\"li1\"><b><i>Strictly necessary cookies<\/i><\/b>\u00a0- These are cookies that are necessary for the proper functioning of the website.<\/li><li class=\"li1\"><b><i>Functional cookies<\/i><\/b>\u00a0- <span class=\"s2\">are cookies designed to identify a repeat user of the website. They help to personalise the content on the website and to save the settings you choose.<\/span><\/li><li class=\"li1\"><b><i>Statistical cookies<\/i><\/b>\u00a0- are cookies that are used to compile a statistical analysis of the navigation patterns of visitors to the website. The data collected by these cookies is used anonymously.<\/li><li class=\"li1\"><b><i>Promotional cookies<\/i><\/b>\u00a0- These are cookies that are used to show you offers or other information that may be of interest to you.<\/li><\/ul><p><span lang=\"LT\">\u00a0<\/span><\/p><p><span lang=\"LT\">Cookies are categorised into the following groups according to the duration of their placement:<\/span><\/p><ul><li><b><i>Session<\/i><\/b> - These are temporary cookies that only exist while you are logged in to the website. Session cookies allow the website to remember what preferences you had selected when you visited a previous page, so that you do not have to re-enter this information when you go to the next page.<\/li><li class=\"li1\"><b><i>Long-term<\/i><\/b> - are cookies that remain on your device after you visit our website. When you return to our website, these cookies will help to identify you as a unique visitor.<\/li><\/ul><p><span lang=\"LT\">\u00a0<\/span><\/p><p><span lang=\"LT\">We collect the following cookies:<\/span><\/p><p><span lang=\"LT\">\u00a0<\/span><\/p><table class=\"my-cookie-table\"><tbody><tr><td><strong>No.<\/strong><\/td><td><strong>Cookie name<\/strong><\/td><td><strong>Category<\/strong><\/td><td><strong>Goal<\/strong><\/td><td><strong>Duration of storage<\/strong><\/td><\/tr><tr><td>1.<\/td><td>PHPSESSID<\/td><td>Required<\/td><td><p>Saves the user's session state<\/p><p>in all page requests<\/p><\/td><td>Session<\/td><\/tr><tr><td>2.<\/td><td>rc::a<\/td><td>Required<\/td><td>This cookie is used to distinguish between humans and robots. It is useful for the website to produce valid reports on the use of the website<\/td><td>Permanent<\/td><\/tr><tr><td>3.<\/td><td>rc::c<\/td><td>Required<\/td><td>This cookie is used to distinguish between humans and robots<\/td><td>Session<\/td><\/tr><tr><td>4.<\/td><td>_ga<\/td><td>Statistical<\/td><td>Registers an ID which is used to generate statistics about how the visitor uses the website<\/td><td>2 years<\/td><\/tr><tr><td>5.<\/td><td>_gat<\/td><td>Statistical<\/td><td>Uses Google Analytics to reduce the frequency of queries<\/td><td>1 day<\/td><\/tr><tr><td>6.<\/td><td>_gid<\/td><td>Statistical<\/td><td>Registers an ID which is used to generate statistics about how the visitor uses the website<\/td><td>1 day<\/td><\/tr><tr><td>7.<\/td><td>collect<\/td><td>Statistical<\/td><td><p>Used to send data to Google Analytics about the visitor's device and<\/p><p>behaviour. Follows the visitor transversally<\/p><p>facilities and marketing channels<\/p><\/td><td>Session<\/td><\/tr><tr><td>8.<\/td><td>_ga<\/td><td>Statistical<\/td><td>Registers a unique ID which is used to provide statistics on how the visitor uses the website<\/td><td>2 years<\/td><\/tr><tr><td>9.<\/td><td>_gat<\/td><td>Statistical<\/td><td>Uses Google Analytics to reduce the frequency of queries<\/td><td>1 day<\/td><\/tr><tr><td>10.<\/td><td>_gid<\/td><td>Statistical<\/td><td>Registers a unique ID which is used to provide statistics on how the visitor uses the website<\/td><td>1 day<\/td><\/tr><tr><td>11.<\/td><td>collect<\/td><td>Statistical<\/td><td><p>Used to send data to Google Analytics about the visitor's device and<\/p><p>behaviour. Follows the visitor transversally<\/p><p>facilities and marketing channels<\/p><\/td><td>Session<\/td><\/tr><\/tbody><\/table><p align=\"center\"><span lang=\"LT\">\u00a0<\/span><\/p><p class=\"p1\">In addition, please note that you can always configure your browser to refuse some or all cookies or to ask for your permission before accepting them. Please note that if you delete cookies or disable cookies in the future, you may not be able to access certain parts or features of our website.<\/p><p class=\"p1\">For information on how you can change your browser settings to stop accepting cookies, please visit\u00a0<a href=\"http:\/\/www.aboutcookies.org\/\" target=\"_blank\" rel=\"noopener\"><span class=\"s1\">www.aboutcookies.org<\/span><\/a>\u00a0or\u00a0<a href=\"http:\/\/www.allaboutcookies.org\/\" target=\"_blank\" rel=\"noopener\"><span class=\"s1\">www.allaboutcookies.org<\/span><\/a>.<\/p><p align=\"center\"><b><span lang=\"LT\">CHAPTER V<\/span><\/b><\/p><p align=\"center\"><b><span lang=\"LT\">PROCEDURES FOR DISCLOSURE OF PERSONAL DATA TO THIRD PARTIES<\/span><\/b><\/p><p><span lang=\"LT\">The controller may transfer your data to third parties to assist in the operation and management of the service. In each case, the controller will only provide the processor with as much data as is necessary to carry out a specific assignment or provide a specific service.<\/span><\/p><p><span lang=\"LT\">Your data is also passed on to social network managers, who process it in accordance with their own privacy policies.<\/span><\/p><p><span lang=\"LT\">Your data may be disclosed to competent authorities or law enforcement authorities, including auditors, courts, bailiffs, upon request in accordance with the law.<\/span><\/p><p><span lang=\"LT\">The controller may also transfer your data to other third parties where necessary and in the legitimate interest, including transfers outside the European Union. In such transfers, the Data Controller undertakes to comply with the obligations set out in Articles 44 to 49 of the GDPR.<\/span><\/p><p align=\"center\"><b><span lang=\"LT\">CHAPTER VI<\/span><\/b><\/p><p align=\"center\"><b><span lang=\"LT\">RIGHTS OF DATA SUBJECTS<\/span><\/b><\/p><p><span lang=\"LT\">You have the right to:<\/span><\/p><ul><li><span lang=\"LT\">\u00a0 \u00a0 \u00a0to know (be informed) about the processing of your personal data;<\/span><\/li><li><span lang=\"LT\">\u00a0 \u00a0 \u00a0access to your personal data;<\/span><\/li><li><span lang=\"LT\">\u00a0 \u00a0 \u00a0request rectification of personal data;<\/span><\/li><li><span lang=\"LT\">\u00a0 \u00a0 \u00a0request the erasure of personal data (\"right to be forgotten\");<\/span><\/li><li><span lang=\"LT\">\u00a0 \u00a0 \u00a0restrict the processing of your personal data;<\/span><\/li><li><span lang=\"LT\">\u00a0 \u00a0 \u00a0object to the processing of your personal data;<\/span><\/li><li><span lang=\"LT\">\u00a0 \u00a0 \u00a0the portability of personal data;<\/span><\/li><li><span lang=\"LT\">\u00a0 \u00a0 \u00a0object to a decision being taken in respect of you solely on the basis of automated processing, including profiling.<\/span><\/li><\/ul><p><span lang=\"LT\">Requests to the Data Controller must be made in writing to the contacts listed in the \"Contact Information\" section of this Privacy Policy. The controller undertakes to respond to this request within 1 month of receipt of the request. This 1-month period may be extended by a further 2 months depending on the complexity and number of requests.<\/span><\/p><p><span lang=\"LT\">In addition, please note that the GDPR, in addition to the exercise of certain rights, lays down criteria in which cases these rights are not exercised, or lays down the conditions that must be fulfilled for the processing of the data in order for a right to be exercised.<\/span><\/p><p><span lang=\"LT\">If you disagree with our response, you have the right to lodge a complaint with the competent state authority, such as the State Data Protection Inspectorate or a court.<\/span><\/p><p align=\"center\"><span lang=\"LT\">\u00a0<\/span><\/p><p align=\"center\"><b><span lang=\"LT\">CHAPTER VII<\/span><\/b><\/p><p align=\"center\"><b><span lang=\"LT\">CONTACT INFORMATION<\/span><\/b><\/p><p><span lang=\"LT\">If you have any questions or complaints about the processing of your personal data, you can contact us by email at\u00a0<a href=\"https:\/\/web.archive.org\/web\/20240616235648\/mailto:labas@mointellect.lt\" target=\"_blank\" rel=\"noopener\">labas@mointellect.lt<\/a>. Please sign any requests sent by email with an electronic signature so that we can properly identify you.<\/span><\/p><p><span lang=\"LT\">\u00a0<\/span><\/p><p align=\"right\"><i><span lang=\"LT\">Last update: 2 April 2025\u00a0\u00a0<\/span><\/i><\/p><\/div><\/div><\/div><\/div><\/div><\/section><\/div><\/div>\t\t\t\t\t\t\t\t<\/div>\n\t\t\t\t<\/div>\n\t\t\t\t\t<\/div>\n\t\t\t\t<\/div>\n\t\t\t\t<\/div>","protected":false},"excerpt":{"rendered":"<p>Naudojimosi s\u0105lygos Naudodami www.mointellect.com, www.mointellect.lt ar kitais platformos produktais bei paslaugomis J\u016bs ir J\u016bs\u0173 atstovaujamas subjektas sutinka su \u0161iomis s\u0105lygomis, naudojimosi taisykl\u0117mis [&hellip;]<\/p>\n","protected":false},"author":1,"featured_media":0,"parent":0,"menu_order":0,"comment_status":"closed","ping_status":"closed","template":"","meta":{"footnotes":""},"class_list":["post-1614","page","type-page","status-publish","hentry"],"_links":{"self":[{"href":"https:\/\/mointellect.com\/en\/wp-json\/wp\/v2\/pages\/1614","targetHints":{"allow":["GET"]}}],"collection":[{"href":"https:\/\/mointellect.com\/en\/wp-json\/wp\/v2\/pages"}],"about":[{"href":"https:\/\/mointellect.com\/en\/wp-json\/wp\/v2\/types\/page"}],"author":[{"embeddable":true,"href":"https:\/\/mointellect.com\/en\/wp-json\/wp\/v2\/users\/1"}],"replies":[{"embeddable":true,"href":"https:\/\/mointellect.com\/en\/wp-json\/wp\/v2\/comments?post=1614"}],"version-history":[{"count":0,"href":"https:\/\/mointellect.com\/en\/wp-json\/wp\/v2\/pages\/1614\/revisions"}],"wp:attachment":[{"href":"https:\/\/mointellect.com\/en\/wp-json\/wp\/v2\/media?parent=1614"}],"curies":[{"name":"wp","href":"https:\/\/api.w.org\/{rel}","templated":true}]}}