{"id":4423,"date":"2026-01-04T13:14:53","date_gmt":"2026-01-04T11:14:53","guid":{"rendered":"https:\/\/mointellect.com\/?page_id=4423"},"modified":"2026-03-05T09:52:03","modified_gmt":"2026-03-05T07:52:03","slug":"kasutuseeskirjad","status":"publish","type":"page","link":"https:\/\/mointellect.com\/ee\/naudojimosi-taisykles\/","title":{"rendered":"Kasutusreeglid"},"content":{"rendered":"<div data-elementor-type=\"wp-page\" data-elementor-id=\"4423\" class=\"elementor elementor-4423\" data-elementor-settings=\"{&quot;element_pack_global_tooltip_width&quot;:{&quot;unit&quot;:&quot;px&quot;,&quot;size&quot;:&quot;&quot;,&quot;sizes&quot;:[]},&quot;element_pack_global_tooltip_width_tablet&quot;:{&quot;unit&quot;:&quot;px&quot;,&quot;size&quot;:&quot;&quot;,&quot;sizes&quot;:[]},&quot;element_pack_global_tooltip_width_mobile&quot;:{&quot;unit&quot;:&quot;px&quot;,&quot;size&quot;:&quot;&quot;,&quot;sizes&quot;:[]},&quot;element_pack_global_tooltip_padding&quot;:{&quot;unit&quot;:&quot;px&quot;,&quot;top&quot;:&quot;&quot;,&quot;right&quot;:&quot;&quot;,&quot;bottom&quot;:&quot;&quot;,&quot;left&quot;:&quot;&quot;,&quot;isLinked&quot;:true},&quot;element_pack_global_tooltip_padding_tablet&quot;:{&quot;unit&quot;:&quot;px&quot;,&quot;top&quot;:&quot;&quot;,&quot;right&quot;:&quot;&quot;,&quot;bottom&quot;:&quot;&quot;,&quot;left&quot;:&quot;&quot;,&quot;isLinked&quot;:true},&quot;element_pack_global_tooltip_padding_mobile&quot;:{&quot;unit&quot;:&quot;px&quot;,&quot;top&quot;:&quot;&quot;,&quot;right&quot;:&quot;&quot;,&quot;bottom&quot;:&quot;&quot;,&quot;left&quot;:&quot;&quot;,&quot;isLinked&quot;:true},&quot;element_pack_global_tooltip_border_radius&quot;:{&quot;unit&quot;:&quot;px&quot;,&quot;top&quot;:&quot;&quot;,&quot;right&quot;:&quot;&quot;,&quot;bottom&quot;:&quot;&quot;,&quot;left&quot;:&quot;&quot;,&quot;isLinked&quot;:true},&quot;element_pack_global_tooltip_border_radius_tablet&quot;:{&quot;unit&quot;:&quot;px&quot;,&quot;top&quot;:&quot;&quot;,&quot;right&quot;:&quot;&quot;,&quot;bottom&quot;:&quot;&quot;,&quot;left&quot;:&quot;&quot;,&quot;isLinked&quot;:true},&quot;element_pack_global_tooltip_border_radius_mobile&quot;:{&quot;unit&quot;:&quot;px&quot;,&quot;top&quot;:&quot;&quot;,&quot;right&quot;:&quot;&quot;,&quot;bottom&quot;:&quot;&quot;,&quot;left&quot;:&quot;&quot;,&quot;isLinked&quot;:true}}\" data-elementor-post-type=\"page\">\n\t\t\t\t<div class=\"elementor-element elementor-element-8c18563 e-flex e-con-boxed e-con e-parent\" data-id=\"8c18563\" data-element_type=\"container\" data-e-type=\"container\">\n\t\t\t\t\t<div class=\"e-con-inner\">\n\t\t\t\t<div class=\"elementor-element elementor-element-e2cf779 elementor-widget elementor-widget-text-editor\" data-id=\"e2cf779\" data-element_type=\"widget\" data-e-type=\"widget\" data-widget_type=\"text-editor.default\">\n\t\t\t\t\t\t\t\t\t<h2>KASUTUSREEGELID<\/h2>\n\n<h3>1. \u00dclds\u00e4tted<\/h3>\n<p><strong>1.1.<\/strong> K\u00e4esolevate eeskirjadega s\u00e4testatakse veebilehtede www.mointellect.lt ja www.mointellect.com (edaspidi \"veebileht\") kasutamise kord.<\/p>\n<p><strong>1.2.<\/strong> Veebilehte haldab MB \"Mohub\", ettev\u00f5tte kood 307022080 (edaspidi \"teenusepakkuja\").<\/p>\n<p><strong>1.3.<\/strong> Veebilehele sisenedes kinnitab k\u00fclastaja, et ta on tutvunud k\u00e4esolevate kasutustingimustega, privaatsuspoliitikaga ja k\u00fcpsiste poliitikaga ning n\u00f5ustub neid j\u00e4rgima.<\/p>\n\n<h3>2. Intellektuaalne omand<\/h3>\n<p><strong>2.1.<\/strong> Kogu veebilehe sisu (tekst, fotod, logod, kujunduselemendid, tarkvara) on Mohub MB v\u00f5i tema partnerite intellektuaalne omand.<\/p>\n<p><strong>2.2.<\/strong> Kodulehe sisu on rangelt keelatud kopeerida, levitada v\u00f5i muul viisil kasutada kaubanduslikel eesm\u00e4rkidel ilma Teenusepakkuja kirjaliku n\u00f5usolekuta.<\/p>\n\n<h3>3. Tarbija \u00f5igused ja kohustused<\/h3>\n<p><strong>3.1.<\/strong> Kasutaja kohustub esitama korrektsed andmed registreerimisvormidel v\u00f5i uudiskirja tellimisel.<\/p>\n<p><strong>3.2.<\/strong> Te ei tohi kasutada Saiti mis tahes tegevuseks, mis v\u00f5ib kahjustada Saidi toimimist, turvalisust v\u00f5i teisi kasutajaid.<\/p>\n\n<h3>4. Vastutuse piiramine<\/h3>\n<p><strong>4.1.<\/strong> Teenusepakkuja ei vastuta veebilehe mis tahes katkestuste eest, mis on p\u00f5hjustatud tehnilistest probleemidest, kolmandate isikute tegevusest v\u00f5i v\u00e4\u00e4ramatu j\u00f5u t\u00f5ttu (<em>v\u00e4\u00e4ramatu j\u00f5ud<\/em>) asjaolud.<\/p>\n<p><strong>4.2.<\/strong> Sait v\u00f5ib sisaldada linke teistele veebisaitidele (nt partnerite veebisaitidele), kuid teenusepakkuja ei vastuta nende veebisaitide sisu v\u00f5i privaatsuspoliitikate eest.<\/p>\n\n<h3>5. L\u00f5pps\u00e4tted<\/h3>\n<p><strong>5.1.<\/strong> K\u00e4esolevate eeskirjade suhtes kohaldatakse Leedu Vabariigi \u00f5igust.<\/p>\n<p><strong>5.2.<\/strong> K\u00f5ik erimeelsused lahendatakse l\u00e4bir\u00e4\u00e4kimiste teel ja juhul, kui kokkuleppele ei j\u00f5uta, Leedu Vabariigi kohtutes.<\/p>\n<p><strong>5.3.<\/strong> Teenusepakkuja j\u00e4tab endale \u00f5iguse igal ajal tingimusi muuta. Muudatused j\u00f5ustuvad alates nende avaldamisest veebisaidil.<\/p>\n\n<p><em>Viimane uuendus: 4. jaanuar 2026<\/em><\/p>\t\t\t\t\t\t\t\t<\/div>\n\t\t\t\t\t<\/div>\n\t\t\t\t<\/div>\n\t\t\t\t<\/div>","protected":false},"excerpt":{"rendered":"<p>NAUDOJIMOSI TAISYKL\u0116S 1. Bendrosios nuostatos 1.1. \u0160ios taisykl\u0117s nustato naudojimosi interneto svetain\u0117mis www.mointellect.lt ir www.mointellect.com (toliau \u2013 \u201eSvetain\u0117\u201c) tvark\u0105. 1.2. Svetain\u0119 administruoja [&hellip;]<\/p>\n","protected":false},"author":9,"featured_media":0,"parent":0,"menu_order":0,"comment_status":"closed","ping_status":"closed","template":"","meta":{"footnotes":""},"class_list":["post-4423","page","type-page","status-publish","hentry"],"_links":{"self":[{"href":"https:\/\/mointellect.com\/ee\/wp-json\/wp\/v2\/pages\/4423","targetHints":{"allow":["GET"]}}],"collection":[{"href":"https:\/\/mointellect.com\/ee\/wp-json\/wp\/v2\/pages"}],"about":[{"href":"https:\/\/mointellect.com\/ee\/wp-json\/wp\/v2\/types\/page"}],"author":[{"embeddable":true,"href":"https:\/\/mointellect.com\/ee\/wp-json\/wp\/v2\/users\/9"}],"replies":[{"embeddable":true,"href":"https:\/\/mointellect.com\/ee\/wp-json\/wp\/v2\/comments?post=4423"}],"version-history":[{"count":0,"href":"https:\/\/mointellect.com\/ee\/wp-json\/wp\/v2\/pages\/4423\/revisions"}],"wp:attachment":[{"href":"https:\/\/mointellect.com\/ee\/wp-json\/wp\/v2\/media?parent=4423"}],"curies":[{"name":"wp","href":"https:\/\/api.w.org\/{rel}","templated":true}]}}