{"id":4412,"date":"2026-01-04T13:01:49","date_gmt":"2026-01-04T11:01:49","guid":{"rendered":"https:\/\/mointellect.com\/?page_id=4412"},"modified":"2026-03-05T09:51:29","modified_gmt":"2026-03-05T07:51:29","slug":"kupsiste-poliitika","status":"publish","type":"page","link":"https:\/\/mointellect.com\/ee\/slapuku-politika\/","title":{"rendered":"K\u00fcpsiste poliitika"},"content":{"rendered":"<div data-elementor-type=\"wp-page\" data-elementor-id=\"4412\" class=\"elementor elementor-4412\" data-elementor-settings=\"{&quot;element_pack_global_tooltip_width&quot;:{&quot;unit&quot;:&quot;px&quot;,&quot;size&quot;:&quot;&quot;,&quot;sizes&quot;:[]},&quot;element_pack_global_tooltip_width_tablet&quot;:{&quot;unit&quot;:&quot;px&quot;,&quot;size&quot;:&quot;&quot;,&quot;sizes&quot;:[]},&quot;element_pack_global_tooltip_width_mobile&quot;:{&quot;unit&quot;:&quot;px&quot;,&quot;size&quot;:&quot;&quot;,&quot;sizes&quot;:[]},&quot;element_pack_global_tooltip_padding&quot;:{&quot;unit&quot;:&quot;px&quot;,&quot;top&quot;:&quot;&quot;,&quot;right&quot;:&quot;&quot;,&quot;bottom&quot;:&quot;&quot;,&quot;left&quot;:&quot;&quot;,&quot;isLinked&quot;:true},&quot;element_pack_global_tooltip_padding_tablet&quot;:{&quot;unit&quot;:&quot;px&quot;,&quot;top&quot;:&quot;&quot;,&quot;right&quot;:&quot;&quot;,&quot;bottom&quot;:&quot;&quot;,&quot;left&quot;:&quot;&quot;,&quot;isLinked&quot;:true},&quot;element_pack_global_tooltip_padding_mobile&quot;:{&quot;unit&quot;:&quot;px&quot;,&quot;top&quot;:&quot;&quot;,&quot;right&quot;:&quot;&quot;,&quot;bottom&quot;:&quot;&quot;,&quot;left&quot;:&quot;&quot;,&quot;isLinked&quot;:true},&quot;element_pack_global_tooltip_border_radius&quot;:{&quot;unit&quot;:&quot;px&quot;,&quot;top&quot;:&quot;&quot;,&quot;right&quot;:&quot;&quot;,&quot;bottom&quot;:&quot;&quot;,&quot;left&quot;:&quot;&quot;,&quot;isLinked&quot;:true},&quot;element_pack_global_tooltip_border_radius_tablet&quot;:{&quot;unit&quot;:&quot;px&quot;,&quot;top&quot;:&quot;&quot;,&quot;right&quot;:&quot;&quot;,&quot;bottom&quot;:&quot;&quot;,&quot;left&quot;:&quot;&quot;,&quot;isLinked&quot;:true},&quot;element_pack_global_tooltip_border_radius_mobile&quot;:{&quot;unit&quot;:&quot;px&quot;,&quot;top&quot;:&quot;&quot;,&quot;right&quot;:&quot;&quot;,&quot;bottom&quot;:&quot;&quot;,&quot;left&quot;:&quot;&quot;,&quot;isLinked&quot;:true}}\" data-elementor-post-type=\"page\">\n\t\t\t\t<div class=\"elementor-element elementor-element-cb1c0ce e-flex e-con-boxed e-con e-parent\" data-id=\"cb1c0ce\" data-element_type=\"container\" data-e-type=\"container\">\n\t\t\t\t\t<div class=\"e-con-inner\">\n\t\t\t\t<div class=\"elementor-element elementor-element-73d4df3 elementor-widget elementor-widget-text-editor\" data-id=\"73d4df3\" data-element_type=\"widget\" data-e-type=\"widget\" data-widget_type=\"text-editor.default\">\n\t\t\t\t\t\t\t\t\t<h2>MOINTELLECT K\u00dcPSISTE POLIITIKA<\/h2>\n\n<h3>Mis on k\u00fcpsised?<\/h3>\n<p>K\u00fcpsis. <em>k\u00fcpsis<\/em>) on v\u00e4ike tekstifail, mille veebileht salvestab teie arvutisse v\u00f5i mobiilseadmesse, kui te seda k\u00fclastate. K\u00fcpsised v\u00f5imaldavad veebisaidil \"meeles pidada\" teie tegevusi ja eelistusi teatud aja jooksul.<\/p>\n\n<h3>Milliseid k\u00fcpsiseid ja j\u00e4lgimistehnoloogiaid me kasutame?<\/h3>\n<p>Lisaks tavap\u00e4rastele k\u00fcpsistele, mida kasutatakse veebilehe toimimise tagamiseks, kasutame ka kolmandate osapoolte vahendeid turunduse ja statistika jaoks:<\/p>\n\n<ul>\n    <li><strong>Rangelt vajalikud k\u00fcpsised:<\/strong> Vajalik veebisaidi n\u00f5uetekohaseks toimimiseks (nt seansi tugi).<\/li>\n    <li><strong>Anal\u00fc\u00fctilised k\u00fcpsised (Google Analytics):<\/strong> Aitab meil m\u00f5ista, kuidas k\u00fclastajad kasutavad saiti, millised osad on k\u00f5ige populaarsemad. Andmeid kogutakse anon\u00fc\u00fcmselt.<\/li>\n    <li><strong>Turundus- ja sihtotstarbelised k\u00fcpsised (Google Ads, Meta Pixel):<\/strong>\n        <ul>\n            <li><em>Meta Pixel (Facebook):<\/em> See t\u00f6\u00f6riist v\u00f5imaldab meil n\u00e4ha, milliseid tegevusi olete meie veebisaidil teinud p\u00e4rast Facebooki v\u00f5i Instagrami reklaami vaatamist. See aitab meil tulevikus n\u00e4idata teile asjakohasemat reklaami.<\/li>\n            <li><em>Google'i reklaamid:<\/em> Kasutatakse selleks, et pakkuda teile kohandatud pakkumisi Google'i otsingu- ja partnerv\u00f5rgustikes ning m\u00f5\u00f5ta reklaamide t\u00f5husust.<\/li>\n        <\/ul>\n    <\/li>\n<\/ul>\n\n<h3>Kasutatud k\u00fcpsiste nimekiri<\/h3>\n<table style=\"width: 100%; border-collapse: collapse; margin-top: 20px;\">\n    <thead>\n        <tr style=\"background-color: #f2f2f2; text-align: left;\">\n            <th style=\"padding: 10px; border: 1px solid #ddd;\">Nimi<\/th>\n            <th style=\"padding: 10px; border: 1px solid #ddd;\">Kategooria<\/th>\n            <th style=\"padding: 10px; border: 1px solid #ddd;\">Eesm\u00e4rk<\/th>\n            <th style=\"padding: 10px; border: 1px solid #ddd;\">Kehtivus<\/th>\n        <\/tr>\n    <\/thead>\n    <tbody>\n        <tr>\n            <td style=\"padding: 10px; border: 1px solid #ddd;\">PHPSESSID<\/td>\n            <td style=\"padding: 10px; border: 1px solid #ddd;\">N\u00f5utav<\/td>\n            <td style=\"padding: 10px; border: 1px solid #ddd;\">Salvestab kasutaja sessiooni oleku.<\/td>\n            <td style=\"padding: 10px; border: 1px solid #ddd;\">Sessioon<\/td>\n        <\/tr>\n        <tr>\n            <td style=\"padding: 10px; border: 1px solid #ddd;\">_ga<\/td>\n            <td style=\"padding: 10px; border: 1px solid #ddd;\">Statistilised andmed<\/td>\n            <td style=\"padding: 10px; border: 1px solid #ddd;\">Google Analytics: salvestab statistilistel eesm\u00e4rkidel unikaalse ID.<\/td>\n            <td style=\"padding: 10px; border: 1px solid #ddd;\">2 aastat<\/td>\n        <\/tr>\n        <tr>\n            <td style=\"padding: 10px; border: 1px solid #ddd;\">_gid<\/td>\n            <td style=\"padding: 10px; border: 1px solid #ddd;\">Statistilised andmed<\/td>\n            <td style=\"padding: 10px; border: 1px solid #ddd;\">Google Analytics: statistika kasutajate k\u00e4itumise kohta.<\/td>\n            <td style=\"padding: 10px; border: 1px solid #ddd;\">1 p\u00e4ev<\/td>\n        <\/tr>\n        <tr>\n            <td style=\"padding: 10px; border: 1px solid #ddd;\">_fbp<\/td>\n            <td style=\"padding: 10px; border: 1px solid #ddd;\">Turundus<\/td>\n            <td style=\"padding: 10px; border: 1px solid #ddd;\">Meta Pixel: kasutatakse Facebooki reklaami optimeerimiseks.<\/td>\n            <td style=\"padding: 10px; border: 1px solid #ddd;\">3 kuud.<\/td>\n        <\/tr>\n        <tr>\n            <td style=\"padding: 10px; border: 1px solid #ddd;\">ads\/ga-audiences<\/td>\n            <td style=\"padding: 10px; border: 1px solid #ddd;\">Turundus<\/td>\n            <td style=\"padding: 10px; border: 1px solid #ddd;\">Google'i reklaamid: kasutatakse remarketingi jaoks.<\/td>\n            <td style=\"padding: 10px; border: 1px solid #ddd;\">Sessioon<\/td>\n        <\/tr>\n    <\/tbody>\n<\/table>\n\n<h3>Kuidas hallata k\u00fcpsiseid?<\/h3>\n<p>Saate oma brauseris k\u00fcpsised igal ajal kustutada v\u00f5i muuta oma seadeid nii, et k\u00fcpsiseid ei aktsepteeritaks. Lisateave: <a href=\"http:\/\/www.allaboutcookies.org\" target=\"_blank\" rel=\"noopener\">www.allaboutcookies.org<\/a>. V\u00f5ite kasutada ka meie veebisaidil olevat k\u00fcpsiste haldamise vahendit, et muuta oma n\u00f5usolekut.<\/p>\t\t\t\t\t\t\t\t<\/div>\n\t\t\t\t\t<\/div>\n\t\t\t\t<\/div>\n\t\t\t\t<\/div>","protected":false},"excerpt":{"rendered":"<p>MOINTELLECT SLAPUK\u0172 POLITIKA Kas yra slapukai? Slapukas (angl. cookie) \u2013 tai nedidel\u0117 teksto rinkmena, kuri\u0105 svetain\u0117 i\u0161saugo J\u016bs\u0173 kompiuteryje arba mobiliajame \u012frenginyje, [&hellip;]<\/p>\n","protected":false},"author":9,"featured_media":0,"parent":0,"menu_order":0,"comment_status":"closed","ping_status":"closed","template":"","meta":{"footnotes":""},"class_list":["post-4412","page","type-page","status-publish","hentry"],"_links":{"self":[{"href":"https:\/\/mointellect.com\/ee\/wp-json\/wp\/v2\/pages\/4412","targetHints":{"allow":["GET"]}}],"collection":[{"href":"https:\/\/mointellect.com\/ee\/wp-json\/wp\/v2\/pages"}],"about":[{"href":"https:\/\/mointellect.com\/ee\/wp-json\/wp\/v2\/types\/page"}],"author":[{"embeddable":true,"href":"https:\/\/mointellect.com\/ee\/wp-json\/wp\/v2\/users\/9"}],"replies":[{"embeddable":true,"href":"https:\/\/mointellect.com\/ee\/wp-json\/wp\/v2\/comments?post=4412"}],"version-history":[{"count":0,"href":"https:\/\/mointellect.com\/ee\/wp-json\/wp\/v2\/pages\/4412\/revisions"}],"wp:attachment":[{"href":"https:\/\/mointellect.com\/ee\/wp-json\/wp\/v2\/media?parent=4412"}],"curies":[{"name":"wp","href":"https:\/\/api.w.org\/{rel}","templated":true}]}}