{"id":4408,"date":"2026-01-04T13:01:08","date_gmt":"2026-01-04T11:01:08","guid":{"rendered":"https:\/\/mointellect.com\/?page_id=4408"},"modified":"2026-03-05T09:52:12","modified_gmt":"2026-03-05T07:52:12","slug":"privaatsuspoliitika","status":"publish","type":"page","link":"https:\/\/mointellect.com\/ee\/privatumo-politika\/","title":{"rendered":"Privaatsuspoliitika"},"content":{"rendered":"<div data-elementor-type=\"wp-page\" data-elementor-id=\"4408\" class=\"elementor elementor-4408\" data-elementor-settings=\"{&quot;element_pack_global_tooltip_width&quot;:{&quot;unit&quot;:&quot;px&quot;,&quot;size&quot;:&quot;&quot;,&quot;sizes&quot;:[]},&quot;element_pack_global_tooltip_width_tablet&quot;:{&quot;unit&quot;:&quot;px&quot;,&quot;size&quot;:&quot;&quot;,&quot;sizes&quot;:[]},&quot;element_pack_global_tooltip_width_mobile&quot;:{&quot;unit&quot;:&quot;px&quot;,&quot;size&quot;:&quot;&quot;,&quot;sizes&quot;:[]},&quot;element_pack_global_tooltip_padding&quot;:{&quot;unit&quot;:&quot;px&quot;,&quot;top&quot;:&quot;&quot;,&quot;right&quot;:&quot;&quot;,&quot;bottom&quot;:&quot;&quot;,&quot;left&quot;:&quot;&quot;,&quot;isLinked&quot;:true},&quot;element_pack_global_tooltip_padding_tablet&quot;:{&quot;unit&quot;:&quot;px&quot;,&quot;top&quot;:&quot;&quot;,&quot;right&quot;:&quot;&quot;,&quot;bottom&quot;:&quot;&quot;,&quot;left&quot;:&quot;&quot;,&quot;isLinked&quot;:true},&quot;element_pack_global_tooltip_padding_mobile&quot;:{&quot;unit&quot;:&quot;px&quot;,&quot;top&quot;:&quot;&quot;,&quot;right&quot;:&quot;&quot;,&quot;bottom&quot;:&quot;&quot;,&quot;left&quot;:&quot;&quot;,&quot;isLinked&quot;:true},&quot;element_pack_global_tooltip_border_radius&quot;:{&quot;unit&quot;:&quot;px&quot;,&quot;top&quot;:&quot;&quot;,&quot;right&quot;:&quot;&quot;,&quot;bottom&quot;:&quot;&quot;,&quot;left&quot;:&quot;&quot;,&quot;isLinked&quot;:true},&quot;element_pack_global_tooltip_border_radius_tablet&quot;:{&quot;unit&quot;:&quot;px&quot;,&quot;top&quot;:&quot;&quot;,&quot;right&quot;:&quot;&quot;,&quot;bottom&quot;:&quot;&quot;,&quot;left&quot;:&quot;&quot;,&quot;isLinked&quot;:true},&quot;element_pack_global_tooltip_border_radius_mobile&quot;:{&quot;unit&quot;:&quot;px&quot;,&quot;top&quot;:&quot;&quot;,&quot;right&quot;:&quot;&quot;,&quot;bottom&quot;:&quot;&quot;,&quot;left&quot;:&quot;&quot;,&quot;isLinked&quot;:true}}\" data-elementor-post-type=\"page\">\n\t\t\t\t<div class=\"elementor-element elementor-element-5765dad e-flex e-con-boxed e-con e-parent\" data-id=\"5765dad\" data-element_type=\"container\" data-e-type=\"container\">\n\t\t\t\t\t<div class=\"e-con-inner\">\n\t\t\t\t<div class=\"elementor-element elementor-element-213485f elementor-widget elementor-widget-text-editor\" data-id=\"213485f\" data-element_type=\"widget\" data-e-type=\"widget\" data-widget_type=\"text-editor.default\">\n\t\t\t\t\t\t\t\t\t<h2>MOINTELLECT PRIVAATSUSPOLIITIKA<\/h2>\n\n<h3>I PEAT\u00dcKK. \u00dcLDS\u00c4TTED<\/h3>\n<p>K\u00e4esolev privaatsuspoliitika teavitab teid sellest, kuidas me t\u00f6\u00f6tleme teie isikuandmeid, mida te meile veebilehe kasutamisel, registreerimisel v\u00f5i p\u00e4ringuvormide t\u00e4itmisel edastate. Tagame, et t\u00f6\u00f6tleme teie isikuandmeid vastavalt isikuandmete kaitse \u00fcldm\u00e4\u00e4rusele (GDPR), Leedu Vabariigi isikuandmete \u00f5igusliku kaitse seadusele ja muudele \u00f5igusaktidele.<\/p>\n\n<p><strong>Andmete vastutav t\u00f6\u00f6tleja:<\/strong> MB \"Mohub\", ettev\u00f5tte kood 307022080, e-post: <a href=\"mailto:labas@mointellect.lt\">labas@mointellect.lt<\/a>.<br>\n<strong>Veebileht:<\/strong> www.mointellect.lt (ja www.mointellect.com).<\/p>\n\n<p>Meil on \u00f5igus muuta k\u00e4esolevas privaatsuspoliitikas kirjeldatud eeskirju osaliselt v\u00f5i t\u00e4ielikult. Me teavitame teid k\u00f5igist muudatustest sellel veebisaidil.<\/p>\n\n<h3>II PEAT\u00dcKK. EESM\u00c4RGID, T\u00d6\u00d6TLEMISE ALUSED JA KOGUTUD ANDMED<\/h3>\n<p>Me kogume ja t\u00f6\u00f6tleme teie andmeid j\u00e4rgmistel eesm\u00e4rkidel:<\/p>\n\n<h4>1. Otseturundus (uudiskirjad ja pakkumised)<\/h4>\n<ul>\n    <li><strong>Eesm\u00e4rk:<\/strong> Et saata teile uudiskirju, pakkumisi, teavet teenuste kohta.<\/li>\n    <li><strong>Andmete kogumine:<\/strong> Nimi, e-posti aadress, ettev\u00f5tte nimi.<\/li>\n    <li><strong>Andmeallikas:<\/strong> Andmed saadakse, kui t\u00e4idate registreerimisvormi, h\u00fcpikakna v\u00f5i tellidate uudiskirja.<\/li>\n    <li><strong>\u00d5iguslik alus:<\/strong> Teie n\u00f5usolek (GDPR artikli 6 l\u00f5ike 1 punkt a).<\/li>\n    <li><strong>T\u00f6\u00f6riistad:<\/strong> Uudiskirjade saatmiseks kasutame j\u00e4rgmisi v\u00f5imalusi <strong>\"Mailchimp\"<\/strong> platvorm.<\/li>\n<\/ul>\n\n<h4>2. P\u00e4ringute haldamine<\/h4>\n<ul>\n    <li><strong>Eesm\u00e4rk:<\/strong> Vastake oma p\u00e4ringutele kontaktvormi v\u00f5i e-posti teel.<\/li>\n    <li><strong>Andmete kogumine:<\/strong> Nimi, e-posti aadress, telefoninumber, ettev\u00f5tte nimi, s\u00f5numi sisu.<\/li>\n    <li><strong>\u00d5iguslik alus:<\/strong> \u00d5igustatud huvi p\u00e4ringutele vastamiseks (isikuandmete kaitse \u00fcldm\u00e4\u00e4ruse artikli 6 l\u00f5ike 1 punkt f).<\/li>\n<\/ul>\n\n<h4>3. Turunduse t\u00f5hususe anal\u00fc\u00fcs ja reklaam (Google Ads, Meta Pixel)<\/h4>\n<ul>\n    <li><strong>Eesm\u00e4rk:<\/strong> Kasutajate k\u00e4itumise anal\u00fc\u00fcsimine veebilehel, et optimeerida reklaamikampaaniaid ja n\u00e4idata teile asjakohast reklaami teistel platvormidel (remarketing).<\/li>\n    <li><strong>Andmed:<\/strong> IP-aadress, k\u00fclastuste ajalugu, veebisaidi aktiivsus. Lisateavet leiate \"K\u00fcpsiste poliitikast\".<\/li>\n<\/ul>\n\n<h3>III PEAT\u00dcKK. ANDMETE EDASTAMINE KOLMANDATELE RIIKIDELE<\/h3>\n<p>Teie andmeid v\u00f5ivad vaadata kolmandad isikud, kes osutavad meile teenuseid (andmet\u00f6\u00f6tlejad). Me tagame, et need t\u00f6\u00f6tlejad t\u00e4idavad andmekaitse n\u00f5udeid:<\/p>\n<ul>\n    <li><strong>Uudiskirja platvorm:<\/strong> \"The Rocket Science Group LLC d\/b\/a Mailchimp (USA).<\/li>\n    <li><strong>Veebisaidi liiklusanal\u00fc\u00fcs ja reklaam:<\/strong> \"Google Ireland Limited (Google Analytics, Google Ads) ja Meta Platforms Ireland Limited (Meta Pixel).<\/li>\n    <li>\u00d5iguskaitseasutused, kohtud v\u00f5i muud ametiasutused ainult kohaldatava \u00f5igusega n\u00f5utud ulatuses.<\/li>\n<\/ul>\n\n<h3>IV PEAT\u00dcKK. ANDMESUBJEKTIDE \u00d5IGUSED<\/h3>\n<p>Teil on \u00f5igus:<\/p>\n<ul>\n    <li>Juurdep\u00e4\u00e4s t\u00f6\u00f6deldud andmetele.<\/li>\n    <li>n\u00f5uda ebat\u00e4psete andmete parandamist.<\/li>\n    <li>taotleda andmete kustutamist (\"\u00f5igus olla unustatud\"), n\u00e4iteks t\u00fchistades n\u00f5usoleku uudiskirjade saamiseks.<\/li>\n    <li>esitada vastuv\u00e4iteid andmete t\u00f6\u00f6tlemisele otseturunduse eesm\u00e4rgil.<\/li>\n<\/ul>\n<p>Oma \u00f5iguste kasutamiseks v\u00f5tke meiega \u00fchendust e-posti teel: <a href=\"mailto:labas@mointellect.lt\"><strong>labas@mointellect.lt<\/strong><\/a>.<\/p>\n<p><em>Viimane uuendus: 4. jaanuar 2026<\/em><\/p>\t\t\t\t\t\t\t\t<\/div>\n\t\t\t\t\t<\/div>\n\t\t\t\t<\/div>\n\t\t\t\t<\/div>","protected":false},"excerpt":{"rendered":"<p>MOINTELLECT PRIVATUMO POLITIKA I SKYRIUS. BENDROSIOS NUOSTATOS \u0160ia privatumo politika informuojame Jus apie tai, kaip mes tvarkome J\u016bs\u0173 asmens duomenis, kuriuos J\u016bs [&hellip;]<\/p>\n","protected":false},"author":9,"featured_media":0,"parent":0,"menu_order":0,"comment_status":"closed","ping_status":"closed","template":"","meta":{"footnotes":""},"class_list":["post-4408","page","type-page","status-publish","hentry"],"_links":{"self":[{"href":"https:\/\/mointellect.com\/ee\/wp-json\/wp\/v2\/pages\/4408","targetHints":{"allow":["GET"]}}],"collection":[{"href":"https:\/\/mointellect.com\/ee\/wp-json\/wp\/v2\/pages"}],"about":[{"href":"https:\/\/mointellect.com\/ee\/wp-json\/wp\/v2\/types\/page"}],"author":[{"embeddable":true,"href":"https:\/\/mointellect.com\/ee\/wp-json\/wp\/v2\/users\/9"}],"replies":[{"embeddable":true,"href":"https:\/\/mointellect.com\/ee\/wp-json\/wp\/v2\/comments?post=4408"}],"version-history":[{"count":0,"href":"https:\/\/mointellect.com\/ee\/wp-json\/wp\/v2\/pages\/4408\/revisions"}],"wp:attachment":[{"href":"https:\/\/mointellect.com\/ee\/wp-json\/wp\/v2\/media?parent=4408"}],"curies":[{"name":"wp","href":"https:\/\/api.w.org\/{rel}","templated":true}]}}