{"id":1614,"date":"2025-03-14T13:57:50","date_gmt":"2025-03-14T11:57:50","guid":{"rendered":"https:\/\/mointellect.com\/?page_id=1614"},"modified":"2026-03-08T13:44:50","modified_gmt":"2026-03-08T11:44:50","slug":"kasutustingimused","status":"publish","type":"page","link":"https:\/\/mointellect.com\/ee\/naudojimosi-salygos\/","title":{"rendered":"Kasutustingimused"},"content":{"rendered":"<div data-elementor-type=\"wp-page\" data-elementor-id=\"1614\" class=\"elementor elementor-1614\" data-elementor-settings=\"{&quot;element_pack_global_tooltip_width&quot;:{&quot;unit&quot;:&quot;px&quot;,&quot;size&quot;:&quot;&quot;,&quot;sizes&quot;:[]},&quot;element_pack_global_tooltip_width_tablet&quot;:{&quot;unit&quot;:&quot;px&quot;,&quot;size&quot;:&quot;&quot;,&quot;sizes&quot;:[]},&quot;element_pack_global_tooltip_width_mobile&quot;:{&quot;unit&quot;:&quot;px&quot;,&quot;size&quot;:&quot;&quot;,&quot;sizes&quot;:[]},&quot;element_pack_global_tooltip_padding&quot;:{&quot;unit&quot;:&quot;px&quot;,&quot;top&quot;:&quot;&quot;,&quot;right&quot;:&quot;&quot;,&quot;bottom&quot;:&quot;&quot;,&quot;left&quot;:&quot;&quot;,&quot;isLinked&quot;:true},&quot;element_pack_global_tooltip_padding_tablet&quot;:{&quot;unit&quot;:&quot;px&quot;,&quot;top&quot;:&quot;&quot;,&quot;right&quot;:&quot;&quot;,&quot;bottom&quot;:&quot;&quot;,&quot;left&quot;:&quot;&quot;,&quot;isLinked&quot;:true},&quot;element_pack_global_tooltip_padding_mobile&quot;:{&quot;unit&quot;:&quot;px&quot;,&quot;top&quot;:&quot;&quot;,&quot;right&quot;:&quot;&quot;,&quot;bottom&quot;:&quot;&quot;,&quot;left&quot;:&quot;&quot;,&quot;isLinked&quot;:true},&quot;element_pack_global_tooltip_border_radius&quot;:{&quot;unit&quot;:&quot;px&quot;,&quot;top&quot;:&quot;&quot;,&quot;right&quot;:&quot;&quot;,&quot;bottom&quot;:&quot;&quot;,&quot;left&quot;:&quot;&quot;,&quot;isLinked&quot;:true},&quot;element_pack_global_tooltip_border_radius_tablet&quot;:{&quot;unit&quot;:&quot;px&quot;,&quot;top&quot;:&quot;&quot;,&quot;right&quot;:&quot;&quot;,&quot;bottom&quot;:&quot;&quot;,&quot;left&quot;:&quot;&quot;,&quot;isLinked&quot;:true},&quot;element_pack_global_tooltip_border_radius_mobile&quot;:{&quot;unit&quot;:&quot;px&quot;,&quot;top&quot;:&quot;&quot;,&quot;right&quot;:&quot;&quot;,&quot;bottom&quot;:&quot;&quot;,&quot;left&quot;:&quot;&quot;,&quot;isLinked&quot;:true}}\" data-elementor-post-type=\"page\">\n\t\t\t\t<div class=\"elementor-element elementor-element-d13f431 e-flex e-con-boxed e-con e-parent\" data-id=\"d13f431\" data-element_type=\"container\" data-e-type=\"container\" id=\"contact\" data-settings=\"{&quot;background_background&quot;:&quot;classic&quot;}\">\n\t\t\t\t\t<div class=\"e-con-inner\">\n\t\t<div class=\"elementor-element elementor-element-f48d78f e-con-full e-flex e-con e-child\" data-id=\"f48d78f\" data-element_type=\"container\" data-e-type=\"container\">\n\t\t\t\t<div class=\"elementor-element elementor-element-ccbfcc5 elementor-widget elementor-widget-text-editor\" data-id=\"ccbfcc5\" data-element_type=\"widget\" data-e-type=\"widget\" data-widget_type=\"text-editor.default\">\n\t\t\t\t\t\t\t\t\t<div class=\"hero-section\" data-type=\"type-1\"><header class=\"entry-header\"><h4 class=\"page-title\" title=\"Kasutustingimused\">Kasutustingimused<\/h4><\/header><\/div><div class=\"entry-content\"><div class=\"elementor elementor-566\" data-elementor-type=\"wp-page\" data-elementor-id=\"566\" data-elementor-post-type=\"page\"><section class=\"elementor-section elementor-top-section elementor-element elementor-element-37ae4af elementor-section-boxed elementor-section-height-default elementor-section-height-default\" data-id=\"37ae4af\" data-element_type=\"section\"><div class=\"elementor-container elementor-column-gap-default\"><div class=\"elementor-column elementor-col-100 elementor-top-column elementor-element elementor-element-68a58325\" data-id=\"68a58325\" data-element_type=\"column\"><div class=\"elementor-widget-wrap elementor-element-populated\"><div class=\"elementor-element elementor-element-57f4a451 elementor-widget elementor-widget-text-editor\" data-id=\"57f4a451\" data-element_type=\"widget\" data-widget_type=\"text-editor.default\"><div class=\"elementor-widget-container\"><p class=\"p1\">Kasutades www.mointellect.com, www.mointellect.lt v\u00f5i muid tooteid ja teenuseid platvormil, n\u00f5ustute teie ja teie poolt esindatav \u00fcksus j\u00e4rgmiste tingimuste, kasutustingimuste ja p\u00f5him\u00f5tetega.<\/p><p align=\"center\"><b><span lang=\"LT\">\u00a0<\/span><\/b><\/p><p align=\"center\"><b><span lang=\"LT\">MOINTELLECT\u00a0<\/span><\/b><b><\/b><b><span lang=\"LT\">PRIVAATSUSE POLIITIKA<\/span><\/b><\/p><p align=\"center\"><b><span lang=\"LT\">I PEAT\u00dcKK<\/span><\/b><\/p><p align=\"center\"><b><span lang=\"LT\">\u00dcLDS\u00c4TTED<\/span><\/b><\/p><p><span lang=\"LT\">\u00a0<\/span><\/p><p class=\"p1\"><span class=\"s1\">K\u00e4esolev privaatsuspoliitika teavitab teid sellest, kuidas me t\u00f6\u00f6tleme teie poolt meile esitatud isikuandmeid. Samuti kinnitame teile, et<\/span>et me t\u00f6\u00f6tleme teie isikuandmeid vastavalt m\u00e4\u00e4rusele, Leedu Vabariigi isikuandmete kaitse seadusele ja muudele isikuandmete kaitset reguleerivatele \u00f5igusaktidele.<\/p><p class=\"p1\">Meil on \u00f5igus muuta k\u00e4esolevas privaatsuspoliitikas kirjeldatud eeskirju osaliselt v\u00f5i t\u00e4ielikult. Me teavitame teid k\u00f5igist muudatustest, avaldades k\u00e4esoleva privaatsuspoliitika ajakohastatud versiooni sellel veebisaidil.<\/p><p><b><span lang=\"LT\">Andmete vastutav t\u00f6\u00f6tleja<\/span><\/b><i>\u00a0<\/i><span lang=\"LT\">- <\/span><span class=\"s1\">MB \"Mohub\", ettev\u00f5tte kood 307022080<\/span>.<\/p><p><b><span lang=\"LT\">Veebileht\u00a0<\/span><\/b><span lang=\"LT\">- <a href=\"https:\/\/web.archive.org\/web\/20240616235648\/http:\/\/www.mointellect.lt\/\" target=\"_blank\" rel=\"noopener\">www.mointellect.lt<\/a>. \u00a0<b><\/b><\/span><\/p><p><strong>M\u00e4\u00e4rus<\/strong>\u00a0<strong><span lang=\"LT\">- <\/span><\/strong>Euroopa Parlamendi ja n\u00f5ukogu 27. aprilli 2016. aasta m\u00e4\u00e4rus (EL) 2016\/679 f\u00fc\u00fcsiliste isikute kaitse kohta isikuandmete t\u00f6\u00f6tlemisel ja selliste andmete vaba liikumise ning direktiivi 95\/46\/E\u00dc kehtetuks tunnistamise kohta (GDPR);<\/p><p class=\"p1\"><b>Isikuandmed\u00a0<\/b>- mis tahes teave tuvastatud v\u00f5i tuvastatava f\u00fc\u00fcsilise isiku (andmesubjekti) kohta; tuvastatav f\u00fc\u00fcsiline isik on isik, keda saab otseselt v\u00f5i kaudselt tuvastada eelk\u00f5ige tunnuse, n\u00e4iteks nime, isikukoodi, asukohaandmete ja veebitunnuse v\u00f5i \u00fche v\u00f5i mitme f\u00fc\u00fcsilise isiku f\u00fc\u00fcsilise, f\u00fcsioloogilise, geneetilise, vaimse, majandusliku, kultuurilise v\u00f5i sotsiaalse identiteediga seotud teguri alusel;<\/p><p class=\"p1\"><b>Andmet\u00f6\u00f6tlus<\/b><i>\u00a0<\/i>- mis tahes toiming v\u00f5i toimingute jada, mida tehakse isikuandmete v\u00f5i isikuandmete kogumitega, olenemata sellest, kas need on automatiseeritud v\u00f5i mitte, nagu kogumine, salvestamine, sorteerimine, korrastamine, s\u00e4ilitamine, kohandamine v\u00f5i muutmine, v\u00e4ljav\u00f5tete tegemine, juurdep\u00e4\u00e4s, kasutamine, avalikustamine edastamise, levitamise v\u00f5i muul viisil k\u00e4ttesaadavaks tegemise teel, \u00fchtlustamine v\u00f5i \u00fchendamine teiste andmetega, piiramine, kustutamine v\u00f5i h\u00e4vitamine.<\/p><p><b><span lang=\"LT\">\u00a0<\/span><\/b><\/p><p align=\"center\"><b><span lang=\"LT\">II PEAT\u00dcKK<\/span><\/b><\/p><p align=\"center\"><b><span lang=\"LT\">ISIKUANDMETE T\u00d6\u00d6TLEMISE P\u00d5HIM\u00d5TTED<\/span><\/b><\/p><p><span lang=\"LT\">\u00a0<\/span><\/p><p class=\"p1\">Isikuandmeid t\u00f6\u00f6deldakse vastavalt j\u00e4rgmistele p\u00f5him\u00f5tetele:<\/p><ul><li>isikuandmeid tuleb t\u00f6\u00f6delda ainult sellisel viisil ja vahenditega, mis tagavad nende turvalisuse. Isikuandmeid tuleb kaitsta ebaseadusliku t\u00f6\u00f6tlemise ja n\u00f5usolekuta t\u00f6\u00f6tlemise eest. Seda tuleb rakendada asjakohaste tehniliste ja organisatsiooniliste meetmete abil, et tagada t\u00f6\u00f6tlemise turvalisus, sealhulgas kaitse juhusliku kadumise, h\u00e4vimise v\u00f5i kahjustumise eest;<\/li><li>isikuandmeid s\u00e4ilitatakse ainult nii kaua, kui see on vajalik nende eesm\u00e4rkide saavutamiseks, milleks neid koguti. Erandjuhtudel, kui isikuandmeid t\u00f6\u00f6deldakse avalikes huvides toimuva arhiveerimise eesm\u00e4rgil, teaduslikel v\u00f5i ajaloolistel uuringutel v\u00f5i statistilistel eesm\u00e4rkidel, v\u00f5ib andmeid s\u00e4ilitada pikema aja jooksul;<\/li><li>isikuandmed peavad olema t\u00e4psed ja ebat\u00e4psuste korral ajakohastatud. Tuleb v\u00f5tta m\u00f5istlikke tehnilisi v\u00f5i organisatsioonilisi meetmeid, et tagada ebat\u00e4psete andmete parandamine v\u00f5i kustutamine;<\/li><li>isikuandmeid tuleb koguda ainult ulatuses, mis on vajalik taotletavate eesm\u00e4rkide saavutamiseks;<\/li><li>isik<b> <\/b>andmed peavad olema<b> <\/b>kogutakse ainult seaduslikel, selges\u00f5nalistel ja kindlaksm\u00e4\u00e4ratud eesm\u00e4rkidel;<\/li><li>isikuandmeid tuleb t\u00f6\u00f6delda ainult \u00f5iglasel, seaduslikul ja l\u00e4bipaistval viisil seoses andmesubjektiga.<\/li><\/ul><p align=\"center\"><span lang=\"LT\">\u00a0<\/span><\/p><p align=\"center\"><b><span lang=\"LT\">III PEAT\u00dcKK<\/span><\/b><\/p><p align=\"center\"><b><span lang=\"LT\">ISIKUANDMETE T\u00d6\u00d6TLEMISE EESM\u00c4RGID, \u00d5IGUSLIKUD ALUSED JA T\u00c4HTAJAD<\/span><\/b><\/p><p><span lang=\"LT\">Teie isikuandmeid t\u00f6\u00f6deldakse allpool s\u00e4testatud eesm\u00e4rkidel, \u00f5iguslikel alustel ja t\u00e4htaegadel:<\/span><\/p><table style=\"height: 1675px;\" border=\"1\" width=\"1075\" cellspacing=\"0\" cellpadding=\"0\"><tbody><tr><td valign=\"top\" width=\"329\"><p align=\"center\"><span lang=\"LT\">Isikuandmete t\u00f6\u00f6tlemine<br \/>Eesm\u00e4rk<\/span><\/p><\/td><td valign=\"top\" width=\"151\"><p align=\"center\"><span lang=\"LT\">Isikuandmete t\u00f6\u00f6tlemine<br \/>\u00f5iguslik alus<\/span><\/p><\/td><td valign=\"top\" width=\"140\"><p align=\"center\"><span lang=\"LT\">Isikuandmete s\u00e4ilitamine<br \/>t\u00e4htaeg<\/span><\/p><\/td><\/tr><tr><td valign=\"top\" width=\"329\"><p align=\"center\"><b><i><span lang=\"LT\">p\u00e4ringute, taotluste v\u00f5i kaebuste k\u00e4sitlemiseks<\/span><\/i><\/b><span lang=\"LT\">\u00a0teie p\u00e4ringus, taotluses v\u00f5i kaebuses sisalduvad isikuandmed t\u00f6\u00f6deldakse.<\/span><\/p><\/td><td valign=\"top\" width=\"151\"><p align=\"center\"><span lang=\"LT\">GDPR artikli 6 l\u00f5ike 1 punkt f<\/span><\/p><\/td><td valign=\"top\" width=\"140\"><p align=\"center\"><span lang=\"LT\">3 aastat<\/span><\/p><\/td><\/tr><tr><td valign=\"top\" width=\"329\"><p align=\"center\"><b><i><span lang=\"LT\">Facebookis suhtlemiseks ja uudiste postitamiseks, samuti Messengeri kaudu suhtlemiseks.\u00a0<\/span><\/i><\/b><span lang=\"LT\">t\u00f6\u00f6deldakse isikuandmeid, mida te meile privaats\u00f5numiga edastate, sealhulgas kommentaare, tagasisidet, jagamisi, meeldimisi ja muud teavet, mida s\u00e4ilitatakse meie hallatavas sotsiaalv\u00f5rgustikus p\u00e4rast seda, kui olete teinud vastava toimingu.<\/span><\/p><\/td><td valign=\"top\" width=\"151\"><p align=\"center\"><span lang=\"LT\">GDPR artikli 6 l\u00f5ike 1 punkt a<\/span><\/p><\/td><td valign=\"top\" width=\"140\"><p align=\"center\"><span lang=\"LT\">10 aastat<\/span><\/p><\/td><\/tr><tr><td valign=\"top\" width=\"329\"><p align=\"center\"><b><i><span lang=\"LT\">T\u00f6\u00f6tajate valimiseks\u00a0<\/span><\/i><\/b><span lang=\"LT\">hallatakse<b><i>\u00a0<\/i><\/b>Teie<b><i>\u00a0<\/i><\/b>eesnimi, perekonnanimi, s\u00fcnniaeg, aadress, telefoninumber, e-posti aadress, haridust t\u00f5endav dokument, elulookirjeldus, muud andmed teie kvalifikatsiooni, kutseoskuste ja kutseomaduste kohta ning muu teave ja t\u00f5endavad dokumendid, mis on seotud teie kutse- v\u00f5i ametialaste omadustega.<b><i><\/i><\/b><\/span><\/p><\/td><td valign=\"top\" width=\"151\"><p align=\"center\"><span lang=\"LT\">GDPR artikli 6 l\u00f5ike 1 punktid b,f<\/span><\/p><\/td><td valign=\"top\" width=\"140\"><p align=\"center\"><span lang=\"LT\">Mitte rohkem kui 4 kuud<\/span><\/p><\/td><\/tr><tr><td valign=\"top\" width=\"329\"><p align=\"center\"><b><i><span lang=\"LT\">tsiviil\u00f5iguslike lepingute s\u00f5lmimiseks, t\u00e4itmiseks ja l\u00f5petamiseks (v\u00e4lja arvatud lepingud klientidega).<\/span><\/i><\/b>\u00a0<span lang=\"LT\">teie nimi, perekonnanimi, ametinimetus, s\u00fcnniaeg, isikukood, aadress, telefoninumber, e-posti aadress, pank, pangakonto number ja muud esitatud andmed.<\/span><\/p><\/td><td valign=\"top\" width=\"151\"><p align=\"center\"><span lang=\"LT\">GDPR artikli 6 l\u00f5ike 1 punktid b,f<\/span><\/p><\/td><td valign=\"top\" width=\"140\"><p align=\"center\"><span lang=\"LT\">10 aastat<\/span><\/p><\/td><\/tr><tr><td valign=\"top\" width=\"329\"><p align=\"center\"><b><i><span lang=\"LT\">Teenuste osutamiseks\u00a0<\/span><\/i><\/b><span lang=\"LT\">t\u00f6\u00f6deldakse eesnime, perekonnanime, s\u00fcnniaega, isikukoodi, ID-kaardi v\u00f5i passi numbrit, aadressi, telefoninumbrit, e-posti aadressi, panga- ja pangakonto numbrit, postiindeksit ja muid esitatud andmeid.<b><i><\/i><\/b><\/span><\/p><\/td><td valign=\"top\" width=\"151\"><p align=\"center\"><span lang=\"LT\">GDPR artikli 6 l\u00f5ike 1 punktid b,f<\/span><\/p><\/td><td valign=\"top\" width=\"140\"><p align=\"center\"><span lang=\"LT\">10 aastat<\/span><\/p><\/td><\/tr><tr><td valign=\"top\" width=\"329\"><p align=\"center\"><b><i><span lang=\"LT\">\u00d5iguste ja \u00f5igustatud huvide kaitseks ning rikutud \u00f5iguste kaitsmiseks.<\/span><\/i><\/b><span lang=\"LT\">\u00a0teie nimi, perekonnanimi, ametinimetus, s\u00fcnniaeg, isikukood, passi v\u00f5i ID-kaardi number, aadress, telefoninumber, e-posti aadress, pank, pangakonto number, v\u00f5lasumma, andmed t\u00e4itemenetluses, samuti muud isikuandmed, mis on vajalikud rikutud \u00f5iguste ja \u00f5igustatud huvide t\u00f5husaks kaitsmiseks.<\/span><\/p><\/td><td valign=\"top\" width=\"151\"><p align=\"center\"><span lang=\"LT\">GDPR artikli 6 l\u00f5ike 1 punkt f<\/span><\/p><\/td><td valign=\"top\" width=\"140\"><p align=\"center\"><span lang=\"LT\">Leedu Vabariigi seadus<br \/>\u00f5igusaktides s\u00e4testatud ajavahemikuks<\/span><\/p><\/td><\/tr><tr><td valign=\"top\" width=\"329\"><p align=\"center\"><b><i><span lang=\"LT\">Otseturunduse eesm\u00e4rgil\u00a0<\/span><\/i><\/b><span lang=\"LT\">t\u00f6\u00f6deldakse teie ees- ja perekonnanime, e-posti aadressi ja telefoninumbrit.<b><i><\/i><\/b><\/span><\/p><\/td><td valign=\"top\" width=\"151\"><p align=\"center\"><span lang=\"LT\">GDPR artikli 6 l\u00f5ike 1 punkt a<\/span><\/p><\/td><td valign=\"top\" width=\"140\"><p align=\"center\"><span lang=\"LT\">Mitte rohkem kui 5 aastat<\/span><\/p><\/td><\/tr><\/tbody><\/table><p><span lang=\"LT\">\u00a0<\/span><\/p><p align=\"center\"><b><span lang=\"LT\">IV PEAT\u00dcKK<\/span><\/b><\/p><p align=\"center\"><b><span lang=\"LT\">KOKKIDE KASUTAMINE<\/span><\/b><\/p><p><span lang=\"LT\">\u00a0<\/span><\/p><p class=\"p1\">K\u00fcpsis on v\u00e4ike tekstifail, mis salvestatakse teie arvutisse, kui k\u00fclastate meie veebisaiti. K\u00fcpsised v\u00f5imaldavad meil meeles pidada teavet teie sirvimisharjumuste, tegevuste ja seadete kohta, et saaksite kasutada k\u00f5iki veebisaidi funktsioone. K\u00fcpsised v\u00f5imaldavad meil koguda teie kohta ka \u00fcldist statistilist teavet ja pakkuda teile teie sirvimisharjumuste p\u00f5hjal personaliseeritud reklaami.<\/p><p><span lang=\"LT\">\u00a0<\/span><\/p><p><span lang=\"LT\">Selleks, et anda teile parem \u00fclevaade meie poolt kogutud k\u00fcpsistest, samuti iga k\u00fcpsise eesm\u00e4rgist, kategooriast ja kehtivusaja l\u00f5ppemisest, esitame allpool k\u00fcpsiste kirjelduse ja tabeli k\u00fcpsistest, mida me tegelikult kasutame.<\/span><\/p><p><span lang=\"LT\">K\u00fcpsised jagunevad j\u00e4rgmistesse r\u00fchmadesse:<\/span><\/p><ul><li class=\"li1\"><b><i>Rangelt vajalikud k\u00fcpsised<\/i><\/b>\u00a0- Need on k\u00fcpsised, mis on vajalikud veebisaidi n\u00f5uetekohaseks toimimiseks.<\/li><li class=\"li1\"><b><i>Funktsionaalsed k\u00fcpsised<\/i><\/b>\u00a0- <span class=\"s2\">on k\u00fcpsised, mille eesm\u00e4rk on tuvastada veebisaidi korduvkasutaja. Need aitavad personaliseerida veebisaidi sisu ja salvestada teie valitud seadeid.<\/span><\/li><li class=\"li1\"><b><i>Statistilised k\u00fcpsised<\/i><\/b>\u00a0- on k\u00fcpsised, mida kasutatakse veebilehe k\u00fclastajate navigeerimismustrite statistilise anal\u00fc\u00fcsi koostamiseks. Nende k\u00fcpsiste abil kogutud andmeid kasutatakse anon\u00fc\u00fcmselt.<\/li><li class=\"li1\"><b><i>Reklaamik\u00fcpsised<\/i><\/b>\u00a0- Need on k\u00fcpsised, mida kasutatakse selleks, et n\u00e4idata teile pakkumisi v\u00f5i muud teavet, mis v\u00f5ib teile huvi pakkuda.<\/li><\/ul><p><span lang=\"LT\">\u00a0<\/span><\/p><p><span lang=\"LT\">K\u00fcpsised on jaotatud j\u00e4rgmistesse r\u00fchmadesse vastavalt nende paigutuse kestusele:<\/span><\/p><ul><li><b><i>Sessioon<\/i><\/b> - Need on ajutised k\u00fcpsised, mis eksisteerivad ainult siis, kui olete veebilehele sisse logitud. Seansik\u00fcpsised v\u00f5imaldavad veebisaidil meeles pidada, millised eelistused te eelmist lehek\u00fclge k\u00fclastades valisite, nii et te ei pea seda teavet uuesti sisestama, kui l\u00e4hete j\u00e4rgmisele lehele.<\/li><li class=\"li1\"><b><i>Pikaajaline<\/i><\/b> - on k\u00fcpsised, mis j\u00e4\u00e4vad teie seadmesse p\u00e4rast meie veebisaidi k\u00fclastamist. Kui naasete meie veebisaidile, aitavad need k\u00fcpsised teid tuvastada kui unikaalset k\u00fclastajat.<\/li><\/ul><p><span lang=\"LT\">\u00a0<\/span><\/p><p><span lang=\"LT\">Me kogume j\u00e4rgmisi k\u00fcpsiseid:<\/span><\/p><p><span lang=\"LT\">\u00a0<\/span><\/p><table class=\"my-cookie-table\"><tbody><tr><td><strong>Ei.<\/strong><\/td><td><strong>K\u00fcpsise nimi<\/strong><\/td><td><strong>Kategooria<\/strong><\/td><td><strong>Eesm\u00e4rk<\/strong><\/td><td><strong>Ladustamise kestus<\/strong><\/td><\/tr><tr><td>1.<\/td><td>PHPSESSID<\/td><td>N\u00f5utav<\/td><td><p>Salvestab kasutaja sessiooni oleku<\/p><p>k\u00f5igis lehe p\u00e4ringutes<\/p><\/td><td>Sessioon<\/td><\/tr><tr><td>2.<\/td><td>rc::a<\/td><td>N\u00f5utav<\/td><td>Seda k\u00fcpsist kasutatakse inimeste ja robotite eristamiseks. See on kasulik veebilehe jaoks, et koostada kehtivaid aruandeid veebilehe kasutamise kohta.<\/td><td>P\u00fcsiv<\/td><\/tr><tr><td>3.<\/td><td>rc::c<\/td><td>N\u00f5utav<\/td><td>Seda k\u00fcpsist kasutatakse inimeste ja robotite eristamiseks.<\/td><td>Sessioon<\/td><\/tr><tr><td>4.<\/td><td>_ga<\/td><td>Statistilised andmed<\/td><td>Registreerib ID, mida kasutatakse statistika koostamiseks selle kohta, kuidas k\u00fclastaja veebilehte kasutab.<\/td><td>2 aastat<\/td><\/tr><tr><td>5.<\/td><td>_gat<\/td><td>Statistilised andmed<\/td><td>Kasutab Google Analyticsit, et v\u00e4hendada p\u00e4ringute sagedust<\/td><td>1 p\u00e4ev<\/td><\/tr><tr><td>6.<\/td><td>_gid<\/td><td>Statistilised andmed<\/td><td>Registreerib ID, mida kasutatakse statistika koostamiseks selle kohta, kuidas k\u00fclastaja veebilehte kasutab.<\/td><td>1 p\u00e4ev<\/td><\/tr><tr><td>7.<\/td><td>koguda<\/td><td>Statistilised andmed<\/td><td><p>Kasutatakse andmete saatmiseks Google Analytics'ile k\u00fclastaja seadme ja<\/p><p>k\u00e4itumine. J\u00e4lgib k\u00fclalist p\u00f5ikisuunaliselt<\/p><p>rajatised ja turustuskanalid<\/p><\/td><td>Sessioon<\/td><\/tr><tr><td>8.<\/td><td>_ga<\/td><td>Statistilised andmed<\/td><td>registreerib unikaalse ID, mida kasutatakse statistika koostamiseks selle kohta, kuidas k\u00fclastaja veebilehte kasutab.<\/td><td>2 aastat<\/td><\/tr><tr><td>9.<\/td><td>_gat<\/td><td>Statistilised andmed<\/td><td>Kasutab Google Analyticsit, et v\u00e4hendada p\u00e4ringute sagedust<\/td><td>1 p\u00e4ev<\/td><\/tr><tr><td>10.<\/td><td>_gid<\/td><td>Statistilised andmed<\/td><td>registreerib unikaalse ID, mida kasutatakse statistika koostamiseks selle kohta, kuidas k\u00fclastaja veebilehte kasutab.<\/td><td>1 p\u00e4ev<\/td><\/tr><tr><td>11.<\/td><td>koguda<\/td><td>Statistilised andmed<\/td><td><p>Kasutatakse andmete saatmiseks Google Analytics'ile k\u00fclastaja seadme ja<\/p><p>k\u00e4itumine. J\u00e4lgib k\u00fclalist p\u00f5ikisuunaliselt<\/p><p>rajatised ja turustuskanalid<\/p><\/td><td>Sessioon<\/td><\/tr><\/tbody><\/table><p align=\"center\"><span lang=\"LT\">\u00a0<\/span><\/p><p class=\"p1\">Lisaks sellele v\u00f5ite alati seadistada oma brauseri nii, et see keeldub m\u00f5nest v\u00f5i k\u00f5igist k\u00fcpsistest v\u00f5i k\u00fcsib enne nende vastuv\u00f5tmist teie luba. Pange t\u00e4hele, et kui te kustutate k\u00fcpsised v\u00f5i keelate need tulevikus, ei pruugi teil olla v\u00f5imalik p\u00e4\u00e4seda ligi meie veebisaidi teatud osadele v\u00f5i funktsioonidele.<\/p><p class=\"p1\">Teavet selle kohta, kuidas muuta oma brauseri seadeid, et l\u00f5petada k\u00fcpsiste vastuv\u00f5tmine, leiate veebilehelt\u00a0<a href=\"http:\/\/www.aboutcookies.org\/\" target=\"_blank\" rel=\"noopener\"><span class=\"s1\">www.aboutcookies.org<\/span><\/a>\u00a0v\u00f5i\u00a0<a href=\"http:\/\/www.allaboutcookies.org\/\" target=\"_blank\" rel=\"noopener\"><span class=\"s1\">www.allaboutcookies.org<\/span><\/a>.<\/p><p align=\"center\"><b><span lang=\"LT\">V PEAT\u00dcKK<\/span><\/b><\/p><p align=\"center\"><b><span lang=\"LT\">ISIKUANDMETE KOLMANDATELE ISIKUTELE AVALDAMISE KORD<\/span><\/b><\/p><p><span lang=\"LT\">Vastutav t\u00f6\u00f6tleja v\u00f5ib edastada teie andmeid kolmandatele isikutele, kes abistavad teenuse osutamisel ja haldamisel. Igal juhul annab vastutav t\u00f6\u00f6tleja volitatud t\u00f6\u00f6tlejale ainult nii palju andmeid, kui on vaja konkreetse \u00fclesande t\u00e4itmiseks v\u00f5i konkreetse teenuse osutamiseks.<\/span><\/p><p><span lang=\"LT\">Teie andmed edastatakse ka sotsiaalv\u00f5rgustike haldajatele, kes t\u00f6\u00f6tlevad neid vastavalt oma privaatsuspoliitikale.<\/span><\/p><p><span lang=\"LT\">Teie andmeid v\u00f5ib avaldada p\u00e4devatele asutustele v\u00f5i \u00f5iguskaitseasutustele, sealhulgas audiitoritele, kohtutele, kohtut\u00e4ituritele, kui neid n\u00f5utakse vastavalt seadusele.<\/span><\/p><p><span lang=\"LT\">Vastutav t\u00f6\u00f6tleja v\u00f5ib edastada teie andmeid ka teistele kolmandatele isikutele, kui see on vajalik ja \u00f5igustatud huvides, sealhulgas edastades neid v\u00e4ljapoole Euroopa Liitu. Sellise edastamise korral kohustub vastutav t\u00f6\u00f6tleja t\u00e4itma GDPRi artiklites 44-49 s\u00e4testatud kohustusi.<\/span><\/p><p align=\"center\"><b><span lang=\"LT\">VI PEAT\u00dcKK<\/span><\/b><\/p><p align=\"center\"><b><span lang=\"LT\">ANDMESUBJEKTIDE \u00d5IGUSED<\/span><\/b><\/p><p><span lang=\"LT\">Teil on \u00f5igus:<\/span><\/p><ul><li><span lang=\"LT\">\u00a0 \u00a0 \u00a0saada teada (olla teavitatud) oma isikuandmete t\u00f6\u00f6tlemisest;<\/span><\/li><li><span lang=\"LT\">\u00a0 \u00a0 \u00a0juurdep\u00e4\u00e4s teie isikuandmetele;<\/span><\/li><li><span lang=\"LT\">\u00a0 \u00a0 \u00a0taotleda isikuandmete parandamist;<\/span><\/li><li><span lang=\"LT\">\u00a0 \u00a0 \u00a0taotleda isikuandmete kustutamist (\"\u00f5igus olla unustatud\");<\/span><\/li><li><span lang=\"LT\">\u00a0 \u00a0 \u00a0piirata teie isikuandmete t\u00f6\u00f6tlemist;<\/span><\/li><li><span lang=\"LT\">\u00a0 \u00a0 \u00a0esitada vastuv\u00e4iteid oma isikuandmete t\u00f6\u00f6tlemisele;<\/span><\/li><li><span lang=\"LT\">\u00a0 \u00a0 \u00a0isikuandmete teisaldatavus;<\/span><\/li><li><span lang=\"LT\">\u00a0 \u00a0 \u00a0esitada vastuv\u00e4iteid, et teie suhtes tehakse otsus \u00fcksnes automatiseeritud t\u00f6\u00f6tlemise, sealhulgas profiilianal\u00fc\u00fcsi alusel.<\/span><\/li><\/ul><p><span lang=\"LT\">Taotlused vastutavale t\u00f6\u00f6tlejale tuleb esitada kirjalikult k\u00e4esoleva privaatsuspoliitika jaotises \"Kontaktandmed\" loetletud kontaktisikutele. Vastutav t\u00f6\u00f6tleja kohustub vastama sellele taotlusele 1 kuu jooksul alates taotluse saamisest. Seda 1 kuu pikkust t\u00e4htaega v\u00f5ib pikendada veel 2 kuu v\u00f5rra s\u00f5ltuvalt taotluste keerukusest ja arvust.<\/span><\/p><p><span lang=\"LT\">Lisaks sellele palume t\u00e4hele panna, et GDPR s\u00e4testab lisaks teatud \u00f5iguste kasutamisele ka kriteeriumid, millistel juhtudel neid \u00f5igusi ei kasutata, v\u00f5i tingimused, mis peavad olema t\u00e4idetud andmete t\u00f6\u00f6tlemisel, et \u00f5igust saaks kasutada.<\/span><\/p><p><span lang=\"LT\">Kui te ei n\u00f5ustu meie vastusega, on teil \u00f5igus esitada kaebus p\u00e4devale riigiasutusele, n\u00e4iteks riiklikule andmekaitseinspektsioonile v\u00f5i kohtule.<\/span><\/p><p align=\"center\"><span lang=\"LT\">\u00a0<\/span><\/p><p align=\"center\"><b><span lang=\"LT\">VII PEAT\u00dcKK<\/span><\/b><\/p><p align=\"center\"><b><span lang=\"LT\">KONTAKTANDMED<\/span><\/b><\/p><p><span lang=\"LT\">Kui teil on k\u00fcsimusi v\u00f5i kaebusi teie isikuandmete t\u00f6\u00f6tlemise kohta, v\u00f5ite meiega \u00fchendust v\u00f5tta e-posti aadressil\u00a0<a href=\"https:\/\/web.archive.org\/web\/20240616235648\/mailto:labas@mointellect.lt\" target=\"_blank\" rel=\"noopener\">labas@mointellect.lt<\/a>. Palun allkirjastage k\u00f5ik e-posti teel saadetud taotlused elektroonilise allkirjaga, et me saaksime teid n\u00f5uetekohaselt tuvastada.<\/span><\/p><p><span lang=\"LT\">\u00a0<\/span><\/p><p align=\"right\"><i><span lang=\"LT\">Viimane uuendus: 2. aprill 2025\u00a0\u00a0<\/span><\/i><\/p><\/div><\/div><\/div><\/div><\/div><\/section><\/div><\/div>\t\t\t\t\t\t\t\t<\/div>\n\t\t\t\t<\/div>\n\t\t\t\t\t<\/div>\n\t\t\t\t<\/div>\n\t\t\t\t<\/div>","protected":false},"excerpt":{"rendered":"<p>Naudojimosi s\u0105lygos Naudodami www.mointellect.com, www.mointellect.lt ar kitais platformos produktais bei paslaugomis J\u016bs ir J\u016bs\u0173 atstovaujamas subjektas sutinka su \u0161iomis s\u0105lygomis, naudojimosi taisykl\u0117mis [&hellip;]<\/p>\n","protected":false},"author":1,"featured_media":0,"parent":0,"menu_order":0,"comment_status":"closed","ping_status":"closed","template":"","meta":{"footnotes":""},"class_list":["post-1614","page","type-page","status-publish","hentry"],"_links":{"self":[{"href":"https:\/\/mointellect.com\/ee\/wp-json\/wp\/v2\/pages\/1614","targetHints":{"allow":["GET"]}}],"collection":[{"href":"https:\/\/mointellect.com\/ee\/wp-json\/wp\/v2\/pages"}],"about":[{"href":"https:\/\/mointellect.com\/ee\/wp-json\/wp\/v2\/types\/page"}],"author":[{"embeddable":true,"href":"https:\/\/mointellect.com\/ee\/wp-json\/wp\/v2\/users\/1"}],"replies":[{"embeddable":true,"href":"https:\/\/mointellect.com\/ee\/wp-json\/wp\/v2\/comments?post=1614"}],"version-history":[{"count":0,"href":"https:\/\/mointellect.com\/ee\/wp-json\/wp\/v2\/pages\/1614\/revisions"}],"wp:attachment":[{"href":"https:\/\/mointellect.com\/ee\/wp-json\/wp\/v2\/media?parent=1614"}],"curies":[{"name":"wp","href":"https:\/\/api.w.org\/{rel}","templated":true}]}}