{"id":1475,"date":"2025-03-13T16:15:32","date_gmt":"2025-03-13T14:15:32","guid":{"rendered":"https:\/\/mointellect.com\/?page_id=1475"},"modified":"2026-02-18T17:00:36","modified_gmt":"2026-02-18T15:00:36","slug":"kontakt","status":"publish","type":"page","link":"https:\/\/mointellect.com\/ee\/kontaktai\/","title":{"rendered":"Kontakt"},"content":{"rendered":"\t\t<div data-elementor-type=\"wp-page\" data-elementor-id=\"1475\" class=\"elementor elementor-1475\" data-elementor-settings=\"{&quot;element_pack_global_tooltip_width&quot;:{&quot;unit&quot;:&quot;px&quot;,&quot;size&quot;:&quot;&quot;,&quot;sizes&quot;:[]},&quot;element_pack_global_tooltip_width_tablet&quot;:{&quot;unit&quot;:&quot;px&quot;,&quot;size&quot;:&quot;&quot;,&quot;sizes&quot;:[]},&quot;element_pack_global_tooltip_width_mobile&quot;:{&quot;unit&quot;:&quot;px&quot;,&quot;size&quot;:&quot;&quot;,&quot;sizes&quot;:[]},&quot;element_pack_global_tooltip_padding&quot;:{&quot;unit&quot;:&quot;px&quot;,&quot;top&quot;:&quot;&quot;,&quot;right&quot;:&quot;&quot;,&quot;bottom&quot;:&quot;&quot;,&quot;left&quot;:&quot;&quot;,&quot;isLinked&quot;:true},&quot;element_pack_global_tooltip_padding_tablet&quot;:{&quot;unit&quot;:&quot;px&quot;,&quot;top&quot;:&quot;&quot;,&quot;right&quot;:&quot;&quot;,&quot;bottom&quot;:&quot;&quot;,&quot;left&quot;:&quot;&quot;,&quot;isLinked&quot;:true},&quot;element_pack_global_tooltip_padding_mobile&quot;:{&quot;unit&quot;:&quot;px&quot;,&quot;top&quot;:&quot;&quot;,&quot;right&quot;:&quot;&quot;,&quot;bottom&quot;:&quot;&quot;,&quot;left&quot;:&quot;&quot;,&quot;isLinked&quot;:true},&quot;element_pack_global_tooltip_border_radius&quot;:{&quot;unit&quot;:&quot;px&quot;,&quot;top&quot;:&quot;&quot;,&quot;right&quot;:&quot;&quot;,&quot;bottom&quot;:&quot;&quot;,&quot;left&quot;:&quot;&quot;,&quot;isLinked&quot;:true},&quot;element_pack_global_tooltip_border_radius_tablet&quot;:{&quot;unit&quot;:&quot;px&quot;,&quot;top&quot;:&quot;&quot;,&quot;right&quot;:&quot;&quot;,&quot;bottom&quot;:&quot;&quot;,&quot;left&quot;:&quot;&quot;,&quot;isLinked&quot;:true},&quot;element_pack_global_tooltip_border_radius_mobile&quot;:{&quot;unit&quot;:&quot;px&quot;,&quot;top&quot;:&quot;&quot;,&quot;right&quot;:&quot;&quot;,&quot;bottom&quot;:&quot;&quot;,&quot;left&quot;:&quot;&quot;,&quot;isLinked&quot;:true}}\" data-elementor-post-type=\"page\">\n\t\t\t\t<div class=\"elementor-element elementor-element-d13f431 e-flex e-con-boxed e-con e-parent\" data-id=\"d13f431\" data-element_type=\"container\" data-e-type=\"container\" id=\"contact\" data-settings=\"{&quot;background_background&quot;:&quot;classic&quot;}\">\n\t\t\t\t\t<div class=\"e-con-inner\">\n\t\t<div class=\"elementor-element elementor-element-f48d78f e-con-full e-flex e-con e-child\" data-id=\"f48d78f\" data-element_type=\"container\" data-e-type=\"container\">\n\t\t\t\t<div class=\"elementor-element elementor-element-47531815 elementor-widget__width-initial animated-fast ui-e-a-animate elementor-invisible elementor-widget elementor-widget-highlighted-text\" data-id=\"47531815\" data-element_type=\"widget\" data-e-type=\"widget\" data-settings=\"{&quot;_animation&quot;:&quot;fadeInUp&quot;,&quot;_animation_delay&quot;:250}\" data-widget_type=\"highlighted-text.default\">\n\t\t\t\t\t        <h1 class=\"ui-e--highlighted-text\">\n            <span class=\"ui-e-headline-text elementor-repeater-item-a7c3c6d ui-e-headline-stroke7\">\n\t\t\t\t\t\t\t\t\t<span class=\"whitespace\"><\/span>\n                                    <span>\n                                        <span class=\"ui-e-headline-text ui-e-headline-highlighted\">Susisiekite<\/span><span class=\"uicore-svg-wrapper\"><svg xmlns=\"http:\/\/www.w3.org\/2000\/svg\" viewBox=\"0 0 500 150\" preserveAspectRatio=\"none\"><path d='M15.2 133.3H485' \/><\/svg><\/span><\/span> <span class=\"whitespace\"> <\/span><\/span>        <\/h1>\n    \t\t\t\t<\/div>\n\t\t\t\t<div class=\"elementor-element elementor-element-437461f9 elementor-widget__width-initial animated-fast elementor-invisible elementor-widget elementor-widget-text-editor\" data-id=\"437461f9\" data-element_type=\"widget\" data-e-type=\"widget\" data-settings=\"{&quot;_animation&quot;:&quot;fadeInUp&quot;,&quot;_animation_delay&quot;:500}\" data-widget_type=\"text-editor.default\">\n\t\t\t\t\t\t\t\t\t<p>Kontaktin\u0117 informacija<\/p>\t\t\t\t\t\t\t\t<\/div>\n\t\t\t\t<div class=\"elementor-element elementor-element-3c506842 animated-fast ui-e-icon-left ui-e-left elementor-align-left elementor-invisible elementor-widget elementor-widget-uicore-icon-list\" data-id=\"3c506842\" data-element_type=\"widget\" data-e-type=\"widget\" data-settings=\"{&quot;_animation&quot;:&quot;fadeInUp&quot;,&quot;_animation_delay&quot;:750}\" data-widget_type=\"uicore-icon-list.default\">\n\t\t\t\t\t        <ul>\n                            <li >\n\n                    <div class=\"ui-e-wrap\">\n                    \n                    \n                    <div class=\"ui-e-content\">\n                        <span class=\"ui-e-title\">\n                            \u012emon\u0117s pavadinimas                        <\/span>\n                        <p class=\"ui-e-text\"> Mohub, MB <\/p>\n                    <\/div>\n\n                                            <div class=\"ui-e-icon\">\n                            <svg aria-hidden=\"true\" class=\"e-font-icon-svg e-far-building\" viewBox=\"0 0 448 512\" xmlns=\"http:\/\/www.w3.org\/2000\/svg\"><path d=\"M128 148v-40c0-6.6 5.4-12 12-12h40c6.6 0 12 5.4 12 12v40c0 6.6-5.4 12-12 12h-40c-6.6 0-12-5.4-12-12zm140 12h40c6.6 0 12-5.4 12-12v-40c0-6.6-5.4-12-12-12h-40c-6.6 0-12 5.4-12 12v40c0 6.6 5.4 12 12 12zm-128 96h40c6.6 0 12-5.4 12-12v-40c0-6.6-5.4-12-12-12h-40c-6.6 0-12 5.4-12 12v40c0 6.6 5.4 12 12 12zm128 0h40c6.6 0 12-5.4 12-12v-40c0-6.6-5.4-12-12-12h-40c-6.6 0-12 5.4-12 12v40c0 6.6 5.4 12 12 12zm-76 84v-40c0-6.6-5.4-12-12-12h-40c-6.6 0-12 5.4-12 12v40c0 6.6 5.4 12 12 12h40c6.6 0 12-5.4 12-12zm76 12h40c6.6 0 12-5.4 12-12v-40c0-6.6-5.4-12-12-12h-40c-6.6 0-12 5.4-12 12v40c0 6.6 5.4 12 12 12zm180 124v36H0v-36c0-6.6 5.4-12 12-12h19.5V24c0-13.3 10.7-24 24-24h337c13.3 0 24 10.7 24 24v440H436c6.6 0 12 5.4 12 12zM79.5 463H192v-67c0-6.6 5.4-12 12-12h40c6.6 0 12 5.4 12 12v67h112.5V49L80 48l-.5 415z\"><\/path><\/svg>                        <\/div>\n                    \n                    <\/div>\n                <\/li>\n                            <li >\n\n                    <div class=\"ui-e-wrap\">\n                    \n                    \n                    <div class=\"ui-e-content\">\n                        <span class=\"ui-e-title\">\n                            El. pa\u0161tas:                        <\/span>\n                        <p class=\"ui-e-text\"> karolis@mointellect.lt <\/p>\n                    <\/div>\n\n                                            <div class=\"ui-e-icon\">\n                            <svg aria-hidden=\"true\" class=\"e-font-icon-svg e-fas-envelope\" viewBox=\"0 0 512 512\" xmlns=\"http:\/\/www.w3.org\/2000\/svg\"><path d=\"M502.3 190.8c3.9-3.1 9.7-.2 9.7 4.7V400c0 26.5-21.5 48-48 48H48c-26.5 0-48-21.5-48-48V195.6c0-5 5.7-7.8 9.7-4.7 22.4 17.4 52.1 39.5 154.1 113.6 21.1 15.4 56.7 47.8 92.2 47.6 35.7.3 72-32.8 92.3-47.6 102-74.1 131.6-96.3 154-113.7zM256 320c23.2.4 56.6-29.2 73.4-41.4 132.7-96.3 142.8-104.7 173.4-128.7 5.8-4.5 9.2-11.5 9.2-18.9v-19c0-26.5-21.5-48-48-48H48C21.5 64 0 85.5 0 112v19c0 7.4 3.4 14.3 9.2 18.9 30.6 23.9 40.7 32.4 173.4 128.7 16.8 12.2 50.2 41.8 73.4 41.4z\"><\/path><\/svg>                        <\/div>\n                    \n                    <\/div>\n                <\/li>\n                            <li >\n\n                    <div class=\"ui-e-wrap\">\n                    \n                    \n                    <div class=\"ui-e-content\">\n                        <span class=\"ui-e-title\">\n                            Tel. Nr.:                        <\/span>\n                        <p class=\"ui-e-text\"> +370 636 87 585 <\/p>\n                    <\/div>\n\n                                            <div class=\"ui-e-icon\">\n                            <svg aria-hidden=\"true\" class=\"e-font-icon-svg e-fas-phone-alt\" viewBox=\"0 0 512 512\" xmlns=\"http:\/\/www.w3.org\/2000\/svg\"><path d=\"M497.39 361.8l-112-48a24 24 0 0 0-28 6.9l-49.6 60.6A370.66 370.66 0 0 1 130.6 204.11l60.6-49.6a23.94 23.94 0 0 0 6.9-28l-48-112A24.16 24.16 0 0 0 122.6.61l-104 24A24 24 0 0 0 0 48c0 256.5 207.9 464 464 464a24 24 0 0 0 23.4-18.6l24-104a24.29 24.29 0 0 0-14.01-27.6z\"><\/path><\/svg>                        <\/div>\n                    \n                    <\/div>\n                <\/li>\n                    <\/ul>\n\t\t\t\t<\/div>\n\t\t\t\t<div class=\"elementor-element elementor-element-cb768a2 animated-fast ui-e-icon-left ui-e-left elementor-align-left elementor-invisible elementor-widget elementor-widget-uicore-icon-list\" data-id=\"cb768a2\" data-element_type=\"widget\" data-e-type=\"widget\" data-settings=\"{&quot;_animation&quot;:&quot;fadeInUp&quot;,&quot;_animation_delay&quot;:750}\" data-no-translation=\"\" data-widget_type=\"uicore-icon-list.default\">\n\t\t\t\t\t<style>.elementor-element-cb768a2{display:none !important}<\/style>\t\t\t\t<\/div>\n\t\t\t\t<\/div>\n\t\t<div class=\"elementor-element elementor-element-2efc1cfe e-con-full e-flex elementor-invisible e-con e-child\" data-id=\"2efc1cfe\" data-element_type=\"container\" data-e-type=\"container\" data-settings=\"{&quot;background_background&quot;:&quot;classic&quot;,&quot;animation&quot;:&quot;fadeInRight&quot;}\">\n\t\t\t\t<div class=\"elementor-element elementor-element-6cc6e0d3 ui-e-submit-align--left elementor-widget elementor-widget-uicore-contact-form\" data-id=\"6cc6e0d3\" data-element_type=\"widget\" data-e-type=\"widget\" data-widget_type=\"uicore-contact-form.default\">\n\t\t\t\t\t\n        <form class=\"ui-e-form\" method=\"post\" name=\"New Form\">\n\n            <input type=\"hidden\" name=\"post_id\" value=\"1475\" \/>\n            <input type=\"hidden\" name=\"widget_type\" value=\"contact-form\">\n\n            <input type=\"hidden\" name=\"required_fields_message\" value=\"Fill all required fields.\">\n\n            <div class=\"ui-e-fields-wrp\">\n\n                \n                    <div class=\"ui-e-field-type-text ui-e-field-group elementor-column ui-e-field-group-name elementor-col-50  ui-e-required\">\n                                                    <label for=\"form-field-name\" class=\"ui-e-label\">\n                                Vardas                            <\/label>\n                                                            <input size=\"1\" type=\"text\" name=\"form_fields[name]\" id=\"form-field-name\" class=\"ui-e-field  ui-e-field-textual\" placeholder=\"Vardas\" required=\"required\" aria-required=\"true\">\n                                            <\/div>\n\n                \n                    <div class=\"ui-e-field-type-text ui-e-field-group elementor-column ui-e-field-group-name elementor-col-50  ui-e-required\">\n                                                    <label for=\"form-field-name\" class=\"ui-e-label\">\n                                Pavard\u0117                            <\/label>\n                                                            <input size=\"1\" type=\"text\" name=\"form_fields[name]\" id=\"form-field-name\" class=\"ui-e-field  ui-e-field-textual\" placeholder=\"Pavard\u0117\" required=\"required\" aria-required=\"true\">\n                                            <\/div>\n\n                \n                    <div class=\"ui-e-field-type-email ui-e-field-group elementor-column ui-e-field-group-email elementor-col-100  ui-e-required\">\n                                                    <label for=\"form-field-email\" class=\"ui-e-label\">\n                                El. pa\u0161tas                            <\/label>\n                                                            <input size=\"1\" type=\"email\" name=\"form_fields[email]\" id=\"form-field-email\" class=\"ui-e-field  ui-e-field-textual\" placeholder=\"\u012era\u0161ykite savo elektronin\u012f pa\u0161t\u0105\" required=\"required\" aria-required=\"true\">\n                                            <\/div>\n\n                \n                    <div class=\"ui-e-field-type-tel ui-e-field-group elementor-column ui-e-field-group- elementor-col-100  ui-e-required\">\n                                                    <label for=\"form-field-\" class=\"ui-e-label\">\n                                Tel. numeris                            <\/label>\n                                                            <input size=\"1\" type=\"tel\" name=\"form_fields[]\" id=\"form-field-\" class=\"ui-e-field  ui-e-field-textual\" placeholder=\"\u012era\u0161ykite savo telefono numer\u012f\" required=\"required\" aria-required=\"true\">\n                                            <\/div>\n\n                \n                    <div class=\"ui-e-field-type-textarea ui-e-field-group elementor-column ui-e-field-group-message elementor-col-100  ui-e-required\">\n                                                    <label for=\"form-field-message\" class=\"ui-e-label\">\n                                \u017dinut\u0117                            <\/label>\n                            <textarea class=\"ui-e-field \" name=\"form_fields[message]\" id=\"form-field-message\" rows=\"4\" placeholder=\"Para\u0161ykite \u017einut\u0119\" required=\"required\" aria-required=\"true\"><\/textarea>                    <\/div>\n\n                \n                    <div class=\"ui-e-field-type-acceptance ui-e-field-group elementor-column ui-e-field-group-field_pqfxgst elementor-col-100\">\n                                <div class=\"ui-e-field-subgroup \">\n            <input type=\"checkbox\" name=\"form_fields[field_pqfxgst]\" id=\"form-field-field_pqfxgst\" class=\"ui-e-field  ui-e-acceptance-field\">\n            <label for=\"form-field-field_pqfxgst\"><label for=\"privacy-consent\">\n\n        Sutinku su <a href=\"https:\/\/mointellect.com\/privatumo-politika\/\" target=\"_blank\">privatumo politikos<\/a> taisykl\u0117mis.\n\n    <\/label><\/label>        <\/div>\n                        <\/div>\n\n                \n                <div class=\"ui-e-field-group elementor-column ui-e-field-type-submit elementor-col-100 e-form__buttons\">\n                    <button type=\"submit\" class=\"elementor-button\">\n                        <span >\n                                                            <span class=\"\">\n                                                                                                        <\/span>\n                                                                                        <span class=\"ui-e-text\">Si\u0173sti \u017einut\u0119<\/span>\n                                                    <\/span>\n                    <\/button>\n                <\/div>\n\n            <\/div>\n\n            <div class=\"ui-e-message \">\n                            <\/div>\n        <\/form>\n                <script>\n            window.ui_e_form_validation_messages = {\"required_fields\":\"Fill all required fields.\"};\n        <\/script>\n\t\t\t\t<\/div>\n\t\t\t\t<\/div>\n\t\t\t\t\t<\/div>\n\t\t\t\t<\/div>\n\t\t\t\t<\/div>\n\t\t","protected":false},"excerpt":{"rendered":"<p>Susisiekite Kontaktin\u0117 informacija \u012emon\u0117s pavadinimas Mohub, MB El. pa\u0161tas: karolis@mointellect.lt Tel. Nr.: +370 636 87 585 Vardas Pavard\u0117 El. pa\u0161tas Tel. numeris [&hellip;]<\/p>\n","protected":false},"author":1,"featured_media":0,"parent":0,"menu_order":0,"comment_status":"closed","ping_status":"closed","template":"","meta":{"footnotes":""},"class_list":["post-1475","page","type-page","status-publish","hentry"],"_links":{"self":[{"href":"https:\/\/mointellect.com\/ee\/wp-json\/wp\/v2\/pages\/1475","targetHints":{"allow":["GET"]}}],"collection":[{"href":"https:\/\/mointellect.com\/ee\/wp-json\/wp\/v2\/pages"}],"about":[{"href":"https:\/\/mointellect.com\/ee\/wp-json\/wp\/v2\/types\/page"}],"author":[{"embeddable":true,"href":"https:\/\/mointellect.com\/ee\/wp-json\/wp\/v2\/users\/1"}],"replies":[{"embeddable":true,"href":"https:\/\/mointellect.com\/ee\/wp-json\/wp\/v2\/comments?post=1475"}],"version-history":[{"count":0,"href":"https:\/\/mointellect.com\/ee\/wp-json\/wp\/v2\/pages\/1475\/revisions"}],"wp:attachment":[{"href":"https:\/\/mointellect.com\/ee\/wp-json\/wp\/v2\/media?parent=1475"}],"curies":[{"name":"wp","href":"https:\/\/api.w.org\/{rel}","templated":true}]}}